
{"id":932,"date":"2023-05-30T14:45:18","date_gmt":"2023-05-30T17:45:18","guid":{"rendered":"https:\/\/moderniza.me\/casadainformatica\/product\/placa-mae-1151-h310cm-hg4-de-8-e-9-geracao-ddr4-asrock\/"},"modified":"2025-01-31T16:54:12","modified_gmt":"2025-01-31T19:54:12","slug":"placa-mae-1151-h310cm-hg4-de-8-e-9-geracao-ddr4-asrock","status":"publish","type":"product","link":"https:\/\/moderniza.me\/casadainformatica\/product\/placa-mae-1151-h310cm-hg4-de-8-e-9-geracao-ddr4-asrock\/","title":{"rendered":"PLACA MAE 1151 H310CM-HG4 DE 8 E 9 GERA\u00c7\u00c3O DDR4 ASROCK"},"content":{"rendered":"<p>Marca: ASROCK<\/p>\n","protected":false},"excerpt":{"rendered":"<p>PLACA MAE 1151 H310CM-HG4 DE 8 E 9 GERA\u00c7\u00c3O DDR4 ASROCK<\/p>\n","protected":false},"featured_media":1057,"comment_status":"open","ping_status":"closed","template":"","meta":[],"yoast_head":"<!-- This site is optimized with the Yoast SEO plugin v15.7 - https:\/\/yoast.com\/wordpress\/plugins\/seo\/ -->\n<title>PLACA MAE 1151 H310CM-HG4 DE 8 E 9 GERA\u00c7\u00c3O DDR4 ASROCK - Casa da Inform\u00e1tica<\/title>\n<meta name=\"robots\" content=\"index, follow, max-snippet:-1, max-image-preview:large, max-video-preview:-1\" \/>\n<link rel=\"canonical\" href=\"https:\/\/moderniza.me\/casadainformatica\/product\/placa-mae-1151-h310cm-hg4-de-8-e-9-geracao-ddr4-asrock\/\" \/>\n<meta property=\"og:locale\" content=\"pt_BR\" \/>\n<meta property=\"og:type\" content=\"article\" \/>\n<meta property=\"og:title\" content=\"PLACA MAE 1151 H310CM-HG4 DE 8 E 9 GERA\u00c7\u00c3O DDR4 ASROCK - Casa da Inform\u00e1tica\" \/>\n<meta property=\"og:description\" content=\"PLACA MAE 1151 H310CM-HG4 DE 8 E 9 GERA\u00c7\u00c3O DDR4 ASROCK\" \/>\n<meta property=\"og:url\" content=\"https:\/\/moderniza.me\/casadainformatica\/product\/placa-mae-1151-h310cm-hg4-de-8-e-9-geracao-ddr4-asrock\/\" \/>\n<meta property=\"og:site_name\" content=\"Casa da Inform\u00e1tica\" \/>\n<meta property=\"article:modified_time\" content=\"2025-01-31T19:54:12+00:00\" \/>\n<meta name=\"twitter:card\" content=\"summary_large_image\" \/>\n<script type=\"application\/ld+json\" class=\"yoast-schema-graph\">{\"@context\":\"https:\/\/schema.org\",\"@graph\":[{\"@type\":\"WebSite\",\"@id\":\"https:\/\/moderniza.me\/casadainformatica\/#website\",\"url\":\"https:\/\/moderniza.me\/casadainformatica\/\",\"name\":\"Casa da Inform\\u00e1tica\",\"description\":\"Compre Online de Lojas Locais\",\"potentialAction\":[{\"@type\":\"SearchAction\",\"target\":\"https:\/\/moderniza.me\/casadainformatica\/?s={search_term_string}\",\"query-input\":\"required name=search_term_string\"}],\"inLanguage\":\"pt-BR\"},{\"@type\":\"ImageObject\",\"@id\":\"https:\/\/moderniza.me\/casadainformatica\/product\/placa-mae-1151-h310cm-hg4-de-8-e-9-geracao-ddr4-asrock\/#primaryimage\",\"inLanguage\":\"pt-BR\",\"url\":\"https:\/\/moderniza.me\/casadainformatica\/wp-content\/uploads\/sites\/112\/2023\/06\/1148_0.png\",\"width\":600,\"height\":500},{\"@type\":\"WebPage\",\"@id\":\"https:\/\/moderniza.me\/casadainformatica\/product\/placa-mae-1151-h310cm-hg4-de-8-e-9-geracao-ddr4-asrock\/#webpage\",\"url\":\"https:\/\/moderniza.me\/casadainformatica\/product\/placa-mae-1151-h310cm-hg4-de-8-e-9-geracao-ddr4-asrock\/\",\"name\":\"PLACA MAE 1151 H310CM-HG4 DE 8 E 9 GERA\\u00c7\\u00c3O DDR4 ASROCK - Casa da Inform\\u00e1tica\",\"isPartOf\":{\"@id\":\"https:\/\/moderniza.me\/casadainformatica\/#website\"},\"primaryImageOfPage\":{\"@id\":\"https:\/\/moderniza.me\/casadainformatica\/product\/placa-mae-1151-h310cm-hg4-de-8-e-9-geracao-ddr4-asrock\/#primaryimage\"},\"datePublished\":\"2023-05-30T17:45:18+00:00\",\"dateModified\":\"2025-01-31T19:54:12+00:00\",\"inLanguage\":\"pt-BR\",\"potentialAction\":[{\"@type\":\"ReadAction\",\"target\":[\"https:\/\/moderniza.me\/casadainformatica\/product\/placa-mae-1151-h310cm-hg4-de-8-e-9-geracao-ddr4-asrock\/\"]}]}]}<\/script>\n<!-- \/ Yoast SEO plugin. -->","_links":{"self":[{"href":"https:\/\/moderniza.me\/casadainformatica\/wp-json\/wp\/v2\/product\/932"}],"collection":[{"href":"https:\/\/moderniza.me\/casadainformatica\/wp-json\/wp\/v2\/product"}],"about":[{"href":"https:\/\/moderniza.me\/casadainformatica\/wp-json\/wp\/v2\/types\/product"}],"replies":[{"embeddable":true,"href":"https:\/\/moderniza.me\/casadainformatica\/wp-json\/wp\/v2\/comments?post=932"}],"version-history":[{"count":1,"href":"https:\/\/moderniza.me\/casadainformatica\/wp-json\/wp\/v2\/product\/932\/revisions"}],"predecessor-version":[{"id":1060,"href":"https:\/\/moderniza.me\/casadainformatica\/wp-json\/wp\/v2\/product\/932\/revisions\/1060"}],"wp:featuredmedia":[{"embeddable":true,"href":"https:\/\/moderniza.me\/casadainformatica\/wp-json\/wp\/v2\/media\/1057"}],"wp:attachment":[{"href":"https:\/\/moderniza.me\/casadainformatica\/wp-json\/wp\/v2\/media?parent=932"}],"curies":[{"name":"wp","href":"https:\/\/api.w.org\/{rel}","templated":true}]}}