
{"id":930,"date":"2023-05-30T14:45:16","date_gmt":"2023-05-30T17:45:16","guid":{"rendered":"https:\/\/moderniza.me\/casadainformatica\/product\/placa-mae-1155-h61-ddr3-ght\/"},"modified":"2025-01-31T16:54:10","modified_gmt":"2025-01-31T19:54:10","slug":"placa-mae-1155-h61-ddr3-ght","status":"publish","type":"product","link":"https:\/\/moderniza.me\/casadainformatica\/product\/placa-mae-1155-h61-ddr3-ght\/","title":{"rendered":"PLACA MAE 1155 H61 DDR3 &#8211; GHT"},"content":{"rendered":"<p>Marca: INTEL<br \/>\n Placa M\u00e3e H61 GHT YG-H61-S Lga 1155 DDR3 Usb 2.0 Vga Hdmi<br \/>\nModelo: YG-H61-S<br \/>\nFabricante: GHT Processador<br \/>\nIntel\u00ae Ivy Bridge\/Sandy Bridge Suporta os processadores Intel\u00ae da 2a e 3a gera\u00e7\u00e3o da fam\u00edlia Core, Pentium, Celeron com soquetes LGA1155<br \/>\nDMI 5.0GT\/s<br \/>\nVRD 12.0<br \/>\nCapacitor s\u00f3lido para CPU side Chipset<br \/>\nIntel\u00ae H61 Express Chipset Gr\u00e1ficos<br \/>\nSuporta\u00ae HD Graphics 2000\/3000(Intel 2nd gen CPU) &amp; 2500\/4000(Intel 3rd gen CPU)<br \/>\nSuportatX\u00ae 11<br \/>\nSuporta\u00ae HD Graphics, InTru? 3D, Quick Sync Video, Clear Video HD Technology, Insider Mem\u00f3ria<br \/>\nArquitetura Dual-channel DDR3<br \/>\nSuporta DDR3 1600*\/1333\/1066 non-ECC, Un-buffered SDRAM<br \/>\n2 X Soquetes DDR3 DIMM de 240 pinos<br \/>\nSuporta at\u00e9 16GB<br \/>\n* Devido a limita\u00e7\u00f5es do sistema operacional, o tamanho atual da mem\u00f3ria pode ser menor que 4GB para uso nos sistemas Windows\u00ae 32-bit. Para Windows\u00ae 64-bit OS with 64-bit CPU, n\u00e3o h\u00e1 essa limita\u00e7\u00e3o.<br \/>\n* Requerido o Intel\u00ae Ivy Bridge CPU Slots de expans\u00e3o<br \/>\n1 X PCI Express X16 Gen 3.0 slot(s)<br \/>\n1 X PCI Express X 1 Gen 2.0slot(s) Armazenamento<br \/>\nSuportado pelo chipset H61 Express<br \/>\n2 X Serial ATAII 3Gb\/s<br \/>\n2 X Serial ATAII 6Gb\/s \u00c1udio<br \/>\nRealtek ALC662<br \/>\nRealtek ALC662 6-channel High Definition audio CODEC<br \/>\nAtende aos requisitos de desempenho para os PCs premium e m\u00f3veis do Microsoft WLP 3.08 Vista<br \/>\nDAC de seis canais suporta formato PCM de 16\/20\/24 bits para solu\u00e7\u00e3o de \u00e1udio de 5.1 canais<br \/>\nEmula\u00e7\u00e3o de 26 ambientes de som para melhorar a experi\u00eancia de jogo<br \/>\nCancelamento de voz e mudan\u00e7a de chave no modo Karaoke<br \/>\nCompat\u00edvel com Direct Sound 3D?, A3D?, I3DL2 LAN<br \/>\nRealtek 8111E Gigabit Fast Ethernet Controller<br \/>\n(8105E 10\/100\/1000Mbps Fast Ethernet Controller optional)<br \/>\nWake-On-LAN USB<br \/>\nSuportado pelo chipset H61 Express<br \/>\n8 X Portas USB2.0 at\u00e9 480 Mb\/s Sa\u00eddas do painel traseiro 1 X Audio port (Line Out\/Line In\/Mic In)<br \/>\n1 X RJ-45 port<br \/>\n1 X HDMI port(s) (optional)<br \/>\n1 X D-Sub (VGA) port(s)<br \/>\n6 X USB 2.0 port(s)<br \/>\nConectores<br \/>\n1 X Conector de energia de 24 pinois ATX<br \/>\n1 X Conector de energia de 12 pinos<br \/>\n1 X Conector de 4 pinos para cooler da CPU<br \/>\n1 X Conector de 3 pinos para cooler de sistema<br \/>\n1 X Sa\u00edda de \u00e1udio no painel frontal (90 graus)<br \/>\n2 X USB 2.0 Suporta 4 portas USB adicionais<br \/>\n4 X Conectores SATA II 3Gb\/s<br \/>\n1 X CLR_CMOS header<br \/>\n1 X Porta serial (COM)<br \/>\n1 X ME_UNLOCK header BIOS do sistema<br \/>\nAMI BIOS with 32 MB SPI Flash ROM<br \/>\nSuporta M.I.B III Utility<br \/>\nACPI &amp; DMI<br \/>\nF7 hot key para op\u00e7\u00f5es de boot<br \/>\nOver-Clocking<br \/>\nDual Display<br \/>\nPlug and Play, STR (S3) \/ STD (S4) , Hardware monitor, Multi Boot<br \/>\nBIOS multilinguagem<\/p>\n","protected":false},"excerpt":{"rendered":"<p>PLACA MAE 1155 H61 DDR3 &#8211; GHT<\/p>\n","protected":false},"featured_media":949,"comment_status":"open","ping_status":"closed","template":"","meta":[],"yoast_head":"<!-- This site is optimized with the Yoast SEO plugin v15.7 - https:\/\/yoast.com\/wordpress\/plugins\/seo\/ -->\n<title>PLACA MAE 1155 H61 DDR3 - GHT - Casa da Inform\u00e1tica<\/title>\n<meta name=\"robots\" content=\"index, follow, max-snippet:-1, max-image-preview:large, max-video-preview:-1\" \/>\n<link rel=\"canonical\" href=\"https:\/\/moderniza.me\/casadainformatica\/product\/placa-mae-1155-h61-ddr3-ght\/\" \/>\n<meta property=\"og:locale\" content=\"pt_BR\" \/>\n<meta property=\"og:type\" content=\"article\" \/>\n<meta property=\"og:title\" content=\"PLACA MAE 1155 H61 DDR3 - GHT - Casa da Inform\u00e1tica\" \/>\n<meta property=\"og:description\" content=\"PLACA MAE 1155 H61 DDR3 - GHT\" \/>\n<meta property=\"og:url\" content=\"https:\/\/moderniza.me\/casadainformatica\/product\/placa-mae-1155-h61-ddr3-ght\/\" \/>\n<meta property=\"og:site_name\" content=\"Casa da Inform\u00e1tica\" \/>\n<meta property=\"article:modified_time\" content=\"2025-01-31T19:54:10+00:00\" \/>\n<meta property=\"og:image\" content=\"https:\/\/moderniza.me\/casadainformatica\/wp-content\/uploads\/sites\/112\/2023\/06\/1001_0.png\" \/>\n\t<meta property=\"og:image:width\" content=\"514\" \/>\n\t<meta property=\"og:image:height\" content=\"513\" \/>\n<meta name=\"twitter:card\" content=\"summary_large_image\" \/>\n<meta name=\"twitter:label1\" content=\"Est. reading time\">\n\t<meta name=\"twitter:data1\" content=\"2 minutos\">\n<script type=\"application\/ld+json\" class=\"yoast-schema-graph\">{\"@context\":\"https:\/\/schema.org\",\"@graph\":[{\"@type\":\"WebSite\",\"@id\":\"https:\/\/moderniza.me\/casadainformatica\/#website\",\"url\":\"https:\/\/moderniza.me\/casadainformatica\/\",\"name\":\"Casa da Inform\\u00e1tica\",\"description\":\"Compre Online de Lojas Locais\",\"potentialAction\":[{\"@type\":\"SearchAction\",\"target\":\"https:\/\/moderniza.me\/casadainformatica\/?s={search_term_string}\",\"query-input\":\"required name=search_term_string\"}],\"inLanguage\":\"pt-BR\"},{\"@type\":\"ImageObject\",\"@id\":\"https:\/\/moderniza.me\/casadainformatica\/product\/placa-mae-1155-h61-ddr3-ght\/#primaryimage\",\"inLanguage\":\"pt-BR\",\"url\":\"https:\/\/moderniza.me\/casadainformatica\/wp-content\/uploads\/sites\/112\/2023\/06\/1001_0.png\",\"width\":514,\"height\":513},{\"@type\":\"WebPage\",\"@id\":\"https:\/\/moderniza.me\/casadainformatica\/product\/placa-mae-1155-h61-ddr3-ght\/#webpage\",\"url\":\"https:\/\/moderniza.me\/casadainformatica\/product\/placa-mae-1155-h61-ddr3-ght\/\",\"name\":\"PLACA MAE 1155 H61 DDR3 - GHT - Casa da Inform\\u00e1tica\",\"isPartOf\":{\"@id\":\"https:\/\/moderniza.me\/casadainformatica\/#website\"},\"primaryImageOfPage\":{\"@id\":\"https:\/\/moderniza.me\/casadainformatica\/product\/placa-mae-1155-h61-ddr3-ght\/#primaryimage\"},\"datePublished\":\"2023-05-30T17:45:16+00:00\",\"dateModified\":\"2025-01-31T19:54:10+00:00\",\"inLanguage\":\"pt-BR\",\"potentialAction\":[{\"@type\":\"ReadAction\",\"target\":[\"https:\/\/moderniza.me\/casadainformatica\/product\/placa-mae-1155-h61-ddr3-ght\/\"]}]}]}<\/script>\n<!-- \/ Yoast SEO plugin. -->","_links":{"self":[{"href":"https:\/\/moderniza.me\/casadainformatica\/wp-json\/wp\/v2\/product\/930"}],"collection":[{"href":"https:\/\/moderniza.me\/casadainformatica\/wp-json\/wp\/v2\/product"}],"about":[{"href":"https:\/\/moderniza.me\/casadainformatica\/wp-json\/wp\/v2\/types\/product"}],"replies":[{"embeddable":true,"href":"https:\/\/moderniza.me\/casadainformatica\/wp-json\/wp\/v2\/comments?post=930"}],"version-history":[{"count":1,"href":"https:\/\/moderniza.me\/casadainformatica\/wp-json\/wp\/v2\/product\/930\/revisions"}],"predecessor-version":[{"id":1192,"href":"https:\/\/moderniza.me\/casadainformatica\/wp-json\/wp\/v2\/product\/930\/revisions\/1192"}],"wp:featuredmedia":[{"embeddable":true,"href":"https:\/\/moderniza.me\/casadainformatica\/wp-json\/wp\/v2\/media\/949"}],"wp:attachment":[{"href":"https:\/\/moderniza.me\/casadainformatica\/wp-json\/wp\/v2\/media?parent=930"}],"curies":[{"name":"wp","href":"https:\/\/api.w.org\/{rel}","templated":true}]}}