
{"id":929,"date":"2023-05-30T14:45:15","date_gmt":"2023-05-30T17:45:15","guid":{"rendered":"https:\/\/moderniza.me\/casadainformatica\/product\/placa-mae-am4-b450m-steel-legend-ddr4-asrock\/"},"modified":"2025-02-20T12:06:05","modified_gmt":"2025-02-20T15:06:05","slug":"placa-mae-am4-b450m-steel-legend-ddr4-asrock","status":"publish","type":"product","link":"https:\/\/moderniza.me\/casadainformatica\/product\/placa-mae-am4-b450m-steel-legend-ddr4-asrock\/","title":{"rendered":"PLACA MAE AM4 B450M STEEL LEGEND DDR4 ASROCK"},"content":{"rendered":"<p>Marca: AMD<br \/>\n B450M Steel Legend<br \/>\nSuporta Soquete AMD AM4 Ryzen\u2122 2000, 3000, 4000 G-Series, 5000 e 5000 G-Series Desktop Processors<br \/>\nSuporta DDR4 3533+ (OC)<br \/>\n1 PCIe 3.0 x16, 1 PCIe 2.0 x16, 1 PCIe 2.0 x1<br \/>\nAMD Quad CrossFireX\u2122<br \/>\nOp\u00e7\u00f5es de Sa\u00edda de V\u00eddeo: DisplayPort, HDMI<br \/>\n\u00c1udio HD 7.1 Canais (Realtek ALC892\/897 Audio Codec)<br \/>\n4 SATA3, 1 Ultra M.2 (PCIe Gen3 x4), 1 M.2 (SATA3)<br \/>\n2 USB 3.2 Gen2 (Traseira Tipo-A+C)<br \/>\n6 USB 3.2 Gen1 (2 frontais, 4 traseiras)<br \/>\nRede Gigabit Realtek<\/p>\n","protected":false},"excerpt":{"rendered":"<p>PLACA MAE AM4 B450M STEEL LEGEND DDR4 ASROCK<\/p>\n","protected":false},"featured_media":948,"comment_status":"open","ping_status":"closed","template":"","meta":[],"yoast_head":"<!-- This site is optimized with the Yoast SEO plugin v15.7 - https:\/\/yoast.com\/wordpress\/plugins\/seo\/ -->\n<title>PLACA MAE AM4 B450M STEEL LEGEND DDR4 ASROCK - Casa da Inform\u00e1tica<\/title>\n<meta name=\"robots\" content=\"index, follow, max-snippet:-1, max-image-preview:large, max-video-preview:-1\" \/>\n<link rel=\"canonical\" href=\"https:\/\/moderniza.me\/casadainformatica\/product\/placa-mae-am4-b450m-steel-legend-ddr4-asrock\/\" \/>\n<meta property=\"og:locale\" content=\"pt_BR\" \/>\n<meta property=\"og:type\" content=\"article\" \/>\n<meta property=\"og:title\" content=\"PLACA MAE AM4 B450M STEEL LEGEND DDR4 ASROCK - Casa da Inform\u00e1tica\" \/>\n<meta property=\"og:description\" content=\"PLACA MAE AM4 B450M STEEL LEGEND DDR4 ASROCK\" \/>\n<meta property=\"og:url\" content=\"https:\/\/moderniza.me\/casadainformatica\/product\/placa-mae-am4-b450m-steel-legend-ddr4-asrock\/\" \/>\n<meta property=\"og:site_name\" content=\"Casa da Inform\u00e1tica\" \/>\n<meta property=\"article:modified_time\" content=\"2025-02-20T15:06:05+00:00\" \/>\n<meta name=\"twitter:card\" content=\"summary_large_image\" \/>\n<script type=\"application\/ld+json\" class=\"yoast-schema-graph\">{\"@context\":\"https:\/\/schema.org\",\"@graph\":[{\"@type\":\"WebSite\",\"@id\":\"https:\/\/moderniza.me\/casadainformatica\/#website\",\"url\":\"https:\/\/moderniza.me\/casadainformatica\/\",\"name\":\"Casa da Inform\\u00e1tica\",\"description\":\"Compre Online de Lojas Locais\",\"potentialAction\":[{\"@type\":\"SearchAction\",\"target\":\"https:\/\/moderniza.me\/casadainformatica\/?s={search_term_string}\",\"query-input\":\"required name=search_term_string\"}],\"inLanguage\":\"pt-BR\"},{\"@type\":\"ImageObject\",\"@id\":\"https:\/\/moderniza.me\/casadainformatica\/product\/placa-mae-am4-b450m-steel-legend-ddr4-asrock\/#primaryimage\",\"inLanguage\":\"pt-BR\",\"url\":\"https:\/\/moderniza.me\/casadainformatica\/wp-content\/uploads\/sites\/112\/2023\/06\/1474_1.png\",\"width\":614,\"height\":511},{\"@type\":\"WebPage\",\"@id\":\"https:\/\/moderniza.me\/casadainformatica\/product\/placa-mae-am4-b450m-steel-legend-ddr4-asrock\/#webpage\",\"url\":\"https:\/\/moderniza.me\/casadainformatica\/product\/placa-mae-am4-b450m-steel-legend-ddr4-asrock\/\",\"name\":\"PLACA MAE AM4 B450M STEEL LEGEND DDR4 ASROCK - Casa da Inform\\u00e1tica\",\"isPartOf\":{\"@id\":\"https:\/\/moderniza.me\/casadainformatica\/#website\"},\"primaryImageOfPage\":{\"@id\":\"https:\/\/moderniza.me\/casadainformatica\/product\/placa-mae-am4-b450m-steel-legend-ddr4-asrock\/#primaryimage\"},\"datePublished\":\"2023-05-30T17:45:15+00:00\",\"dateModified\":\"2025-02-20T15:06:05+00:00\",\"inLanguage\":\"pt-BR\",\"potentialAction\":[{\"@type\":\"ReadAction\",\"target\":[\"https:\/\/moderniza.me\/casadainformatica\/product\/placa-mae-am4-b450m-steel-legend-ddr4-asrock\/\"]}]}]}<\/script>\n<!-- \/ Yoast SEO plugin. -->","_links":{"self":[{"href":"https:\/\/moderniza.me\/casadainformatica\/wp-json\/wp\/v2\/product\/929"}],"collection":[{"href":"https:\/\/moderniza.me\/casadainformatica\/wp-json\/wp\/v2\/product"}],"about":[{"href":"https:\/\/moderniza.me\/casadainformatica\/wp-json\/wp\/v2\/types\/product"}],"replies":[{"embeddable":true,"href":"https:\/\/moderniza.me\/casadainformatica\/wp-json\/wp\/v2\/comments?post=929"}],"version-history":[{"count":0,"href":"https:\/\/moderniza.me\/casadainformatica\/wp-json\/wp\/v2\/product\/929\/revisions"}],"wp:featuredmedia":[{"embeddable":true,"href":"https:\/\/moderniza.me\/casadainformatica\/wp-json\/wp\/v2\/media\/948"}],"wp:attachment":[{"href":"https:\/\/moderniza.me\/casadainformatica\/wp-json\/wp\/v2\/media?parent=929"}],"curies":[{"name":"wp","href":"https:\/\/api.w.org\/{rel}","templated":true}]}}