
{"id":928,"date":"2023-05-30T14:45:11","date_gmt":"2023-05-30T17:45:11","guid":{"rendered":"https:\/\/moderniza.me\/casadainformatica\/product\/placa-mae-1151-h110-dh110mxv-r3va-ddr3-daten-oem\/"},"modified":"2025-01-31T16:54:09","modified_gmt":"2025-01-31T19:54:09","slug":"placa-mae-1151-h110-dh110mxv-r3va-ddr3-daten-oem","status":"publish","type":"product","link":"https:\/\/moderniza.me\/casadainformatica\/product\/placa-mae-1151-h110-dh110mxv-r3va-ddr3-daten-oem\/","title":{"rendered":"PLACA MAE 1151 H110 DH110MXV R3VA DDR3 DATEN OEM"},"content":{"rendered":"<p>Marca: DATEN<br \/>\nCaracter\u00edsticas:<br \/>\n&#8211; Marca: DATEN<br \/>\n&#8211; Modelo: DH110MXV R3VA<\/p>\n<p>Especifica\u00e7\u00f5es:<br \/>\n&#8211; Processador<br \/>\nSoquete LGA 1151<br \/>\nPlataforma Intel<br \/>\nProcessador(es) suportado(s) Suporta 6\u00aa e 7\u00aa Gera\u00e7\u00e3o de processadores Intel\u00ae Core i7 \/ Intel\u00ae Core i5 \/ Intel\u00ae Core i3 \/ Intel\u00ae Pentium\u00ae \/ Intel\u00ae Celeron\u00ae no pacote LGA1151<br \/>\n&#8211; Chipset<br \/>\nChipset Intel H110<br \/>\n&#8211; Mem\u00f3ria<br \/>\nBancos de Memoria 2 x 240-pinos DIMM DDR3<br \/>\nFrequencia de Memoria<br \/>\nDDR3 1600 MHz<br \/>\nDDR3 1333 MHz<br \/>\nDDR3 1066 MHz<br \/>\nDDR3 1866 (O.C.)<br \/>\nMaximo de Memoria Suportado 16GB<br \/>\nCanal Suportado Dual Channel<br \/>\n&#8211; Slots de Expans\u00e3o<br \/>\nPCI Express 3.0\/4.0 x16<br \/>\n1 x PCI Express 3.0 x16<br \/>\nPCI Express x1<br \/>\n1 x PCI Express 2.0 x1<br \/>\n&#8211; Armazenamento\/RAID SATA 6Gb\/s 4 x SATA 6Gb\/s<br \/>\n&#8211; V\u00eddeo Integrado<br \/>\nV\u00eddeo Integrado Somente por Processadores com V\u00eddeo Integrado<br \/>\nChipset de Video A especifica\u00e7\u00e3o dos gr\u00e1ficos podem variar entre os modelos de CPU.<br \/>\n&#8211; \u00c1udio Integrado<br \/>\nChipset Realtek\u00ae ALC662<br \/>\nCanais 5.1<br \/>\n&#8211; Rede Integrada<br \/>\nVelocidade 10\/100\/1000 Mbps<br \/>\nChipset Gigabit LAN Realtek\u00ae RTL8111H<br \/>\n&#8211; Painel Traseiro I\/O Portas<br \/>\nPS\/2 2 x PS\/2 (Teclado e Mouse)<br \/>\nUSB 2.0\/1.1 2 x USB 2.0<br \/>\nUSB 3.0\/3.1\/3.2 2 x USB 3.1 Gen 2 Tipo-A<br \/>\nVGA (D-Sub) 1 x D-Sub<br \/>\nHDMI 1 x HDMI<br \/>\nAudio 3 portas (Line-In, Line-Out, Mic)<br \/>\nLAN Ethernet 1 x RJ-45<br \/>\n&#8211; Energia<br \/>\nATX Power 1 conector(es) de for\u00e7a ATX de 24 pinos<br \/>\nATX+12V 1 conector(es) de for\u00e7a ATX12V de 4 pinos<br \/>\n&#8211; Especifica\u00e7\u00f5es F\u00edsicas<br \/>\nFormato Micro-ATX<br \/>\nDimens\u00f5es 19 x 17 cm<\/p>\n","protected":false},"excerpt":{"rendered":"<p>PLACA MAE 1151 H110 DH110MXV R3VA DDR3 DATEN OEM<\/p>\n","protected":false},"featured_media":945,"comment_status":"open","ping_status":"closed","template":"","meta":[],"yoast_head":"<!-- This site is optimized with the Yoast SEO plugin v15.7 - https:\/\/yoast.com\/wordpress\/plugins\/seo\/ -->\n<title>PLACA MAE 1151 H110 DH110MXV R3VA DDR3 DATEN OEM - Casa da Inform\u00e1tica<\/title>\n<meta name=\"robots\" content=\"index, follow, max-snippet:-1, max-image-preview:large, max-video-preview:-1\" \/>\n<link rel=\"canonical\" href=\"https:\/\/moderniza.me\/casadainformatica\/product\/placa-mae-1151-h110-dh110mxv-r3va-ddr3-daten-oem\/\" \/>\n<meta property=\"og:locale\" content=\"pt_BR\" \/>\n<meta property=\"og:type\" content=\"article\" \/>\n<meta property=\"og:title\" content=\"PLACA MAE 1151 H110 DH110MXV R3VA DDR3 DATEN OEM - Casa da Inform\u00e1tica\" \/>\n<meta property=\"og:description\" content=\"PLACA MAE 1151 H110 DH110MXV R3VA DDR3 DATEN OEM\" \/>\n<meta property=\"og:url\" content=\"https:\/\/moderniza.me\/casadainformatica\/product\/placa-mae-1151-h110-dh110mxv-r3va-ddr3-daten-oem\/\" \/>\n<meta property=\"og:site_name\" content=\"Casa da Inform\u00e1tica\" \/>\n<meta property=\"article:modified_time\" content=\"2025-01-31T19:54:09+00:00\" \/>\n<meta name=\"twitter:card\" content=\"summary_large_image\" \/>\n<meta name=\"twitter:label1\" content=\"Est. reading time\">\n\t<meta name=\"twitter:data1\" content=\"1 minuto\">\n<script type=\"application\/ld+json\" class=\"yoast-schema-graph\">{\"@context\":\"https:\/\/schema.org\",\"@graph\":[{\"@type\":\"WebSite\",\"@id\":\"https:\/\/moderniza.me\/casadainformatica\/#website\",\"url\":\"https:\/\/moderniza.me\/casadainformatica\/\",\"name\":\"Casa da Inform\\u00e1tica\",\"description\":\"Compre Online de Lojas Locais\",\"potentialAction\":[{\"@type\":\"SearchAction\",\"target\":\"https:\/\/moderniza.me\/casadainformatica\/?s={search_term_string}\",\"query-input\":\"required name=search_term_string\"}],\"inLanguage\":\"pt-BR\"},{\"@type\":\"ImageObject\",\"@id\":\"https:\/\/moderniza.me\/casadainformatica\/product\/placa-mae-1151-h110-dh110mxv-r3va-ddr3-daten-oem\/#primaryimage\",\"inLanguage\":\"pt-BR\",\"url\":\"https:\/\/moderniza.me\/casadainformatica\/wp-content\/uploads\/sites\/112\/2023\/06\/1000020_0.png\",\"width\":651,\"height\":649},{\"@type\":\"WebPage\",\"@id\":\"https:\/\/moderniza.me\/casadainformatica\/product\/placa-mae-1151-h110-dh110mxv-r3va-ddr3-daten-oem\/#webpage\",\"url\":\"https:\/\/moderniza.me\/casadainformatica\/product\/placa-mae-1151-h110-dh110mxv-r3va-ddr3-daten-oem\/\",\"name\":\"PLACA MAE 1151 H110 DH110MXV R3VA DDR3 DATEN OEM - Casa da Inform\\u00e1tica\",\"isPartOf\":{\"@id\":\"https:\/\/moderniza.me\/casadainformatica\/#website\"},\"primaryImageOfPage\":{\"@id\":\"https:\/\/moderniza.me\/casadainformatica\/product\/placa-mae-1151-h110-dh110mxv-r3va-ddr3-daten-oem\/#primaryimage\"},\"datePublished\":\"2023-05-30T17:45:11+00:00\",\"dateModified\":\"2025-01-31T19:54:09+00:00\",\"inLanguage\":\"pt-BR\",\"potentialAction\":[{\"@type\":\"ReadAction\",\"target\":[\"https:\/\/moderniza.me\/casadainformatica\/product\/placa-mae-1151-h110-dh110mxv-r3va-ddr3-daten-oem\/\"]}]}]}<\/script>\n<!-- \/ Yoast SEO plugin. -->","_links":{"self":[{"href":"https:\/\/moderniza.me\/casadainformatica\/wp-json\/wp\/v2\/product\/928"}],"collection":[{"href":"https:\/\/moderniza.me\/casadainformatica\/wp-json\/wp\/v2\/product"}],"about":[{"href":"https:\/\/moderniza.me\/casadainformatica\/wp-json\/wp\/v2\/types\/product"}],"replies":[{"embeddable":true,"href":"https:\/\/moderniza.me\/casadainformatica\/wp-json\/wp\/v2\/comments?post=928"}],"version-history":[{"count":0,"href":"https:\/\/moderniza.me\/casadainformatica\/wp-json\/wp\/v2\/product\/928\/revisions"}],"wp:featuredmedia":[{"embeddable":true,"href":"https:\/\/moderniza.me\/casadainformatica\/wp-json\/wp\/v2\/media\/945"}],"wp:attachment":[{"href":"https:\/\/moderniza.me\/casadainformatica\/wp-json\/wp\/v2\/media?parent=928"}],"curies":[{"name":"wp","href":"https:\/\/api.w.org\/{rel}","templated":true}]}}