
{"id":713,"date":"2023-04-28T10:04:20","date_gmt":"2023-04-28T13:04:20","guid":{"rendered":"https:\/\/moderniza.me\/casadainformatica\/product\/impressora-multifuncional-epson-ecotank-l3250\/"},"modified":"2025-01-31T16:54:07","modified_gmt":"2025-01-31T19:54:07","slug":"impressora-multifuncional-epson-ecotank-l3250","status":"publish","type":"product","link":"https:\/\/moderniza.me\/casadainformatica\/product\/impressora-multifuncional-epson-ecotank-l3250\/","title":{"rendered":"IMPRESSORA MULTIFUNCIONAL EPSON ECOTANK L3250"},"content":{"rendered":"<p>Marca: EPSON<br \/>\n Especifica\u00e7\u00f5es<br \/>\nMenor Custo de Impress\u00e3o &#8211; Imprima at\u00e9 4.500 p\u00e1ginas em preto e 7.500 p\u00e1ginas coloridas\u00b9 com cada kit de tintas de reposi\u00e7\u00e3o original.<br \/>\nConectividade Avan\u00e7ada &#8211; Impress\u00e3o wireless e Wi-Fi Direct\u00b3 integrado, imprima sem fios diretamente do seu smartphone, tablet ou PCs.<br \/>\nTecnologia Heat-Free da Epson &#8211; Evita altos custos de impress\u00e3o e desperd\u00edcio, garante qualidade \u00e0s impress\u00f5es, al\u00e9m de conferir longa vida e alta performance ao equipamento.<br \/>\nAplicativo Smart Panel &#8211; Controle sua impressora a partir de dispositivos m\u00f3veis atrav\u00e9s do novo aplicativo Smart Panel.<br \/>\nImpress\u00e3o Otimizada de Fotos &#8211; Tons de preto aprimorados para garantir melhor impress\u00e3o de textura, sombras e contraste em fotos.<br \/>\nModo Rascunho V\u00edvido &#8211; Alta velocidade de impress\u00e3o e melhor qualidade quando comparado ao modo rascunho tradicional.<br \/>\nModo Cria\u00e7\u00e3o de Tinta Preta &#8211; Combina as tintas coloridas para continuar imprimindo e economizando tinta preta.<br \/>\nTecnologia de abastecimento EcoFit &#8211; simples, sem sujeira e sem desperd\u00edcios.<br \/>\nImpress\u00e3o<br \/>\nTecnologia de impress\u00e3o: Jato de tinta Heat-Free MicroPiezo\u00ae<br \/>\nResolu\u00e7\u00e3o m\u00e1xima de impress\u00e3o: 5760 x 1440 dpi<br \/>\nVelocidade de impress\u00e3o ISO: 10 ppm em preto e 5 ppm em cores (A4\/carta)<br \/>\nVelocidade de impress\u00e3o: At\u00e9 33 ppm em preto e 15 ppm em cores (rascunho, A4\/carta)<br \/>\nC\u00f3pia<br \/>\nVelocidade de c\u00f3pia ISO: 7,7 cpm em preto e 3,8 cpm em cores (A4\/carta)<br \/>\nTamanho m\u00e1ximo da c\u00f3pia: A4\/carta &#8211; 1.200 dpi x 2.400 dp<br \/>\nScanner<br \/>\nTipo de scanner: Base plana com sensor de linhas CIS colorido<br \/>\nResolu\u00e7\u00e3o \u00f3ptica: 1.200 dpi x 2.400 dpi<br \/>\nProfundidade de bit de cor: 48 bits de entrada, 24 bits de sa\u00edda<br \/>\nProfundidade de bit monocrom\u00e1tico: 16 bits de entrada, 1 bit de salida<br \/>\nProfundidade de bit de tons de cinza: 16 bits de entrada, 8 bits de salida<br \/>\n\u00c1rea m\u00e1xima de digitaliza\u00e7\u00e3o: 216 mm x 297 mm<br \/>\nVelocidade de digitaliza\u00e7\u00e3o: 11 segundos por p\u00e1gina em preto e 28 segundos por p\u00e1gina em cores (200 dpi)<br \/>\nManuseio do Papel<br \/>\nSuporte de Papel: Foto: 10&#215;15 cm (4&#215;6 in), 16:9 wide (102&#215;181 mm), 13&#215;18 cm (5&#215;7 in)<br \/>\nTamanhos de papel:<br \/>\nPadr\u00e3o: A4, Carta, Of\u00edcio (215.9 x 355.6mm), Mexico-Oficio (215.9 x 340.4mm), Oficio 9 (214.9 x 315mm), F\u00f3lio (215.9&#215;330.2mm), Executivo, Meia carta, A6<br \/>\nFoto: 10&#215;15 cm (4&#215;6 in), 13&#215;18 cm (5&#215;7 in), 16:9 wide (102x108mm), 8&#215;10 in<br \/>\nEnvelopes: #10<br \/>\nDefinido pelo Usu\u00e1rio: 54&#215;86 to 215.9&#215;1200 mm<br \/>\nTamanho m\u00e1ximo do papel: 215.9 mm x 1.200 mm<br \/>\nTipos de papel: Comum e Pap\u00e9is Especiais EPSON<br \/>\nCapacidade de papel: Alimenta\u00e7\u00e3o traseira: hasta 100 folhas(A4\/Carta)<br \/>\nCapacidade de entrada de papel: 100 folhas de papel A4<br \/>\nCapacidade de bandeja de sa\u00edda: 30 folhas de papel A4<br \/>\nConectividade<br \/>\nConectividade padr\u00e3o: USB 2.0 de alta velocidade \/ Wireless \/ Wi-Fi Direct<br \/>\nProtocolos de impress\u00e3o em rede: TCP\/IPv4, TCP\/IPv6<br \/>\nProtocolos de gerenciamento de redes: SNMP, HTTP, DHCP, APIPA, PING, DDNS, mDNS, SLP, WSD, LLTD WEP (64bit\/128bit),WPA-PSK (TKIP), WPA2-PSK (AES),WPA3-SAE (AES)<br \/>\nSeguran\u00e7a WLAN: WEP (64-bit\/128-bit), WPA-PSK (TKIP), WPA2-PSK (AES), WPA3-SAE (AES)<br \/>\nVoltagem<br \/>\nVoltagem nominal: AC 100 &#8211; 240 V<br \/>\nFrequ\u00eancia nominal: 50 &#8211; 60 Hz<br \/>\nConsumo de energia: 12 W em opera\u00e7\u00e3o e 0,7 W em repouso<br \/>\nDimens\u00f5es e Peso<br \/>\nDimens\u00f5es:<br \/>\nAberta: 37,5 x 57,8 x 25,3 cm<br \/>\nFechada: 37,5 x 34,7 x 17,9 cm<br \/>\nCom embalagem: 43,6 x 40,8 x 24,4 cm<br \/>\nPeso:<br \/>\nSem Embalagem: 3,9 Kg<br \/>\nCom Embalagem: 5,92 Kg<br \/>\nSistemas Operacionais Comp\u00e1tiveis<br \/>\nWindows Vista\u00ae \/ 7 \/ 8 \/ 8.1 \/10 ou mais recente (32 bit, 64<br \/>\nItens inclusos<\/p>\n<p>Multifuncional Epson EcoTank L3250<br \/>\n1 kit de garrafas originais Epson T544 (Preto, Ciano, Magenta e Amarelo)<br \/>\nCabo de alimenta\u00e7\u00e3o<br \/>\nCabo USB<br \/>\nCD de instala\u00e7\u00e3o e Softwares Epson e Guia de instala\u00e7\u00e3o r\u00e1pida<br \/>\nGarantia do Produto<br \/>\nInstru\u00e7\u00e3o para cadastro de garantia estendida<\/p>\n","protected":false},"excerpt":{"rendered":"<p>IMPRESSORA MULTIFUNCIONAL EPSON ECOTANK L3250<\/p>\n","protected":false},"featured_media":1052,"comment_status":"open","ping_status":"closed","template":"","meta":[],"yoast_head":"<!-- This site is optimized with the Yoast SEO plugin v15.7 - https:\/\/yoast.com\/wordpress\/plugins\/seo\/ -->\n<title>IMPRESSORA MULTIFUNCIONAL EPSON ECOTANK L3250 - Casa da Inform\u00e1tica<\/title>\n<meta name=\"robots\" content=\"index, follow, max-snippet:-1, max-image-preview:large, max-video-preview:-1\" \/>\n<link rel=\"canonical\" href=\"https:\/\/moderniza.me\/casadainformatica\/product\/impressora-multifuncional-epson-ecotank-l3250\/\" \/>\n<meta property=\"og:locale\" content=\"pt_BR\" \/>\n<meta property=\"og:type\" content=\"article\" \/>\n<meta property=\"og:title\" content=\"IMPRESSORA MULTIFUNCIONAL EPSON ECOTANK L3250 - Casa da Inform\u00e1tica\" \/>\n<meta property=\"og:description\" content=\"IMPRESSORA MULTIFUNCIONAL EPSON ECOTANK L3250\" \/>\n<meta property=\"og:url\" content=\"https:\/\/moderniza.me\/casadainformatica\/product\/impressora-multifuncional-epson-ecotank-l3250\/\" \/>\n<meta property=\"og:site_name\" content=\"Casa da Inform\u00e1tica\" \/>\n<meta property=\"article:modified_time\" content=\"2025-01-31T19:54:07+00:00\" \/>\n<meta name=\"twitter:card\" content=\"summary_large_image\" \/>\n<meta name=\"twitter:label1\" content=\"Est. reading time\">\n\t<meta name=\"twitter:data1\" content=\"3 minutos\">\n<script type=\"application\/ld+json\" class=\"yoast-schema-graph\">{\"@context\":\"https:\/\/schema.org\",\"@graph\":[{\"@type\":\"WebSite\",\"@id\":\"https:\/\/moderniza.me\/casadainformatica\/#website\",\"url\":\"https:\/\/moderniza.me\/casadainformatica\/\",\"name\":\"Casa da Inform\\u00e1tica\",\"description\":\"Compre Online de Lojas Locais\",\"potentialAction\":[{\"@type\":\"SearchAction\",\"target\":\"https:\/\/moderniza.me\/casadainformatica\/?s={search_term_string}\",\"query-input\":\"required name=search_term_string\"}],\"inLanguage\":\"pt-BR\"},{\"@type\":\"ImageObject\",\"@id\":\"https:\/\/moderniza.me\/casadainformatica\/product\/impressora-multifuncional-epson-ecotank-l3250\/#primaryimage\",\"inLanguage\":\"pt-BR\",\"url\":\"https:\/\/moderniza.me\/casadainformatica\/wp-content\/uploads\/sites\/112\/2023\/06\/2251_3.png\",\"width\":810,\"height\":590},{\"@type\":\"WebPage\",\"@id\":\"https:\/\/moderniza.me\/casadainformatica\/product\/impressora-multifuncional-epson-ecotank-l3250\/#webpage\",\"url\":\"https:\/\/moderniza.me\/casadainformatica\/product\/impressora-multifuncional-epson-ecotank-l3250\/\",\"name\":\"IMPRESSORA MULTIFUNCIONAL EPSON ECOTANK L3250 - Casa da Inform\\u00e1tica\",\"isPartOf\":{\"@id\":\"https:\/\/moderniza.me\/casadainformatica\/#website\"},\"primaryImageOfPage\":{\"@id\":\"https:\/\/moderniza.me\/casadainformatica\/product\/impressora-multifuncional-epson-ecotank-l3250\/#primaryimage\"},\"datePublished\":\"2023-04-28T13:04:20+00:00\",\"dateModified\":\"2025-01-31T19:54:07+00:00\",\"inLanguage\":\"pt-BR\",\"potentialAction\":[{\"@type\":\"ReadAction\",\"target\":[\"https:\/\/moderniza.me\/casadainformatica\/product\/impressora-multifuncional-epson-ecotank-l3250\/\"]}]}]}<\/script>\n<!-- \/ Yoast SEO plugin. -->","_links":{"self":[{"href":"https:\/\/moderniza.me\/casadainformatica\/wp-json\/wp\/v2\/product\/713"}],"collection":[{"href":"https:\/\/moderniza.me\/casadainformatica\/wp-json\/wp\/v2\/product"}],"about":[{"href":"https:\/\/moderniza.me\/casadainformatica\/wp-json\/wp\/v2\/types\/product"}],"replies":[{"embeddable":true,"href":"https:\/\/moderniza.me\/casadainformatica\/wp-json\/wp\/v2\/comments?post=713"}],"version-history":[{"count":1,"href":"https:\/\/moderniza.me\/casadainformatica\/wp-json\/wp\/v2\/product\/713\/revisions"}],"predecessor-version":[{"id":1053,"href":"https:\/\/moderniza.me\/casadainformatica\/wp-json\/wp\/v2\/product\/713\/revisions\/1053"}],"wp:featuredmedia":[{"embeddable":true,"href":"https:\/\/moderniza.me\/casadainformatica\/wp-json\/wp\/v2\/media\/1052"}],"wp:attachment":[{"href":"https:\/\/moderniza.me\/casadainformatica\/wp-json\/wp\/v2\/media?parent=713"}],"curies":[{"name":"wp","href":"https:\/\/api.w.org\/{rel}","templated":true}]}}