
{"id":1366,"date":"2023-09-25T17:14:36","date_gmt":"2023-09-25T20:14:36","guid":{"rendered":"https:\/\/moderniza.me\/casadainformatica\/product\/headset-gamer-zeus-rgb-h510wrrgb-branco-c-rose-redragon\/"},"modified":"2025-11-21T18:25:35","modified_gmt":"2025-11-21T21:25:35","slug":"headset-gamer-zeus-rgb-h510wrrgb-branco-c-rose-redragon","status":"publish","type":"product","link":"https:\/\/moderniza.me\/casadainformatica\/product\/headset-gamer-zeus-rgb-h510wrrgb-branco-c-rose-redragon\/","title":{"rendered":"HEADSET GAMER ZEUS RGB H510WRRGB BRANCO C\/ ROSE REDRAGON"},"content":{"rendered":"<p>Marca: REDRAGON<br \/>\nSobre este item<\/p>\n<p>Controladora integrada para maior praticidade durante o uso. &#8211; Compat\u00edvel com software para ajustes e configura\u00e7\u00f5es personalizadas como equaliza\u00e7\u00e3o e controle de volume independente. Especifica\u00e7\u00f5es: Cor: Branco com Ros\u00e9 Di\u00e2metro do driver: 53mm Material das Earpads: Tecido de malha esportiva Sensibilidade: 98 \u00b1 3dB S.P.L. at 1KHz Frequ\u00eancia de resposta: 50 Hz a 20000 Hz Impedancia: 64 Ohm \u00b1 10% Ilumina\u00e7\u00e3o: RGB Redragon Chroma Mk.II Software: Sim Fun\u00e7\u00e3o de mute: Integrada no controle in line. Conex\u00e3o: 1x USB 2.0 Comprimento do cabo: 1.8m<\/p>\n<p>&#8211; Som est\u00e9reo e Surround 7.1 Virtual de alta qualidade pelos drivers de 53mm.<\/p>\n<p>&#8211; Microfone com redu\u00e7\u00e3o de ru\u00eddo de fundo para capta\u00e7\u00e3o clara e limpa.<\/p>\n<p>&#8211; Controladora integrada para maior praticidade durante o uso.<\/p>\n","protected":false},"excerpt":{"rendered":"<p>HEADSET GAMER ZEUS RGB H510WRRGB BRANCO C\/ ROSE REDRAGON<\/p>\n","protected":false},"featured_media":1363,"comment_status":"open","ping_status":"closed","template":"","meta":[],"yoast_head":"<!-- This site is optimized with the Yoast SEO plugin v15.7 - https:\/\/yoast.com\/wordpress\/plugins\/seo\/ -->\n<title>HEADSET GAMER ZEUS RGB H510WRRGB BRANCO C\/ ROSE REDRAGON - Casa da Inform\u00e1tica<\/title>\n<meta name=\"robots\" content=\"index, follow, max-snippet:-1, max-image-preview:large, max-video-preview:-1\" \/>\n<link rel=\"canonical\" href=\"https:\/\/moderniza.me\/casadainformatica\/product\/headset-gamer-zeus-rgb-h510wrrgb-branco-c-rose-redragon\/\" \/>\n<meta property=\"og:locale\" content=\"pt_BR\" \/>\n<meta property=\"og:type\" content=\"article\" \/>\n<meta property=\"og:title\" content=\"HEADSET GAMER ZEUS RGB H510WRRGB BRANCO C\/ ROSE REDRAGON - Casa da Inform\u00e1tica\" \/>\n<meta property=\"og:description\" content=\"HEADSET GAMER ZEUS RGB H510WRRGB BRANCO C\/ ROSE REDRAGON\" \/>\n<meta property=\"og:url\" content=\"https:\/\/moderniza.me\/casadainformatica\/product\/headset-gamer-zeus-rgb-h510wrrgb-branco-c-rose-redragon\/\" \/>\n<meta property=\"og:site_name\" content=\"Casa da Inform\u00e1tica\" \/>\n<meta property=\"article:modified_time\" content=\"2025-11-21T21:25:35+00:00\" \/>\n<meta name=\"twitter:card\" content=\"summary_large_image\" \/>\n<meta name=\"twitter:label1\" content=\"Est. reading time\">\n\t<meta name=\"twitter:data1\" content=\"1 minuto\">\n<script type=\"application\/ld+json\" class=\"yoast-schema-graph\">{\"@context\":\"https:\/\/schema.org\",\"@graph\":[{\"@type\":\"WebSite\",\"@id\":\"https:\/\/moderniza.me\/casadainformatica\/#website\",\"url\":\"https:\/\/moderniza.me\/casadainformatica\/\",\"name\":\"Casa da Inform\\u00e1tica\",\"description\":\"Compre Online de Lojas Locais\",\"potentialAction\":[{\"@type\":\"SearchAction\",\"target\":\"https:\/\/moderniza.me\/casadainformatica\/?s={search_term_string}\",\"query-input\":\"required name=search_term_string\"}],\"inLanguage\":\"pt-BR\"},{\"@type\":\"ImageObject\",\"@id\":\"https:\/\/moderniza.me\/casadainformatica\/product\/headset-gamer-zeus-rgb-h510wrrgb-branco-c-rose-redragon\/#primaryimage\",\"inLanguage\":\"pt-BR\",\"url\":\"https:\/\/moderniza.me\/casadainformatica\/wp-content\/uploads\/sites\/112\/2023\/09\/1000032_0.jpg\",\"width\":679,\"height\":878},{\"@type\":\"WebPage\",\"@id\":\"https:\/\/moderniza.me\/casadainformatica\/product\/headset-gamer-zeus-rgb-h510wrrgb-branco-c-rose-redragon\/#webpage\",\"url\":\"https:\/\/moderniza.me\/casadainformatica\/product\/headset-gamer-zeus-rgb-h510wrrgb-branco-c-rose-redragon\/\",\"name\":\"HEADSET GAMER ZEUS RGB H510WRRGB BRANCO C\/ ROSE REDRAGON - Casa da Inform\\u00e1tica\",\"isPartOf\":{\"@id\":\"https:\/\/moderniza.me\/casadainformatica\/#website\"},\"primaryImageOfPage\":{\"@id\":\"https:\/\/moderniza.me\/casadainformatica\/product\/headset-gamer-zeus-rgb-h510wrrgb-branco-c-rose-redragon\/#primaryimage\"},\"datePublished\":\"2023-09-25T20:14:36+00:00\",\"dateModified\":\"2025-11-21T21:25:35+00:00\",\"inLanguage\":\"pt-BR\",\"potentialAction\":[{\"@type\":\"ReadAction\",\"target\":[\"https:\/\/moderniza.me\/casadainformatica\/product\/headset-gamer-zeus-rgb-h510wrrgb-branco-c-rose-redragon\/\"]}]}]}<\/script>\n<!-- \/ Yoast SEO plugin. -->","_links":{"self":[{"href":"https:\/\/moderniza.me\/casadainformatica\/wp-json\/wp\/v2\/product\/1366"}],"collection":[{"href":"https:\/\/moderniza.me\/casadainformatica\/wp-json\/wp\/v2\/product"}],"about":[{"href":"https:\/\/moderniza.me\/casadainformatica\/wp-json\/wp\/v2\/types\/product"}],"replies":[{"embeddable":true,"href":"https:\/\/moderniza.me\/casadainformatica\/wp-json\/wp\/v2\/comments?post=1366"}],"version-history":[{"count":0,"href":"https:\/\/moderniza.me\/casadainformatica\/wp-json\/wp\/v2\/product\/1366\/revisions"}],"wp:featuredmedia":[{"embeddable":true,"href":"https:\/\/moderniza.me\/casadainformatica\/wp-json\/wp\/v2\/media\/1363"}],"wp:attachment":[{"href":"https:\/\/moderniza.me\/casadainformatica\/wp-json\/wp\/v2\/media?parent=1366"}],"curies":[{"name":"wp","href":"https:\/\/api.w.org\/{rel}","templated":true}]}}