
{"id":1359,"date":"2023-09-22T16:49:20","date_gmt":"2023-09-22T19:49:20","guid":{"rendered":"https:\/\/moderniza.me\/casadainformatica\/product\/headset-gamer-izuma-50mm-c-cabo-p2-p3-3-5mm-mic-omnidirecional-phi50-pcyes\/"},"modified":"2025-01-31T16:54:38","modified_gmt":"2025-01-31T19:54:38","slug":"headset-gamer-izuma-50mm-c-cabo-p2-p3-3-5mm-mic-omnidirecional-phi50-pcyes","status":"publish","type":"product","link":"https:\/\/moderniza.me\/casadainformatica\/product\/headset-gamer-izuma-50mm-c-cabo-p2-p3-3-5mm-mic-omnidirecional-phi50-pcyes\/","title":{"rendered":"HEADSET GAMER IZUMA 50MM C\/ CABO P2\/P3 3.5MM MIC OMNIDIRECIONAL &#8211; PHI50 PCYES"},"content":{"rendered":"<p>Marca: PCYES<br \/>\n ESPECIFICA\u00c7\u00d5ES<\/p>\n<p>Marca: Pcyes<br \/>\nModelo: Izuma<br \/>\nDriver: 50mm<br \/>\n\u00cdm\u00e3: Neod\u00edmio<br \/>\nPlugue: plugue de 3,5mm de 4 p\u00f3los<br \/>\nResposta de frequ\u00eancia: 15Hz~25KHz<br \/>\nComprimento do cabo: 2+0.2 = 2.2M<br \/>\nSensibilidadeSPL): 92dB3dB<br \/>\nImped\u00e2ncia: 20ohm15%<br \/>\nAdaptador: um plugue f\u00eamea de 3,5 mm para dois plugues macho de 3,5 mm<\/p>\n<p>MICROFONE<\/p>\n<p>Di\u00e2metro:6,0X5,0mm<br \/>\nTipo: condensador de eletreto<br \/>\nSensibilidade: -363dB<br \/>\nDiretividade: Ominidirecional<br \/>\nImped\u00e2ncia: 2,2Kohm<\/p>\n<p>MATERIAIS<\/p>\n<p>Estrutura: Alum\u00ednio.<br \/>\nArco de cabe\u00e7a: pl\u00e1stico.<br \/>\nAlmofadas de fones e arco de cabe\u00e7a: espuma viscoel\u00e1stica macia e material sint\u00e9tico INCLUSOS<\/p>\n<p>Headset<br \/>\nCabo adaptador de 3,5 mm<\/p>\n","protected":false},"excerpt":{"rendered":"<p>HEADSET GAMER IZUMA 50MM C\/ CABO P2\/P3 3.5MM MIC OMNIDIRECIONAL &#8211; PHI50 PCYES<\/p>\n","protected":false},"featured_media":1355,"comment_status":"open","ping_status":"closed","template":"","meta":[],"yoast_head":"<!-- This site is optimized with the Yoast SEO plugin v15.7 - https:\/\/yoast.com\/wordpress\/plugins\/seo\/ -->\n<title>HEADSET GAMER IZUMA 50MM C\/ CABO P2\/P3 3.5MM MIC OMNIDIRECIONAL - PHI50 PCYES - Casa da Inform\u00e1tica<\/title>\n<meta name=\"robots\" content=\"index, follow, max-snippet:-1, max-image-preview:large, max-video-preview:-1\" \/>\n<link rel=\"canonical\" href=\"https:\/\/moderniza.me\/casadainformatica\/product\/headset-gamer-izuma-50mm-c-cabo-p2-p3-3-5mm-mic-omnidirecional-phi50-pcyes\/\" \/>\n<meta property=\"og:locale\" content=\"pt_BR\" \/>\n<meta property=\"og:type\" content=\"article\" \/>\n<meta property=\"og:title\" content=\"HEADSET GAMER IZUMA 50MM C\/ CABO P2\/P3 3.5MM MIC OMNIDIRECIONAL - PHI50 PCYES - Casa da Inform\u00e1tica\" \/>\n<meta property=\"og:description\" content=\"HEADSET GAMER IZUMA 50MM C\/ CABO P2\/P3 3.5MM MIC OMNIDIRECIONAL - PHI50 PCYES\" \/>\n<meta property=\"og:url\" content=\"https:\/\/moderniza.me\/casadainformatica\/product\/headset-gamer-izuma-50mm-c-cabo-p2-p3-3-5mm-mic-omnidirecional-phi50-pcyes\/\" \/>\n<meta property=\"og:site_name\" content=\"Casa da Inform\u00e1tica\" \/>\n<meta property=\"article:modified_time\" content=\"2025-01-31T19:54:38+00:00\" \/>\n<meta name=\"twitter:card\" content=\"summary_large_image\" \/>\n<script type=\"application\/ld+json\" class=\"yoast-schema-graph\">{\"@context\":\"https:\/\/schema.org\",\"@graph\":[{\"@type\":\"WebSite\",\"@id\":\"https:\/\/moderniza.me\/casadainformatica\/#website\",\"url\":\"https:\/\/moderniza.me\/casadainformatica\/\",\"name\":\"Casa da Inform\\u00e1tica\",\"description\":\"Compre Online de Lojas Locais\",\"potentialAction\":[{\"@type\":\"SearchAction\",\"target\":\"https:\/\/moderniza.me\/casadainformatica\/?s={search_term_string}\",\"query-input\":\"required name=search_term_string\"}],\"inLanguage\":\"pt-BR\"},{\"@type\":\"ImageObject\",\"@id\":\"https:\/\/moderniza.me\/casadainformatica\/product\/headset-gamer-izuma-50mm-c-cabo-p2-p3-3-5mm-mic-omnidirecional-phi50-pcyes\/#primaryimage\",\"inLanguage\":\"pt-BR\",\"url\":\"https:\/\/moderniza.me\/casadainformatica\/wp-content\/uploads\/sites\/112\/2023\/09\/2349_0.jpg\",\"width\":894,\"height\":973},{\"@type\":\"WebPage\",\"@id\":\"https:\/\/moderniza.me\/casadainformatica\/product\/headset-gamer-izuma-50mm-c-cabo-p2-p3-3-5mm-mic-omnidirecional-phi50-pcyes\/#webpage\",\"url\":\"https:\/\/moderniza.me\/casadainformatica\/product\/headset-gamer-izuma-50mm-c-cabo-p2-p3-3-5mm-mic-omnidirecional-phi50-pcyes\/\",\"name\":\"HEADSET GAMER IZUMA 50MM C\/ CABO P2\/P3 3.5MM MIC OMNIDIRECIONAL - PHI50 PCYES - Casa da Inform\\u00e1tica\",\"isPartOf\":{\"@id\":\"https:\/\/moderniza.me\/casadainformatica\/#website\"},\"primaryImageOfPage\":{\"@id\":\"https:\/\/moderniza.me\/casadainformatica\/product\/headset-gamer-izuma-50mm-c-cabo-p2-p3-3-5mm-mic-omnidirecional-phi50-pcyes\/#primaryimage\"},\"datePublished\":\"2023-09-22T19:49:20+00:00\",\"dateModified\":\"2025-01-31T19:54:38+00:00\",\"inLanguage\":\"pt-BR\",\"potentialAction\":[{\"@type\":\"ReadAction\",\"target\":[\"https:\/\/moderniza.me\/casadainformatica\/product\/headset-gamer-izuma-50mm-c-cabo-p2-p3-3-5mm-mic-omnidirecional-phi50-pcyes\/\"]}]}]}<\/script>\n<!-- \/ Yoast SEO plugin. -->","_links":{"self":[{"href":"https:\/\/moderniza.me\/casadainformatica\/wp-json\/wp\/v2\/product\/1359"}],"collection":[{"href":"https:\/\/moderniza.me\/casadainformatica\/wp-json\/wp\/v2\/product"}],"about":[{"href":"https:\/\/moderniza.me\/casadainformatica\/wp-json\/wp\/v2\/types\/product"}],"replies":[{"embeddable":true,"href":"https:\/\/moderniza.me\/casadainformatica\/wp-json\/wp\/v2\/comments?post=1359"}],"version-history":[{"count":0,"href":"https:\/\/moderniza.me\/casadainformatica\/wp-json\/wp\/v2\/product\/1359\/revisions"}],"wp:featuredmedia":[{"embeddable":true,"href":"https:\/\/moderniza.me\/casadainformatica\/wp-json\/wp\/v2\/media\/1355"}],"wp:attachment":[{"href":"https:\/\/moderniza.me\/casadainformatica\/wp-json\/wp\/v2\/media?parent=1359"}],"curies":[{"name":"wp","href":"https:\/\/api.w.org\/{rel}","templated":true}]}}