
{"id":1337,"date":"2023-08-28T16:27:52","date_gmt":"2023-08-28T19:27:52","guid":{"rendered":"https:\/\/moderniza.me\/casadainformatica\/product\/notebook-dell-latitude-e5430-14-i5-3230m-4gb-ssd-240gb-com-carregador\/"},"modified":"2025-01-31T16:54:36","modified_gmt":"2025-01-31T19:54:36","slug":"notebook-dell-latitude-e5430-14-i5-3230m-4gb-ssd-240gb-com-carregador","status":"publish","type":"product","link":"https:\/\/moderniza.me\/casadainformatica\/product\/notebook-dell-latitude-e5430-14-i5-3230m-4gb-ssd-240gb-com-carregador\/","title":{"rendered":"NOTEBOOK DELL LATITUDE E5430 14 I5-3230M 4GB SSD 240GB COM CARREGADOR"},"content":{"rendered":"<p>Marca: DELL<br \/>\n&#8211; Processador: Equipado com um processador Intel Core i5-3230M, com frequ\u00eancia de clock que varia at\u00e9 3,2 GHz. O processador i5 oferece bom desempenho para uma variedade de tarefas, desde produtividade at\u00e9 multitarefa leve.<\/p>\n<p>&#8211; Mem\u00f3ria RAM: Oferece 4 GB de mem\u00f3ria RAM, o que \u00e9 adequado para tarefas di\u00e1rias, como navega\u00e7\u00e3o na web, uso de aplicativos de escrit\u00f3rio e reprodu\u00e7\u00e3o de m\u00eddia.<\/p>\n<p>&#8211; Armazenamento: Vem com um SSD de 240 GB, proporcionando uma inicializa\u00e7\u00e3o r\u00e1pida do sistema operacional, tempos de carregamento curtos para aplicativos e uma quantidade razo\u00e1vel de espa\u00e7o para armazenamento de dados.<\/p>\n<p>&#8211; Design: O Dell Latitude E5430 \u00e9 conhecido por seu design dur\u00e1vel e profissional, com um foco em funcionalidade e portabilidade.<\/p>\n<p>Conectividade: Inclui portas USB para conectar dispositivos perif\u00e9ricos, e outras op\u00e7\u00f5es de conectividade, como HDMI, RJ45, eSATA<\/p>\n<p>&#8211; Acess\u00f3rios: Inclus\u00e3o de carregador<\/p>\n<p>***GARANTIA DE 90 DIAS**<\/p>\n","protected":false},"excerpt":{"rendered":"<p>NOTEBOOK DELL LATITUDE E5430 14 I5-3230M 4GB SSD 240GB COM CARREGADOR <\/p>\n","protected":false},"featured_media":1340,"comment_status":"open","ping_status":"closed","template":"","meta":[],"yoast_head":"<!-- This site is optimized with the Yoast SEO plugin v15.7 - https:\/\/yoast.com\/wordpress\/plugins\/seo\/ -->\n<title>NOTEBOOK DELL LATITUDE E5430 14 I5-3230M 4GB SSD 240GB COM CARREGADOR - Casa da Inform\u00e1tica<\/title>\n<meta name=\"robots\" content=\"index, follow, max-snippet:-1, max-image-preview:large, max-video-preview:-1\" \/>\n<link rel=\"canonical\" href=\"https:\/\/moderniza.me\/casadainformatica\/product\/notebook-dell-latitude-e5430-14-i5-3230m-4gb-ssd-240gb-com-carregador\/\" \/>\n<meta property=\"og:locale\" content=\"pt_BR\" \/>\n<meta property=\"og:type\" content=\"article\" \/>\n<meta property=\"og:title\" content=\"NOTEBOOK DELL LATITUDE E5430 14 I5-3230M 4GB SSD 240GB COM CARREGADOR - Casa da Inform\u00e1tica\" \/>\n<meta property=\"og:description\" content=\"NOTEBOOK DELL LATITUDE E5430 14 I5-3230M 4GB SSD 240GB COM CARREGADOR\" \/>\n<meta property=\"og:url\" content=\"https:\/\/moderniza.me\/casadainformatica\/product\/notebook-dell-latitude-e5430-14-i5-3230m-4gb-ssd-240gb-com-carregador\/\" \/>\n<meta property=\"og:site_name\" content=\"Casa da Inform\u00e1tica\" \/>\n<meta property=\"article:modified_time\" content=\"2025-01-31T19:54:36+00:00\" \/>\n<meta property=\"og:image\" content=\"https:\/\/moderniza.me\/casadainformatica\/wp-content\/uploads\/sites\/112\/2023\/08\/1000094_0.jpg\" \/>\n\t<meta property=\"og:image:width\" content=\"1148\" \/>\n\t<meta property=\"og:image:height\" content=\"1284\" \/>\n<meta name=\"twitter:card\" content=\"summary_large_image\" \/>\n<meta name=\"twitter:label1\" content=\"Est. reading time\">\n\t<meta name=\"twitter:data1\" content=\"1 minuto\">\n<script type=\"application\/ld+json\" class=\"yoast-schema-graph\">{\"@context\":\"https:\/\/schema.org\",\"@graph\":[{\"@type\":\"WebSite\",\"@id\":\"https:\/\/moderniza.me\/casadainformatica\/#website\",\"url\":\"https:\/\/moderniza.me\/casadainformatica\/\",\"name\":\"Casa da Inform\\u00e1tica\",\"description\":\"Compre Online de Lojas Locais\",\"potentialAction\":[{\"@type\":\"SearchAction\",\"target\":\"https:\/\/moderniza.me\/casadainformatica\/?s={search_term_string}\",\"query-input\":\"required name=search_term_string\"}],\"inLanguage\":\"pt-BR\"},{\"@type\":\"ImageObject\",\"@id\":\"https:\/\/moderniza.me\/casadainformatica\/product\/notebook-dell-latitude-e5430-14-i5-3230m-4gb-ssd-240gb-com-carregador\/#primaryimage\",\"inLanguage\":\"pt-BR\",\"url\":\"https:\/\/moderniza.me\/casadainformatica\/wp-content\/uploads\/sites\/112\/2023\/08\/1000094_0.jpg\",\"width\":1148,\"height\":1284},{\"@type\":\"WebPage\",\"@id\":\"https:\/\/moderniza.me\/casadainformatica\/product\/notebook-dell-latitude-e5430-14-i5-3230m-4gb-ssd-240gb-com-carregador\/#webpage\",\"url\":\"https:\/\/moderniza.me\/casadainformatica\/product\/notebook-dell-latitude-e5430-14-i5-3230m-4gb-ssd-240gb-com-carregador\/\",\"name\":\"NOTEBOOK DELL LATITUDE E5430 14 I5-3230M 4GB SSD 240GB COM CARREGADOR - Casa da Inform\\u00e1tica\",\"isPartOf\":{\"@id\":\"https:\/\/moderniza.me\/casadainformatica\/#website\"},\"primaryImageOfPage\":{\"@id\":\"https:\/\/moderniza.me\/casadainformatica\/product\/notebook-dell-latitude-e5430-14-i5-3230m-4gb-ssd-240gb-com-carregador\/#primaryimage\"},\"datePublished\":\"2023-08-28T19:27:52+00:00\",\"dateModified\":\"2025-01-31T19:54:36+00:00\",\"inLanguage\":\"pt-BR\",\"potentialAction\":[{\"@type\":\"ReadAction\",\"target\":[\"https:\/\/moderniza.me\/casadainformatica\/product\/notebook-dell-latitude-e5430-14-i5-3230m-4gb-ssd-240gb-com-carregador\/\"]}]}]}<\/script>\n<!-- \/ Yoast SEO plugin. -->","_links":{"self":[{"href":"https:\/\/moderniza.me\/casadainformatica\/wp-json\/wp\/v2\/product\/1337"}],"collection":[{"href":"https:\/\/moderniza.me\/casadainformatica\/wp-json\/wp\/v2\/product"}],"about":[{"href":"https:\/\/moderniza.me\/casadainformatica\/wp-json\/wp\/v2\/types\/product"}],"replies":[{"embeddable":true,"href":"https:\/\/moderniza.me\/casadainformatica\/wp-json\/wp\/v2\/comments?post=1337"}],"version-history":[{"count":3,"href":"https:\/\/moderniza.me\/casadainformatica\/wp-json\/wp\/v2\/product\/1337\/revisions"}],"predecessor-version":[{"id":1345,"href":"https:\/\/moderniza.me\/casadainformatica\/wp-json\/wp\/v2\/product\/1337\/revisions\/1345"}],"wp:featuredmedia":[{"embeddable":true,"href":"https:\/\/moderniza.me\/casadainformatica\/wp-json\/wp\/v2\/media\/1340"}],"wp:attachment":[{"href":"https:\/\/moderniza.me\/casadainformatica\/wp-json\/wp\/v2\/media?parent=1337"}],"curies":[{"name":"wp","href":"https:\/\/api.w.org\/{rel}","templated":true}]}}