
{"id":1322,"date":"2023-08-17T18:02:55","date_gmt":"2023-08-17T21:02:55","guid":{"rendered":"https:\/\/moderniza.me\/casadainformatica\/product\/notebook-acer-es1-572-i3-61006u-2-3ghz-mem-8gb-ddr4-ssd-240gb\/"},"modified":"2025-01-31T16:54:35","modified_gmt":"2025-01-31T19:54:35","slug":"notebook-acer-es1-572-i3-61006u-2-3ghz-mem-8gb-ddr4-ssd-240gb","status":"publish","type":"product","link":"https:\/\/moderniza.me\/casadainformatica\/product\/notebook-acer-es1-572-i3-61006u-2-3ghz-mem-8gb-ddr4-ssd-240gb\/","title":{"rendered":"NOTEBOOK ACER ES1-572 I3-61006U 2.3GHZ MEM 8GB DDR4 SSD 240GB"},"content":{"rendered":"<p>Marca: ACER<br \/>\n&#8211; Processador: Equipado com um processador Intel Core i3-6100U, com uma frequ\u00eancia de clock de 2,3 GHz. O processador i3 oferece um bom equil\u00edbrio entre desempenho e efici\u00eancia para tarefas cotidianas.<\/p>\n<p>&#8211; Mem\u00f3ria RAM: Oferece 8 GB de mem\u00f3ria RAM DDR4, o que possibilita uma multitarefa mais suave e \u00e1gil, tornando mais f\u00e1cil alternar entre aplicativos e executar v\u00e1rias tarefas ao mesmo tempo.<\/p>\n<p>&#8211; Armazenamento: Vem com um SSD de 240 GB. O SSD oferece inicializa\u00e7\u00e3o r\u00e1pida do sistema operacional, tempos de carregamento reduzidos para aplicativos e uma quantidade mais generosa de espa\u00e7o para armazenar arquivos e dados.<\/p>\n<p>&#8211; Entrada: Possue entradas usb e hdmi, alem da entrada do conector de rede RJ45<\/p>\n","protected":false},"excerpt":{"rendered":"<p>NOTEBOOK ACER ES1-572 I3-61006U 2.3GHZ MEM 8GB DDR4 SSD 240GB<\/p>\n","protected":false},"featured_media":1326,"comment_status":"open","ping_status":"closed","template":"","meta":[],"yoast_head":"<!-- This site is optimized with the Yoast SEO plugin v15.7 - https:\/\/yoast.com\/wordpress\/plugins\/seo\/ -->\n<title>NOTEBOOK ACER ES1-572 I3-61006U 2.3GHZ MEM 8GB DDR4 SSD 240GB - Casa da Inform\u00e1tica<\/title>\n<meta name=\"robots\" content=\"index, follow, max-snippet:-1, max-image-preview:large, max-video-preview:-1\" \/>\n<link rel=\"canonical\" href=\"https:\/\/moderniza.me\/casadainformatica\/product\/notebook-acer-es1-572-i3-61006u-2-3ghz-mem-8gb-ddr4-ssd-240gb\/\" \/>\n<meta property=\"og:locale\" content=\"pt_BR\" \/>\n<meta property=\"og:type\" content=\"article\" \/>\n<meta property=\"og:title\" content=\"NOTEBOOK ACER ES1-572 I3-61006U 2.3GHZ MEM 8GB DDR4 SSD 240GB - Casa da Inform\u00e1tica\" \/>\n<meta property=\"og:description\" content=\"NOTEBOOK ACER ES1-572 I3-61006U 2.3GHZ MEM 8GB DDR4 SSD 240GB\" \/>\n<meta property=\"og:url\" content=\"https:\/\/moderniza.me\/casadainformatica\/product\/notebook-acer-es1-572-i3-61006u-2-3ghz-mem-8gb-ddr4-ssd-240gb\/\" \/>\n<meta property=\"og:site_name\" content=\"Casa da Inform\u00e1tica\" \/>\n<meta property=\"article:modified_time\" content=\"2025-01-31T19:54:35+00:00\" \/>\n<meta property=\"og:image\" content=\"https:\/\/moderniza.me\/casadainformatica\/wp-content\/uploads\/sites\/112\/2023\/08\/1000432_0.jpg\" \/>\n\t<meta property=\"og:image:width\" content=\"1148\" \/>\n\t<meta property=\"og:image:height\" content=\"1412\" \/>\n<meta name=\"twitter:card\" content=\"summary_large_image\" \/>\n<meta name=\"twitter:label1\" content=\"Est. reading time\">\n\t<meta name=\"twitter:data1\" content=\"1 minuto\">\n<script type=\"application\/ld+json\" class=\"yoast-schema-graph\">{\"@context\":\"https:\/\/schema.org\",\"@graph\":[{\"@type\":\"WebSite\",\"@id\":\"https:\/\/moderniza.me\/casadainformatica\/#website\",\"url\":\"https:\/\/moderniza.me\/casadainformatica\/\",\"name\":\"Casa da Inform\\u00e1tica\",\"description\":\"Compre Online de Lojas Locais\",\"potentialAction\":[{\"@type\":\"SearchAction\",\"target\":\"https:\/\/moderniza.me\/casadainformatica\/?s={search_term_string}\",\"query-input\":\"required name=search_term_string\"}],\"inLanguage\":\"pt-BR\"},{\"@type\":\"ImageObject\",\"@id\":\"https:\/\/moderniza.me\/casadainformatica\/product\/notebook-acer-es1-572-i3-61006u-2-3ghz-mem-8gb-ddr4-ssd-240gb\/#primaryimage\",\"inLanguage\":\"pt-BR\",\"url\":\"https:\/\/moderniza.me\/casadainformatica\/wp-content\/uploads\/sites\/112\/2023\/08\/1000432_0.jpg\",\"width\":1148,\"height\":1412},{\"@type\":\"WebPage\",\"@id\":\"https:\/\/moderniza.me\/casadainformatica\/product\/notebook-acer-es1-572-i3-61006u-2-3ghz-mem-8gb-ddr4-ssd-240gb\/#webpage\",\"url\":\"https:\/\/moderniza.me\/casadainformatica\/product\/notebook-acer-es1-572-i3-61006u-2-3ghz-mem-8gb-ddr4-ssd-240gb\/\",\"name\":\"NOTEBOOK ACER ES1-572 I3-61006U 2.3GHZ MEM 8GB DDR4 SSD 240GB - Casa da Inform\\u00e1tica\",\"isPartOf\":{\"@id\":\"https:\/\/moderniza.me\/casadainformatica\/#website\"},\"primaryImageOfPage\":{\"@id\":\"https:\/\/moderniza.me\/casadainformatica\/product\/notebook-acer-es1-572-i3-61006u-2-3ghz-mem-8gb-ddr4-ssd-240gb\/#primaryimage\"},\"datePublished\":\"2023-08-17T21:02:55+00:00\",\"dateModified\":\"2025-01-31T19:54:35+00:00\",\"inLanguage\":\"pt-BR\",\"potentialAction\":[{\"@type\":\"ReadAction\",\"target\":[\"https:\/\/moderniza.me\/casadainformatica\/product\/notebook-acer-es1-572-i3-61006u-2-3ghz-mem-8gb-ddr4-ssd-240gb\/\"]}]}]}<\/script>\n<!-- \/ Yoast SEO plugin. -->","_links":{"self":[{"href":"https:\/\/moderniza.me\/casadainformatica\/wp-json\/wp\/v2\/product\/1322"}],"collection":[{"href":"https:\/\/moderniza.me\/casadainformatica\/wp-json\/wp\/v2\/product"}],"about":[{"href":"https:\/\/moderniza.me\/casadainformatica\/wp-json\/wp\/v2\/types\/product"}],"replies":[{"embeddable":true,"href":"https:\/\/moderniza.me\/casadainformatica\/wp-json\/wp\/v2\/comments?post=1322"}],"version-history":[{"count":2,"href":"https:\/\/moderniza.me\/casadainformatica\/wp-json\/wp\/v2\/product\/1322\/revisions"}],"predecessor-version":[{"id":1336,"href":"https:\/\/moderniza.me\/casadainformatica\/wp-json\/wp\/v2\/product\/1322\/revisions\/1336"}],"wp:featuredmedia":[{"embeddable":true,"href":"https:\/\/moderniza.me\/casadainformatica\/wp-json\/wp\/v2\/media\/1326"}],"wp:attachment":[{"href":"https:\/\/moderniza.me\/casadainformatica\/wp-json\/wp\/v2\/media?parent=1322"}],"curies":[{"name":"wp","href":"https:\/\/api.w.org\/{rel}","templated":true}]}}