
{"id":1321,"date":"2023-08-17T18:02:54","date_gmt":"2023-08-17T21:02:54","guid":{"rendered":"https:\/\/moderniza.me\/casadainformatica\/product\/notebook-acer-es1-572-i3-61006u-2-3ghz-mem-8gb-ddr4-ssd-120gb\/"},"modified":"2025-01-31T16:54:35","modified_gmt":"2025-01-31T19:54:35","slug":"notebook-acer-es1-572-i3-61006u-2-3ghz-mem-8gb-ddr4-ssd-120gb","status":"publish","type":"product","link":"https:\/\/moderniza.me\/casadainformatica\/product\/notebook-acer-es1-572-i3-61006u-2-3ghz-mem-8gb-ddr4-ssd-120gb\/","title":{"rendered":"NOTEBOOK ACER ES1-572 I3-61006U 2.3GHZ MEM 8GB DDR4 SSD 120GB"},"content":{"rendered":"<p>Marca: ACER<br \/>\n &#8211; Processador: Equipado com um processador Intel Core i3-6100U, com clock de 2,3 GHz. O processador i3 \u00e9 capaz de lidar com tarefas cotidianas, como navega\u00e7\u00e3o na web, uso de aplicativos de escrit\u00f3rio e streaming de m\u00eddia.<\/p>\n<p>&#8211; Mem\u00f3ria RAM: Oferece 8 GB de mem\u00f3ria RAM DDR4, permitindo uma multitarefa mais eficiente e a execu\u00e7\u00e3o suave de aplicativos.<\/p>\n<p>&#8211; Armazenamento: Vem com um SSD de 120 GB, o que proporciona uma inicializa\u00e7\u00e3o r\u00e1pida do sistema operacional, tempos de carregamento reduzidos para aplicativos e transfer\u00eancia \u00e1gil de dados.<\/p>\n","protected":false},"excerpt":{"rendered":"<p>NOTEBOOK ACER ES1-572 I3-61006U 2.3GHZ MEM 8GB DDR4 SSD 120GB  <\/p>\n","protected":false},"featured_media":1327,"comment_status":"open","ping_status":"closed","template":"","meta":[],"yoast_head":"<!-- This site is optimized with the Yoast SEO plugin v15.7 - https:\/\/yoast.com\/wordpress\/plugins\/seo\/ -->\n<title>NOTEBOOK ACER ES1-572 I3-61006U 2.3GHZ MEM 8GB DDR4 SSD 120GB - Casa da Inform\u00e1tica<\/title>\n<meta name=\"robots\" content=\"index, follow, max-snippet:-1, max-image-preview:large, max-video-preview:-1\" \/>\n<link rel=\"canonical\" href=\"https:\/\/moderniza.me\/casadainformatica\/product\/notebook-acer-es1-572-i3-61006u-2-3ghz-mem-8gb-ddr4-ssd-120gb\/\" \/>\n<meta property=\"og:locale\" content=\"pt_BR\" \/>\n<meta property=\"og:type\" content=\"article\" \/>\n<meta property=\"og:title\" content=\"NOTEBOOK ACER ES1-572 I3-61006U 2.3GHZ MEM 8GB DDR4 SSD 120GB - Casa da Inform\u00e1tica\" \/>\n<meta property=\"og:description\" content=\"NOTEBOOK ACER ES1-572 I3-61006U 2.3GHZ MEM 8GB DDR4 SSD 120GB\" \/>\n<meta property=\"og:url\" content=\"https:\/\/moderniza.me\/casadainformatica\/product\/notebook-acer-es1-572-i3-61006u-2-3ghz-mem-8gb-ddr4-ssd-120gb\/\" \/>\n<meta property=\"og:site_name\" content=\"Casa da Inform\u00e1tica\" \/>\n<meta property=\"article:modified_time\" content=\"2025-01-31T19:54:35+00:00\" \/>\n<meta property=\"og:image\" content=\"https:\/\/moderniza.me\/casadainformatica\/wp-content\/uploads\/sites\/112\/2023\/08\/1000361_0.jpg\" \/>\n\t<meta property=\"og:image:width\" content=\"1152\" \/>\n\t<meta property=\"og:image:height\" content=\"1536\" \/>\n<meta name=\"twitter:card\" content=\"summary_large_image\" \/>\n<script type=\"application\/ld+json\" class=\"yoast-schema-graph\">{\"@context\":\"https:\/\/schema.org\",\"@graph\":[{\"@type\":\"WebSite\",\"@id\":\"https:\/\/moderniza.me\/casadainformatica\/#website\",\"url\":\"https:\/\/moderniza.me\/casadainformatica\/\",\"name\":\"Casa da Inform\\u00e1tica\",\"description\":\"Compre Online de Lojas Locais\",\"potentialAction\":[{\"@type\":\"SearchAction\",\"target\":\"https:\/\/moderniza.me\/casadainformatica\/?s={search_term_string}\",\"query-input\":\"required name=search_term_string\"}],\"inLanguage\":\"pt-BR\"},{\"@type\":\"ImageObject\",\"@id\":\"https:\/\/moderniza.me\/casadainformatica\/product\/notebook-acer-es1-572-i3-61006u-2-3ghz-mem-8gb-ddr4-ssd-120gb\/#primaryimage\",\"inLanguage\":\"pt-BR\",\"url\":\"https:\/\/moderniza.me\/casadainformatica\/wp-content\/uploads\/sites\/112\/2023\/08\/1000361_0.jpg\",\"width\":1152,\"height\":1536},{\"@type\":\"WebPage\",\"@id\":\"https:\/\/moderniza.me\/casadainformatica\/product\/notebook-acer-es1-572-i3-61006u-2-3ghz-mem-8gb-ddr4-ssd-120gb\/#webpage\",\"url\":\"https:\/\/moderniza.me\/casadainformatica\/product\/notebook-acer-es1-572-i3-61006u-2-3ghz-mem-8gb-ddr4-ssd-120gb\/\",\"name\":\"NOTEBOOK ACER ES1-572 I3-61006U 2.3GHZ MEM 8GB DDR4 SSD 120GB - Casa da Inform\\u00e1tica\",\"isPartOf\":{\"@id\":\"https:\/\/moderniza.me\/casadainformatica\/#website\"},\"primaryImageOfPage\":{\"@id\":\"https:\/\/moderniza.me\/casadainformatica\/product\/notebook-acer-es1-572-i3-61006u-2-3ghz-mem-8gb-ddr4-ssd-120gb\/#primaryimage\"},\"datePublished\":\"2023-08-17T21:02:54+00:00\",\"dateModified\":\"2025-01-31T19:54:35+00:00\",\"inLanguage\":\"pt-BR\",\"potentialAction\":[{\"@type\":\"ReadAction\",\"target\":[\"https:\/\/moderniza.me\/casadainformatica\/product\/notebook-acer-es1-572-i3-61006u-2-3ghz-mem-8gb-ddr4-ssd-120gb\/\"]}]}]}<\/script>\n<!-- \/ Yoast SEO plugin. -->","_links":{"self":[{"href":"https:\/\/moderniza.me\/casadainformatica\/wp-json\/wp\/v2\/product\/1321"}],"collection":[{"href":"https:\/\/moderniza.me\/casadainformatica\/wp-json\/wp\/v2\/product"}],"about":[{"href":"https:\/\/moderniza.me\/casadainformatica\/wp-json\/wp\/v2\/types\/product"}],"replies":[{"embeddable":true,"href":"https:\/\/moderniza.me\/casadainformatica\/wp-json\/wp\/v2\/comments?post=1321"}],"version-history":[{"count":2,"href":"https:\/\/moderniza.me\/casadainformatica\/wp-json\/wp\/v2\/product\/1321\/revisions"}],"predecessor-version":[{"id":1334,"href":"https:\/\/moderniza.me\/casadainformatica\/wp-json\/wp\/v2\/product\/1321\/revisions\/1334"}],"wp:featuredmedia":[{"embeddable":true,"href":"https:\/\/moderniza.me\/casadainformatica\/wp-json\/wp\/v2\/media\/1327"}],"wp:attachment":[{"href":"https:\/\/moderniza.me\/casadainformatica\/wp-json\/wp\/v2\/media?parent=1321"}],"curies":[{"name":"wp","href":"https:\/\/api.w.org\/{rel}","templated":true}]}}