
{"id":1317,"date":"2023-08-17T18:02:48","date_gmt":"2023-08-17T21:02:48","guid":{"rendered":"https:\/\/moderniza.me\/casadainformatica\/product\/notebook-dell-inspiron-14-3480-i5-8ger-8-gb-ssd120-gb\/"},"modified":"2025-01-31T16:54:34","modified_gmt":"2025-01-31T19:54:34","slug":"notebook-dell-inspiron-14-3480-i5-8ger-8-gb-ssd120-gb","status":"publish","type":"product","link":"https:\/\/moderniza.me\/casadainformatica\/product\/notebook-dell-inspiron-14-3480-i5-8ger-8-gb-ssd120-gb\/","title":{"rendered":"NOTEBOOK DELL INSPIRON 14 3480 I5 8GER 8 GB SSD120 GB"},"content":{"rendered":"<p>Marca: DELL<br \/>\n -Processador: Intel Core i5 de 8\u00aa gera\u00e7\u00e3o, proporcionando um desempenho s\u00f3lido e eficiente para uma variedade de tarefas.<\/p>\n<p>-Mem\u00f3ria RAM: 8 GB de mem\u00f3ria RAM, permitindo a execu\u00e7\u00e3o suave de m\u00faltiplas aplica\u00e7\u00f5es e multitarefa.<\/p>\n<p>-Armazenamento: SSD de 120 GB, oferecendo uma inicializa\u00e7\u00e3o r\u00e1pida do sistema operacional, tempos de carregamento de aplicativos mais curtos e transfer\u00eancia \u00e1gil de arquivos.<\/p>\n<p>-Tela: Tela de 14 polegadas com resolu\u00e7\u00e3o HD, proporcionando uma exibi\u00e7\u00e3o n\u00edtida e clara de conte\u00fado, adequada para produtividade e entretenimento.<br \/>\n-Design: Design elegante e compacto, facilitando a portabilidade e adequando-se ao uso em movimento.<\/p>\n<p>-Bateria: Bateria de longa dura\u00e7\u00e3o, permitindo a utiliza\u00e7\u00e3o durante todo o dia sem a necessidade frequente de recarga.<\/p>\n<p>-Conectividade: Portas USB para conectar dispositivos perif\u00e9ricos, porta HDMI para conex\u00e3o a monitores externos e entrada para fones de ouvido. Wi-Fi integrado para conectividade sem fio.<\/p>\n","protected":false},"excerpt":{"rendered":"<p>NOTEBOOK DELL INSPIRON 14 3480 I5 8GER 8 GB SSD120 GB<\/p>\n","protected":false},"featured_media":1331,"comment_status":"open","ping_status":"closed","template":"","meta":[],"yoast_head":"<!-- This site is optimized with the Yoast SEO plugin v15.7 - https:\/\/yoast.com\/wordpress\/plugins\/seo\/ -->\n<title>NOTEBOOK DELL INSPIRON 14 3480 I5 8GER 8 GB SSD120 GB - Casa da Inform\u00e1tica<\/title>\n<meta name=\"robots\" content=\"index, follow, max-snippet:-1, max-image-preview:large, max-video-preview:-1\" \/>\n<link rel=\"canonical\" href=\"https:\/\/moderniza.me\/casadainformatica\/product\/notebook-dell-inspiron-14-3480-i5-8ger-8-gb-ssd120-gb\/\" \/>\n<meta property=\"og:locale\" content=\"pt_BR\" \/>\n<meta property=\"og:type\" content=\"article\" \/>\n<meta property=\"og:title\" content=\"NOTEBOOK DELL INSPIRON 14 3480 I5 8GER 8 GB SSD120 GB - Casa da Inform\u00e1tica\" \/>\n<meta property=\"og:description\" content=\"NOTEBOOK DELL INSPIRON 14 3480 I5 8GER 8 GB SSD120 GB\" \/>\n<meta property=\"og:url\" content=\"https:\/\/moderniza.me\/casadainformatica\/product\/notebook-dell-inspiron-14-3480-i5-8ger-8-gb-ssd120-gb\/\" \/>\n<meta property=\"og:site_name\" content=\"Casa da Inform\u00e1tica\" \/>\n<meta property=\"article:modified_time\" content=\"2025-01-31T19:54:34+00:00\" \/>\n<meta property=\"og:image\" content=\"https:\/\/moderniza.me\/casadainformatica\/wp-content\/uploads\/sites\/112\/2023\/08\/713_0.jpg\" \/>\n\t<meta property=\"og:image:width\" content=\"1140\" \/>\n\t<meta property=\"og:image:height\" content=\"1436\" \/>\n<meta name=\"twitter:card\" content=\"summary_large_image\" \/>\n<meta name=\"twitter:label1\" content=\"Est. reading time\">\n\t<meta name=\"twitter:data1\" content=\"1 minuto\">\n<script type=\"application\/ld+json\" class=\"yoast-schema-graph\">{\"@context\":\"https:\/\/schema.org\",\"@graph\":[{\"@type\":\"WebSite\",\"@id\":\"https:\/\/moderniza.me\/casadainformatica\/#website\",\"url\":\"https:\/\/moderniza.me\/casadainformatica\/\",\"name\":\"Casa da Inform\\u00e1tica\",\"description\":\"Compre Online de Lojas Locais\",\"potentialAction\":[{\"@type\":\"SearchAction\",\"target\":\"https:\/\/moderniza.me\/casadainformatica\/?s={search_term_string}\",\"query-input\":\"required name=search_term_string\"}],\"inLanguage\":\"pt-BR\"},{\"@type\":\"ImageObject\",\"@id\":\"https:\/\/moderniza.me\/casadainformatica\/product\/notebook-dell-inspiron-14-3480-i5-8ger-8-gb-ssd120-gb\/#primaryimage\",\"inLanguage\":\"pt-BR\",\"url\":\"https:\/\/moderniza.me\/casadainformatica\/wp-content\/uploads\/sites\/112\/2023\/08\/713_0.jpg\",\"width\":1140,\"height\":1436},{\"@type\":\"WebPage\",\"@id\":\"https:\/\/moderniza.me\/casadainformatica\/product\/notebook-dell-inspiron-14-3480-i5-8ger-8-gb-ssd120-gb\/#webpage\",\"url\":\"https:\/\/moderniza.me\/casadainformatica\/product\/notebook-dell-inspiron-14-3480-i5-8ger-8-gb-ssd120-gb\/\",\"name\":\"NOTEBOOK DELL INSPIRON 14 3480 I5 8GER 8 GB SSD120 GB - Casa da Inform\\u00e1tica\",\"isPartOf\":{\"@id\":\"https:\/\/moderniza.me\/casadainformatica\/#website\"},\"primaryImageOfPage\":{\"@id\":\"https:\/\/moderniza.me\/casadainformatica\/product\/notebook-dell-inspiron-14-3480-i5-8ger-8-gb-ssd120-gb\/#primaryimage\"},\"datePublished\":\"2023-08-17T21:02:48+00:00\",\"dateModified\":\"2025-01-31T19:54:34+00:00\",\"inLanguage\":\"pt-BR\",\"potentialAction\":[{\"@type\":\"ReadAction\",\"target\":[\"https:\/\/moderniza.me\/casadainformatica\/product\/notebook-dell-inspiron-14-3480-i5-8ger-8-gb-ssd120-gb\/\"]}]}]}<\/script>\n<!-- \/ Yoast SEO plugin. -->","_links":{"self":[{"href":"https:\/\/moderniza.me\/casadainformatica\/wp-json\/wp\/v2\/product\/1317"}],"collection":[{"href":"https:\/\/moderniza.me\/casadainformatica\/wp-json\/wp\/v2\/product"}],"about":[{"href":"https:\/\/moderniza.me\/casadainformatica\/wp-json\/wp\/v2\/types\/product"}],"replies":[{"embeddable":true,"href":"https:\/\/moderniza.me\/casadainformatica\/wp-json\/wp\/v2\/comments?post=1317"}],"version-history":[{"count":1,"href":"https:\/\/moderniza.me\/casadainformatica\/wp-json\/wp\/v2\/product\/1317\/revisions"}],"predecessor-version":[{"id":1333,"href":"https:\/\/moderniza.me\/casadainformatica\/wp-json\/wp\/v2\/product\/1317\/revisions\/1333"}],"wp:featuredmedia":[{"embeddable":true,"href":"https:\/\/moderniza.me\/casadainformatica\/wp-json\/wp\/v2\/media\/1331"}],"wp:attachment":[{"href":"https:\/\/moderniza.me\/casadainformatica\/wp-json\/wp\/v2\/media?parent=1317"}],"curies":[{"name":"wp","href":"https:\/\/api.w.org\/{rel}","templated":true}]}}