
{"id":1279,"date":"2023-08-15T14:43:20","date_gmt":"2023-08-15T17:43:20","guid":{"rendered":"https:\/\/moderniza.me\/casadainformatica\/product\/processador-1151-intel-i5-6600-intel-3-9ghz-6mb-oem-s-coller\/"},"modified":"2025-01-31T16:54:33","modified_gmt":"2025-01-31T19:54:33","slug":"processador-1151-intel-i5-6600-intel-3-9ghz-6mb-oem-s-coller","status":"publish","type":"product","link":"https:\/\/moderniza.me\/casadainformatica\/product\/processador-1151-intel-i5-6600-intel-3-9ghz-6mb-oem-s-coller\/","title":{"rendered":"PROCESSADOR 1151 INTEL I5 6600 INTEL  3.9GHZ 6MB OEM S\/ COLLER"},"content":{"rendered":"<p>Marca: INTEL<br \/>\nCARACTER\u00cdSTICAS<br \/>\n&#8211; Processador Intel I5 da 6\u00aa gera\u00e7\u00e3o modelo 6600 de 3.9 GHz (turbo max) com 6 MB de cache para soquete LGA-1151.<br \/>\n&#8211; Cache inteligente Intel: Est\u00e1 dinamicamente alocado no n\u00facleo de cada processador baseado em carga de trabalho, o que reduz significativamente a lat\u00eancia e melhora o desempenho.<br \/>\n&#8211; Arquitetura Intel 64 permite computa\u00e7\u00e3o de 64 bits em plataformas de servidor, workstation, desktop e port\u00e1teis, quando aliadas a software de apoio.<br \/>\n&#8211; Processador gr\u00e1fico Intel HD Graphics 530 com suporte para tecnologia 4K (4096 x 2304 @ 60 Hz). Compat\u00edvel com DirectX 12 e OpenGL 4.4.<br \/>\n&#8211; Novas Instru\u00e7\u00f5es para Normas Avan\u00e7adas de Criptografia (AES-NI): Adicionam acelera\u00e7\u00e3o do hardware aos algoritmos de AES e aumentam a velocidade da execu\u00e7\u00e3o dos aplicativos de AES.<br \/>\n&#8211; Tecnologia Intel SpeedStep que alterna tanto a tens\u00e3o quanto a frequ\u00eancia, de acordo com os n\u00edveis alto e baixo, em resposta \u00e0 carga do processador.<br \/>\n&#8211; Os Gr\u00e1ficos de alta defini\u00e7\u00e3o, dos processadores da quarta gera\u00e7\u00e3o, integram o mecanismo de gr\u00e1ficos e o processamento de m\u00eddia diretamente ao chip para proporcionar gr\u00e1ficos que pare\u00e7am reais para uma melhor experi\u00eancia com games.<\/p>\n<p>Caracter\u00edsticas T\u00e9cnicas:<br \/>\n&#8211; C\u00f3digo do produto no fabricante: BX80662I56600 (947561)<br \/>\n&#8211; Nome: i5-6600 (Skylake)<br \/>\n&#8211; Soquete da CPU: LGA-1151<br \/>\n&#8211; Quantidade de Cores: 4 n\u00facleos<br \/>\n&#8211; Quantidade de Threads: 4<br \/>\n&#8211; Frequ\u00eancia baseada em processador: 3.3 GHz<br \/>\n&#8211; Frequ\u00eancia turbo max: 3.9 GHz<br \/>\n&#8211; Cache: 6 MB<br \/>\n&#8211; Tecnologia de fabrica\u00e7\u00e3o: Litografia de 14 nm<br \/>\n&#8211; Compatibilidade de processamento: 64 bits<br \/>\n&#8211; Consumo m\u00e1ximo de pot\u00eancia: 65 W<br \/>\n&#8211; Tamanho do pacote: 37.5 mm x 37.5 mm<\/p>\n<p>Controle de mem\u00f3ria:<br \/>\n&#8211; M\u00e1xima capacidade de mem\u00f3ria RAM: 64 GB<br \/>\n&#8211; Tipo de memoria: DDR4 de 1866 \/ 2133 MHz e DDR3L de 1333 \/ 1600 MHz @ 1.35 V<br \/>\n&#8211; Canais de mem\u00f3ria: 2 canais<br \/>\n&#8211; M\u00e1xima banda de mem\u00f3ria: 34,1 GB\/s<\/p>\n<p>Gr\u00e1fico integrado:<br \/>\n&#8211; Processador gr\u00e1fico integrado: Intel HD Graphics 530<br \/>\n&#8211; Frequ\u00eancia base da \u00e1rea gr\u00e1fica: 350 MHz<br \/>\n&#8211; M\u00e1xima frequ\u00eancia din\u00e2mica da \u00e1rea gr\u00e1fica: 1.15 GHz<br \/>\n&#8211; Quantidade m\u00e1xima de mem\u00f3ria gr\u00e1fica de v\u00eddeo: 64 GB<br \/>\n&#8211; Numero de telas suportadas: 3<br \/>\n&#8211; Suporte para 4K: 4096 x 2304 @ 60 Hz<br \/>\n&#8211; Suporta DirectX 12 e OpenGL 4.4<\/p>\n<p>Op\u00e7\u00f5es de expans\u00e3o:<br \/>\n&#8211; PCI-e: revis\u00e3o 3.0<br \/>\n&#8211; Portas PCI-e: 16<\/p>\n<p>Chipsets compat\u00edveis:<br \/>\n&#8211; Intel H170 Chipset<br \/>\n&#8211; Intel H110 Chipset<br \/>\n&#8211; Intel Z170 Chipset<br \/>\n&#8211; Intel Q170 Chipset<br \/>\n&#8211; Intel Q150 Chipset<br \/>\n&#8211; Intel B150 Chipset<\/p>\n<p>Tecnologias integradas:<br \/>\n&#8211; Tecnologia Intel Turbo Boost 2.0<br \/>\n&#8211; Intel vPro Technology<br \/>\n&#8211; Virtualization Technology (VT-x)<br \/>\n&#8211; VT-x com Tabelas de p\u00e1gina estendida (EPT)<br \/>\n&#8211; Intel TSX-NI<br \/>\n&#8211; Intel 64<br \/>\n&#8211; Estados ociosos<br \/>\n&#8211; Enhanced Intel SpeedStep Tec.<br \/>\n&#8211; Tecnologias de monitoramento t\u00e9rmico<br \/>\n&#8211; Intel Identity Protection<br \/>\n&#8211; Programa Intel da Plataforma de Imagem Est\u00e1vel (SIPP)<br \/>\n&#8211; Intel Small Business Advantage<br \/>\n&#8211; Novas instru\u00e7\u00f5es AES<br \/>\n&#8211; Secure Key<br \/>\n&#8211; Execute Disable Bit<br \/>\n&#8211; Intel Quick Sync Video<br \/>\n&#8211; Tecnologia Intel InTru 3D<br \/>\n&#8211; Intel Wireless Display<br \/>\n&#8211; Tecnologia de Alta Defini\u00e7\u00e3o Intel Clear Video<\/p>\n","protected":false},"excerpt":{"rendered":"<p>PROCESSADOR 1151 INTEL I5 6600 INTEL  3.9GHZ 6MB OEM S\/ COLLER<\/p>\n","protected":false},"featured_media":1280,"comment_status":"open","ping_status":"closed","template":"","meta":[],"yoast_head":"<!-- This site is optimized with the Yoast SEO plugin v15.7 - https:\/\/yoast.com\/wordpress\/plugins\/seo\/ -->\n<title>PROCESSADOR 1151 INTEL I5 6600 INTEL 3.9GHZ 6MB OEM S\/ COLLER - Casa da Inform\u00e1tica<\/title>\n<meta name=\"robots\" content=\"index, follow, max-snippet:-1, max-image-preview:large, max-video-preview:-1\" \/>\n<link rel=\"canonical\" href=\"https:\/\/moderniza.me\/casadainformatica\/product\/processador-1151-intel-i5-6600-intel-3-9ghz-6mb-oem-s-coller\/\" \/>\n<meta property=\"og:locale\" content=\"pt_BR\" \/>\n<meta property=\"og:type\" content=\"article\" \/>\n<meta property=\"og:title\" content=\"PROCESSADOR 1151 INTEL I5 6600 INTEL 3.9GHZ 6MB OEM S\/ COLLER - Casa da Inform\u00e1tica\" \/>\n<meta property=\"og:description\" content=\"PROCESSADOR 1151 INTEL I5 6600 INTEL 3.9GHZ 6MB OEM S\/ COLLER\" \/>\n<meta property=\"og:url\" content=\"https:\/\/moderniza.me\/casadainformatica\/product\/processador-1151-intel-i5-6600-intel-3-9ghz-6mb-oem-s-coller\/\" \/>\n<meta property=\"og:site_name\" content=\"Casa da Inform\u00e1tica\" \/>\n<meta property=\"article:modified_time\" content=\"2025-01-31T19:54:33+00:00\" \/>\n<meta property=\"og:image\" content=\"https:\/\/moderniza.me\/casadainformatica\/wp-content\/uploads\/sites\/112\/2023\/08\/1000248_0.png\" \/>\n\t<meta property=\"og:image:width\" content=\"800\" \/>\n\t<meta property=\"og:image:height\" content=\"800\" \/>\n<meta name=\"twitter:card\" content=\"summary_large_image\" \/>\n<meta name=\"twitter:label1\" content=\"Est. reading time\">\n\t<meta name=\"twitter:data1\" content=\"3 minutos\">\n<script type=\"application\/ld+json\" class=\"yoast-schema-graph\">{\"@context\":\"https:\/\/schema.org\",\"@graph\":[{\"@type\":\"WebSite\",\"@id\":\"https:\/\/moderniza.me\/casadainformatica\/#website\",\"url\":\"https:\/\/moderniza.me\/casadainformatica\/\",\"name\":\"Casa da Inform\\u00e1tica\",\"description\":\"Compre Online de Lojas Locais\",\"potentialAction\":[{\"@type\":\"SearchAction\",\"target\":\"https:\/\/moderniza.me\/casadainformatica\/?s={search_term_string}\",\"query-input\":\"required name=search_term_string\"}],\"inLanguage\":\"pt-BR\"},{\"@type\":\"ImageObject\",\"@id\":\"https:\/\/moderniza.me\/casadainformatica\/product\/processador-1151-intel-i5-6600-intel-3-9ghz-6mb-oem-s-coller\/#primaryimage\",\"inLanguage\":\"pt-BR\",\"url\":\"https:\/\/moderniza.me\/casadainformatica\/wp-content\/uploads\/sites\/112\/2023\/08\/1000248_0.png\",\"width\":800,\"height\":800},{\"@type\":\"WebPage\",\"@id\":\"https:\/\/moderniza.me\/casadainformatica\/product\/processador-1151-intel-i5-6600-intel-3-9ghz-6mb-oem-s-coller\/#webpage\",\"url\":\"https:\/\/moderniza.me\/casadainformatica\/product\/processador-1151-intel-i5-6600-intel-3-9ghz-6mb-oem-s-coller\/\",\"name\":\"PROCESSADOR 1151 INTEL I5 6600 INTEL 3.9GHZ 6MB OEM S\/ COLLER - Casa da Inform\\u00e1tica\",\"isPartOf\":{\"@id\":\"https:\/\/moderniza.me\/casadainformatica\/#website\"},\"primaryImageOfPage\":{\"@id\":\"https:\/\/moderniza.me\/casadainformatica\/product\/processador-1151-intel-i5-6600-intel-3-9ghz-6mb-oem-s-coller\/#primaryimage\"},\"datePublished\":\"2023-08-15T17:43:20+00:00\",\"dateModified\":\"2025-01-31T19:54:33+00:00\",\"inLanguage\":\"pt-BR\",\"potentialAction\":[{\"@type\":\"ReadAction\",\"target\":[\"https:\/\/moderniza.me\/casadainformatica\/product\/processador-1151-intel-i5-6600-intel-3-9ghz-6mb-oem-s-coller\/\"]}]}]}<\/script>\n<!-- \/ Yoast SEO plugin. -->","_links":{"self":[{"href":"https:\/\/moderniza.me\/casadainformatica\/wp-json\/wp\/v2\/product\/1279"}],"collection":[{"href":"https:\/\/moderniza.me\/casadainformatica\/wp-json\/wp\/v2\/product"}],"about":[{"href":"https:\/\/moderniza.me\/casadainformatica\/wp-json\/wp\/v2\/types\/product"}],"replies":[{"embeddable":true,"href":"https:\/\/moderniza.me\/casadainformatica\/wp-json\/wp\/v2\/comments?post=1279"}],"version-history":[{"count":1,"href":"https:\/\/moderniza.me\/casadainformatica\/wp-json\/wp\/v2\/product\/1279\/revisions"}],"predecessor-version":[{"id":1283,"href":"https:\/\/moderniza.me\/casadainformatica\/wp-json\/wp\/v2\/product\/1279\/revisions\/1283"}],"wp:featuredmedia":[{"embeddable":true,"href":"https:\/\/moderniza.me\/casadainformatica\/wp-json\/wp\/v2\/media\/1280"}],"wp:attachment":[{"href":"https:\/\/moderniza.me\/casadainformatica\/wp-json\/wp\/v2\/media?parent=1279"}],"curies":[{"name":"wp","href":"https:\/\/api.w.org\/{rel}","templated":true}]}}