
{"id":1278,"date":"2023-08-15T14:43:19","date_gmt":"2023-08-15T17:43:19","guid":{"rendered":"https:\/\/moderniza.me\/casadainformatica\/product\/processador-1151-intel-i3-6100-3-7-ghz-intel-sem-cooler-oem\/"},"modified":"2026-03-04T11:29:25","modified_gmt":"2026-03-04T14:29:25","slug":"processador-1151-intel-i3-6100-3-7-ghz-intel-sem-cooler-oem","status":"publish","type":"product","link":"https:\/\/moderniza.me\/casadainformatica\/product\/processador-1151-intel-i3-6100-3-7-ghz-intel-sem-cooler-oem\/","title":{"rendered":"PROCESSADOR 1151 INTEL I3 6100 3.7 GHZ INTEL SEM COOLER OEM"},"content":{"rendered":"<p>Marca: INTEL<br \/>\nInforma\u00e7\u00f5es do Produto<br \/>\nProcessador Intel Core i3 6100 3.7 Ghz 3mb\/1151 6\u00aa Gera\u00e7\u00e3o c\/placa de video integrada (OEM)<br \/>\nProcessador Intel Core i3-6100 da Gera\u00e7\u00e3o 6, com 3MB cache, 3.7Ghz de velocidade clock, 2 n\u00facleos e 4 threads. Compat\u00edvel com soquetes Intel LGA 1151. Ideal para consumidores exigentes, tudo isso com um excelente custo benef\u00edcio. Processador Intel i3 6a Gera\u00e7\u00e3o perfeito para equipar seu CPU, Computador e PC, para jogos, trabalhos e diversas outras atividades com qualidade de processamento.<br \/>\nMarca: Intel<br \/>\nModelo: i3-6100<br \/>\nEAN: 0200000047962Caracter\u00edsticas:<br \/>\nEspecifica\u00e7\u00f5es Processador i3 Intel Core 6th Gen<br \/>\nN\u00famero do processador: i3-6100<br \/>\nN\u00famero de n\u00facleos: 2<br \/>\nN\u00famero de threads: 4-<br \/>\nLitografia Processo de fabrica\u00e7\u00e3o: 14 nm<br \/>\nFrequ\u00eancia Velocidade processador: 3.70 GHz (Clock 3700)<br \/>\nCache: 3 MB Smart Cache<br \/>\nVelocidade do barramento: 8 GT\/s DMI3<br \/>\nTDP (pot\u00eancia): 51W- Tamanho m\u00e1ximo de mem\u00f3ria: 64 GB<br \/>\nQuantidade m\u00e1xima de mem\u00f3ria gr\u00e1fica de v\u00eddeo: 64 GB<br \/>\nTipo de mem\u00f3ria: DDR4-1866\/2133, DDR3L-1333\/1600 @ 1.35V<br \/>\nNo m\u00e1ximo de canais de mem\u00f3ria: 2 (dual-channel)<br \/>\nLargura de banda m\u00e1xima da mem\u00f3ria: 34.1 GB\/s<br \/>\nSoquetes: Socket FCLGA 1151<br \/>\nChipset compat\u00edvel: S\u00e9rie 200 Express (Z270, Q270, H270, Q250, B250) e S\u00e9rie 100 (Z170, Q170, H170, Q150, B150, H110)<br \/>\nPCI Express: 3.0- N\u00famero m\u00e1ximo de linhas PCI Express: 16<br \/>\nGr\u00e1ficos do processador: Gr\u00e1ficos HD Intel 530<br \/>\nM\u00e1xima frequ\u00eancia din\u00e2mica da placa gr\u00e1fica: 1.05 GHz (1050 MHz)<br \/>\nConte\u00fado da Embalagem:<br \/>\n01 Processador Intel Core i3 6100 3.7 Ghz 3mb\/1151 6a Gera\u00e7\u00e3o c\/placa de video integradaDimens\u00f5es: Caixa (LxAxC) 4 x 1 x 4 cm<br \/>\nPeso: 0.030 kg (bruto com embalagem)Garantia: Contra defeitos de fabrica\u00e7\u00e3o (12 meses)*Aviso sobre o Produto Imagem Meramente Ilustrativa!<\/p>\n","protected":false},"excerpt":{"rendered":"<p>PROCESSADOR 1151 INTEL I3 6100 3.7 GHZ INTEL SEM COOLER OEM<\/p>\n","protected":false},"featured_media":1288,"comment_status":"open","ping_status":"closed","template":"","meta":[],"yoast_head":"<!-- This site is optimized with the Yoast SEO plugin v15.7 - https:\/\/yoast.com\/wordpress\/plugins\/seo\/ -->\n<title>PROCESSADOR 1151 INTEL I3 6100 3.7 GHZ INTEL SEM COOLER OEM - Casa da Inform\u00e1tica<\/title>\n<meta name=\"robots\" content=\"index, follow, max-snippet:-1, max-image-preview:large, max-video-preview:-1\" \/>\n<link rel=\"canonical\" href=\"https:\/\/moderniza.me\/casadainformatica\/product\/processador-1151-intel-i3-6100-3-7-ghz-intel-sem-cooler-oem\/\" \/>\n<meta property=\"og:locale\" content=\"pt_BR\" \/>\n<meta property=\"og:type\" content=\"article\" \/>\n<meta property=\"og:title\" content=\"PROCESSADOR 1151 INTEL I3 6100 3.7 GHZ INTEL SEM COOLER OEM - Casa da Inform\u00e1tica\" \/>\n<meta property=\"og:description\" content=\"PROCESSADOR 1151 INTEL I3 6100 3.7 GHZ INTEL SEM COOLER OEM\" \/>\n<meta property=\"og:url\" content=\"https:\/\/moderniza.me\/casadainformatica\/product\/processador-1151-intel-i3-6100-3-7-ghz-intel-sem-cooler-oem\/\" \/>\n<meta property=\"og:site_name\" content=\"Casa da Inform\u00e1tica\" \/>\n<meta property=\"article:modified_time\" content=\"2026-03-04T14:29:25+00:00\" \/>\n<meta name=\"twitter:card\" content=\"summary_large_image\" \/>\n<meta name=\"twitter:label1\" content=\"Est. reading time\">\n\t<meta name=\"twitter:data1\" content=\"1 minuto\">\n<script type=\"application\/ld+json\" class=\"yoast-schema-graph\">{\"@context\":\"https:\/\/schema.org\",\"@graph\":[{\"@type\":\"WebSite\",\"@id\":\"https:\/\/moderniza.me\/casadainformatica\/#website\",\"url\":\"https:\/\/moderniza.me\/casadainformatica\/\",\"name\":\"Casa da Inform\\u00e1tica\",\"description\":\"Compre Online de Lojas Locais\",\"potentialAction\":[{\"@type\":\"SearchAction\",\"target\":\"https:\/\/moderniza.me\/casadainformatica\/?s={search_term_string}\",\"query-input\":\"required name=search_term_string\"}],\"inLanguage\":\"pt-BR\"},{\"@type\":\"ImageObject\",\"@id\":\"https:\/\/moderniza.me\/casadainformatica\/product\/processador-1151-intel-i3-6100-3-7-ghz-intel-sem-cooler-oem\/#primaryimage\",\"inLanguage\":\"pt-BR\",\"url\":\"https:\/\/moderniza.me\/casadainformatica\/wp-content\/uploads\/sites\/112\/2023\/08\/1000204_1.png\",\"width\":1000,\"height\":1000},{\"@type\":\"WebPage\",\"@id\":\"https:\/\/moderniza.me\/casadainformatica\/product\/processador-1151-intel-i3-6100-3-7-ghz-intel-sem-cooler-oem\/#webpage\",\"url\":\"https:\/\/moderniza.me\/casadainformatica\/product\/processador-1151-intel-i3-6100-3-7-ghz-intel-sem-cooler-oem\/\",\"name\":\"PROCESSADOR 1151 INTEL I3 6100 3.7 GHZ INTEL SEM COOLER OEM - Casa da Inform\\u00e1tica\",\"isPartOf\":{\"@id\":\"https:\/\/moderniza.me\/casadainformatica\/#website\"},\"primaryImageOfPage\":{\"@id\":\"https:\/\/moderniza.me\/casadainformatica\/product\/processador-1151-intel-i3-6100-3-7-ghz-intel-sem-cooler-oem\/#primaryimage\"},\"datePublished\":\"2023-08-15T17:43:19+00:00\",\"dateModified\":\"2026-03-04T14:29:25+00:00\",\"inLanguage\":\"pt-BR\",\"potentialAction\":[{\"@type\":\"ReadAction\",\"target\":[\"https:\/\/moderniza.me\/casadainformatica\/product\/processador-1151-intel-i3-6100-3-7-ghz-intel-sem-cooler-oem\/\"]}]}]}<\/script>\n<!-- \/ Yoast SEO plugin. -->","_links":{"self":[{"href":"https:\/\/moderniza.me\/casadainformatica\/wp-json\/wp\/v2\/product\/1278"}],"collection":[{"href":"https:\/\/moderniza.me\/casadainformatica\/wp-json\/wp\/v2\/product"}],"about":[{"href":"https:\/\/moderniza.me\/casadainformatica\/wp-json\/wp\/v2\/types\/product"}],"replies":[{"embeddable":true,"href":"https:\/\/moderniza.me\/casadainformatica\/wp-json\/wp\/v2\/comments?post=1278"}],"version-history":[{"count":1,"href":"https:\/\/moderniza.me\/casadainformatica\/wp-json\/wp\/v2\/product\/1278\/revisions"}],"predecessor-version":[{"id":1289,"href":"https:\/\/moderniza.me\/casadainformatica\/wp-json\/wp\/v2\/product\/1278\/revisions\/1289"}],"wp:featuredmedia":[{"embeddable":true,"href":"https:\/\/moderniza.me\/casadainformatica\/wp-json\/wp\/v2\/media\/1288"}],"wp:attachment":[{"href":"https:\/\/moderniza.me\/casadainformatica\/wp-json\/wp\/v2\/media?parent=1278"}],"curies":[{"name":"wp","href":"https:\/\/api.w.org\/{rel}","templated":true}]}}