
{"id":1276,"date":"2023-08-15T14:43:16","date_gmt":"2023-08-15T17:43:16","guid":{"rendered":"https:\/\/moderniza.me\/casadainformatica\/product\/processador-1200-intel-i5-10400-cache-12mb-2-90ghz-turbo-4-3ghz\/"},"modified":"2025-01-31T16:54:32","modified_gmt":"2025-01-31T19:54:32","slug":"processador-1200-intel-i5-10400-cache-12mb-2-90ghz-turbo-4-3ghz","status":"publish","type":"product","link":"https:\/\/moderniza.me\/casadainformatica\/product\/processador-1200-intel-i5-10400-cache-12mb-2-90ghz-turbo-4-3ghz\/","title":{"rendered":"PROCESSADOR 1200 INTEL I5-10400 CACHE 12MB 2.90GHZ TURBO 4.3GHZ"},"content":{"rendered":"<p>Marca: INTEL<br \/>\n Caracter\u00edsticas:<\/p>\n<p>&#8211; Marca: Intel<\/p>\n<p>&#8211; Modelo:  BX8070110400<\/p>\n<p>Especifica\u00e7\u00f5es:<\/p>\n<p>&#8211; Litografia: 14 nm<\/p>\n<p>&#8211; Soquetes suportados: FCLGA1200<\/p>\n<p>&#8211; Configura\u00e7\u00e3o m\u00e1xima da CPU: 1<\/p>\n<p>&#8211; Especifica\u00e7\u00e3o de solu\u00e7\u00e3o t\u00e9rmica: PCG 2015C <\/p>\n<p>Atua\u00e7\u00e3o:<\/p>\n<p>&#8211; N\u00facleos: 6<\/p>\n<p>&#8211; Threads: 12<\/p>\n<p>&#8211; Frequ\u00eancia: Baseada em processador 2.90 GHz<\/p>\n<p>&#8211; Frequ\u00eancia turbo m\u00e1xima: 4,30 GHz<\/p>\n<p>&#8211; Cache: 12 MB Intel Smart Cache<\/p>\n<p>&#8211; Velocidade do barramento: 8 GT \/ s<\/p>\n<p>&#8211; TDP: 65 W<\/p>\n<p>Mem\u00f3ria:<\/p>\n<p>&#8211; Tamanho m\u00e1ximo de mem\u00f3ria (dependendo do tipo de mem\u00f3ria): 128GB<\/p>\n<p>&#8211; Tipos de Mem\u00f3ria: DDR4-2666<\/p>\n<p>&#8211; N\u00famero m\u00e1ximo de canais de mem\u00f3ria: 2<\/p>\n<p>&#8211; Largura de banda m\u00e1xima da mem\u00f3ria: 41,6 GB \/ s<\/p>\n<p>Gr\u00e1ficos do Processador:<\/p>\n<p>&#8211; Gr\u00e1ficos do processador: Intel UHD Graphics 630<\/p>\n<p>&#8211; Frequ\u00eancia: baseada em gr\u00e1ficos 350 MHz<\/p>\n<p>&#8211; Frequ\u00eancia din\u00e2mica m\u00e1xima de gr\u00e1ficos: 1.10 GHz <\/p>\n<p>&#8211; Mem\u00f3ria gr\u00e1fica de v\u00eddeo m\u00e1ximo de 64GB<\/p>\n<p>&#8211; Suporte 4K: 60Hz<\/p>\n<p>&#8211; Resolu\u00e7\u00e3o m\u00e1xima (HDMI 1.4): 4096&#215;2160 @ 30Hz<\/p>\n<p>&#8211; Resolu\u00e7\u00e3o m\u00e1xima (DP): 4096&#215;2304 a 60Hz<\/p>\n<p>&#8211; Resolu\u00e7\u00e3o m\u00e1xima (eDP &#8211; Tela plana integrada): 4096&#215;2304 a 60Hz<\/p>\n<p>&#8211; Suporte ao DirectX *: 12<\/p>\n<p>&#8211; Suporte ao OpenGL *: 4.5<\/p>\n<p>&#8211; V\u00eddeo de sincroniza\u00e7\u00e3o r\u00e1pida Intel<\/p>\n<p>&#8211; Tecnologia Intel InTru 3D<\/p>\n<p>&#8211; Tecnologia Intel\u00ae Clear Video HD<\/p>\n<p>&#8211; Tecnologia Intel Clear Video<\/p>\n<p>&#8211; N\u00ba de monitores suportados: 3<\/p>\n<p>Op\u00e7\u00f5es de expans\u00e3o:<\/p>\n<p>&#8211; Escalabilidade: 1S Only<\/p>\n<p>&#8211; Revis\u00e3o do PCI Express: 3.0<\/p>\n<p>&#8211; Configura\u00e7\u00f5es PCI Express: At\u00e9 1&#215;16, 2&#215;8, 1&#215;8 + 2&#215;4<\/p>\n<p>&#8211; N\u00ba m\u00e1ximo de pistas PCI Express: 16 <\/p>\n<p>Tecnologias avan\u00e7adas:<\/p>\n<p>&#8211; Mem\u00f3ria Intel Optane suportada<\/p>\n<p>&#8211; Tecnologia Intel Turbo Boost: 2.0<\/p>\n<p>&#8211; Tecnologia Intel Hyper-Threading<\/p>\n<p>&#8211; Tecnologia de virtualiza\u00e7\u00e3o Intel\u00ae (VT-x)<\/p>\n<p>&#8211; Tecnologia de virtualiza\u00e7\u00e3o Intel para E\/S direcionada (VT-d)<\/p>\n<p>&#8211; Intel VT-x com tabelas de p\u00e1ginas estendidas (EPT) <\/p>\n<p>&#8211; Intel 64 <\/p>\n<p>&#8211; Conjunto de instru\u00e7\u00f5es: 64 bits<\/p>\n<p>&#8211; Extens\u00f5es do conjunto de instru\u00e7\u00f5es: Intel SSE4.1, Intel SSE4.2, Intel AVX2<\/p>\n<p>&#8211; Tecnologia Intel SpeedStep aprimorada<\/p>\n<p>&#8211; Tecnologias de monitoramento t\u00e9rmico<\/p>\n<p>&#8211; Tecnologia de prote\u00e7\u00e3o de identidade Intel<\/p>\n<p>Conte\u00fado da embalagem:<br \/>\n&#8211; 1 x Processador Intel Core i5-10400<\/p>\n<p>Peso:<br \/>\n240 gramas (bruto com embalagem)<\/p>\n","protected":false},"excerpt":{"rendered":"<p>PROCESSADOR 1200 INTEL I5-10400 CACHE 12MB 2.90GHZ TURBO 4.3GHZ<\/p>\n","protected":false},"featured_media":1295,"comment_status":"open","ping_status":"closed","template":"","meta":[],"yoast_head":"<!-- This site is optimized with the Yoast SEO plugin v15.7 - https:\/\/yoast.com\/wordpress\/plugins\/seo\/ -->\n<title>PROCESSADOR 1200 INTEL I5-10400 CACHE 12MB 2.90GHZ TURBO 4.3GHZ - Casa da Inform\u00e1tica<\/title>\n<meta name=\"robots\" content=\"index, follow, max-snippet:-1, max-image-preview:large, max-video-preview:-1\" \/>\n<link rel=\"canonical\" href=\"https:\/\/moderniza.me\/casadainformatica\/product\/processador-1200-intel-i5-10400-cache-12mb-2-90ghz-turbo-4-3ghz\/\" \/>\n<meta property=\"og:locale\" content=\"pt_BR\" \/>\n<meta property=\"og:type\" content=\"article\" \/>\n<meta property=\"og:title\" content=\"PROCESSADOR 1200 INTEL I5-10400 CACHE 12MB 2.90GHZ TURBO 4.3GHZ - Casa da Inform\u00e1tica\" \/>\n<meta property=\"og:description\" content=\"PROCESSADOR 1200 INTEL I5-10400 CACHE 12MB 2.90GHZ TURBO 4.3GHZ\" \/>\n<meta property=\"og:url\" content=\"https:\/\/moderniza.me\/casadainformatica\/product\/processador-1200-intel-i5-10400-cache-12mb-2-90ghz-turbo-4-3ghz\/\" \/>\n<meta property=\"og:site_name\" content=\"Casa da Inform\u00e1tica\" \/>\n<meta property=\"article:modified_time\" content=\"2025-01-31T19:54:32+00:00\" \/>\n<meta name=\"twitter:card\" content=\"summary_large_image\" \/>\n<meta name=\"twitter:label1\" content=\"Est. reading time\">\n\t<meta name=\"twitter:data1\" content=\"2 minutos\">\n<script type=\"application\/ld+json\" class=\"yoast-schema-graph\">{\"@context\":\"https:\/\/schema.org\",\"@graph\":[{\"@type\":\"WebSite\",\"@id\":\"https:\/\/moderniza.me\/casadainformatica\/#website\",\"url\":\"https:\/\/moderniza.me\/casadainformatica\/\",\"name\":\"Casa da Inform\\u00e1tica\",\"description\":\"Compre Online de Lojas Locais\",\"potentialAction\":[{\"@type\":\"SearchAction\",\"target\":\"https:\/\/moderniza.me\/casadainformatica\/?s={search_term_string}\",\"query-input\":\"required name=search_term_string\"}],\"inLanguage\":\"pt-BR\"},{\"@type\":\"ImageObject\",\"@id\":\"https:\/\/moderniza.me\/casadainformatica\/product\/processador-1200-intel-i5-10400-cache-12mb-2-90ghz-turbo-4-3ghz\/#primaryimage\",\"inLanguage\":\"pt-BR\",\"url\":\"https:\/\/moderniza.me\/casadainformatica\/wp-content\/uploads\/sites\/112\/2023\/08\/1747_1.png\",\"width\":679,\"height\":744},{\"@type\":\"WebPage\",\"@id\":\"https:\/\/moderniza.me\/casadainformatica\/product\/processador-1200-intel-i5-10400-cache-12mb-2-90ghz-turbo-4-3ghz\/#webpage\",\"url\":\"https:\/\/moderniza.me\/casadainformatica\/product\/processador-1200-intel-i5-10400-cache-12mb-2-90ghz-turbo-4-3ghz\/\",\"name\":\"PROCESSADOR 1200 INTEL I5-10400 CACHE 12MB 2.90GHZ TURBO 4.3GHZ - Casa da Inform\\u00e1tica\",\"isPartOf\":{\"@id\":\"https:\/\/moderniza.me\/casadainformatica\/#website\"},\"primaryImageOfPage\":{\"@id\":\"https:\/\/moderniza.me\/casadainformatica\/product\/processador-1200-intel-i5-10400-cache-12mb-2-90ghz-turbo-4-3ghz\/#primaryimage\"},\"datePublished\":\"2023-08-15T17:43:16+00:00\",\"dateModified\":\"2025-01-31T19:54:32+00:00\",\"inLanguage\":\"pt-BR\",\"potentialAction\":[{\"@type\":\"ReadAction\",\"target\":[\"https:\/\/moderniza.me\/casadainformatica\/product\/processador-1200-intel-i5-10400-cache-12mb-2-90ghz-turbo-4-3ghz\/\"]}]}]}<\/script>\n<!-- \/ Yoast SEO plugin. -->","_links":{"self":[{"href":"https:\/\/moderniza.me\/casadainformatica\/wp-json\/wp\/v2\/product\/1276"}],"collection":[{"href":"https:\/\/moderniza.me\/casadainformatica\/wp-json\/wp\/v2\/product"}],"about":[{"href":"https:\/\/moderniza.me\/casadainformatica\/wp-json\/wp\/v2\/types\/product"}],"replies":[{"embeddable":true,"href":"https:\/\/moderniza.me\/casadainformatica\/wp-json\/wp\/v2\/comments?post=1276"}],"version-history":[{"count":1,"href":"https:\/\/moderniza.me\/casadainformatica\/wp-json\/wp\/v2\/product\/1276\/revisions"}],"predecessor-version":[{"id":1296,"href":"https:\/\/moderniza.me\/casadainformatica\/wp-json\/wp\/v2\/product\/1276\/revisions\/1296"}],"wp:featuredmedia":[{"embeddable":true,"href":"https:\/\/moderniza.me\/casadainformatica\/wp-json\/wp\/v2\/media\/1295"}],"wp:attachment":[{"href":"https:\/\/moderniza.me\/casadainformatica\/wp-json\/wp\/v2\/media?parent=1276"}],"curies":[{"name":"wp","href":"https:\/\/api.w.org\/{rel}","templated":true}]}}