
{"id":1275,"date":"2023-08-15T14:43:15","date_gmt":"2023-08-15T17:43:15","guid":{"rendered":"https:\/\/moderniza.me\/casadainformatica\/product\/processador-amd-ryzen-r5-3600-42ghz-ddr4-am4-32mb-cache\/"},"modified":"2025-11-21T15:59:22","modified_gmt":"2025-11-21T18:59:22","slug":"processador-amd-ryzen-r5-3600-42ghz-ddr4-am4-32mb-cache","status":"publish","type":"product","link":"https:\/\/moderniza.me\/casadainformatica\/product\/processador-amd-ryzen-r5-3600-42ghz-ddr4-am4-32mb-cache\/","title":{"rendered":"PROCESSADOR AMD RYZEN 5 3600 4,2GHZ DDR4 AM4 32MB CACHE"},"content":{"rendered":"<p>Marca: AMD<br \/>\n CARACTER\u00cdSTICAS:<br \/>\n&#8211; Marca: AMD<br \/>\n&#8211; Modelo: 100-100000031SBX<\/p>\n<p>ESPECIFICA\u00c7\u00d5ES:<br \/>\n&#8211; N\u00ba de n\u00facleos de CPU: 6<br \/>\n&#8211; N\u00ba de threads: 12<br \/>\n&#8211; Clock de Max Boost; At\u00e9 4.2GHz<br \/>\n&#8211; Clock b\u00e1sico: 3.6GHz<br \/>\n&#8211; Cach\u00ea L1 total: 384KB<br \/>\n&#8211; Cach\u00ea L2 total: 3MB<br \/>\n&#8211; Cach\u00ea L3 total: 32MB<br \/>\n&#8211; TDP \/ TDP Padr\u00e3o: 65W<br \/>\n&#8211; Processor Technology for CPU Cores: TSMC 7nm FinFET<br \/>\n&#8211; Desbloqueado: Sim<br \/>\n&#8211; CPU Socket: AM4<br \/>\n&#8211; Solu\u00e7\u00e3o t\u00e9rmica: Wraith Stealth<br \/>\n&#8211; Temps m\u00e1x: 95\u00b0C<\/p>\n<p>Suporte de SO<br \/>\n&#8211; Edi\u00e7\u00e3o Windows 11 &#8211; 64-Bit<br \/>\n&#8211; Edi\u00e7\u00e3o Windows 10 &#8211; 64-Bit<br \/>\n&#8211; RHEL x86 64-Bit<br \/>\n&#8211; Ubuntu x86 64-Bit<br \/>\n&#8211; O suporte ao sistema operacional (SO) poder\u00e1 variar de acordo com o fabricante.<\/p>\n<p>Conectividade<br \/>\n&#8211; Vers\u00e3o do PCI Express: PCIe 4.0 x16<br \/>\n&#8211; Tipo de mem\u00f3ria: DDR4<br \/>\n&#8211; Canais de mem\u00f3ria: 2<br \/>\n&#8211; Velocidade m\u00e1xima da mem\u00f3ria: At\u00e9 3200MHz<\/p>\n<p>CONTE\u00daDO DA EMBALAGEM:<br \/>\n&#8211; Processador Amd Ryzen 5 3600 Am4 4.2ghz 35mb Cache Cooler Wraith Stealth S\/ V\u00eddeo Integrado &#8211; 100-100000031sbx<\/p>\n<p>Garantia do Fornecedor<\/p>\n<p>12 Meses<\/p>\n","protected":false},"excerpt":{"rendered":"<p>PROCESSADOR AMD RYZEN 5 3600 4,2GHZ DDR4 AM4 32MB CACHE<\/p>\n","protected":false},"featured_media":1290,"comment_status":"open","ping_status":"closed","template":"","meta":[],"yoast_head":"<!-- This site is optimized with the Yoast SEO plugin v15.7 - https:\/\/yoast.com\/wordpress\/plugins\/seo\/ -->\n<title>PROCESSADOR AMD RYZEN 5 3600 4,2GHZ DDR4 AM4 32MB CACHE - Casa da Inform\u00e1tica<\/title>\n<meta name=\"robots\" content=\"index, follow, max-snippet:-1, max-image-preview:large, max-video-preview:-1\" \/>\n<link rel=\"canonical\" href=\"https:\/\/moderniza.me\/casadainformatica\/product\/processador-amd-ryzen-r5-3600-42ghz-ddr4-am4-32mb-cache\/\" \/>\n<meta property=\"og:locale\" content=\"pt_BR\" \/>\n<meta property=\"og:type\" content=\"article\" \/>\n<meta property=\"og:title\" content=\"PROCESSADOR AMD RYZEN 5 3600 4,2GHZ DDR4 AM4 32MB CACHE - Casa da Inform\u00e1tica\" \/>\n<meta property=\"og:description\" content=\"PROCESSADOR AMD RYZEN 5 3600 4,2GHZ DDR4 AM4 32MB CACHE\" \/>\n<meta property=\"og:url\" content=\"https:\/\/moderniza.me\/casadainformatica\/product\/processador-amd-ryzen-r5-3600-42ghz-ddr4-am4-32mb-cache\/\" \/>\n<meta property=\"og:site_name\" content=\"Casa da Inform\u00e1tica\" \/>\n<meta property=\"article:modified_time\" content=\"2025-11-21T18:59:22+00:00\" \/>\n<meta property=\"og:image\" content=\"https:\/\/moderniza.me\/casadainformatica\/wp-content\/uploads\/sites\/112\/2023\/08\/1475_0.png\" \/>\n\t<meta property=\"og:image:width\" content=\"1500\" \/>\n\t<meta property=\"og:image:height\" content=\"1500\" \/>\n<meta name=\"twitter:card\" content=\"summary_large_image\" \/>\n<meta name=\"twitter:label1\" content=\"Est. reading time\">\n\t<meta name=\"twitter:data1\" content=\"1 minuto\">\n<script type=\"application\/ld+json\" class=\"yoast-schema-graph\">{\"@context\":\"https:\/\/schema.org\",\"@graph\":[{\"@type\":\"WebSite\",\"@id\":\"https:\/\/moderniza.me\/casadainformatica\/#website\",\"url\":\"https:\/\/moderniza.me\/casadainformatica\/\",\"name\":\"Casa da Inform\\u00e1tica\",\"description\":\"Compre Online de Lojas Locais\",\"potentialAction\":[{\"@type\":\"SearchAction\",\"target\":\"https:\/\/moderniza.me\/casadainformatica\/?s={search_term_string}\",\"query-input\":\"required name=search_term_string\"}],\"inLanguage\":\"pt-BR\"},{\"@type\":\"ImageObject\",\"@id\":\"https:\/\/moderniza.me\/casadainformatica\/product\/processador-amd-ryzen-r5-3600-42ghz-ddr4-am4-32mb-cache\/#primaryimage\",\"inLanguage\":\"pt-BR\",\"url\":\"https:\/\/moderniza.me\/casadainformatica\/wp-content\/uploads\/sites\/112\/2023\/08\/1475_0.png\",\"width\":1500,\"height\":1500},{\"@type\":\"WebPage\",\"@id\":\"https:\/\/moderniza.me\/casadainformatica\/product\/processador-amd-ryzen-r5-3600-42ghz-ddr4-am4-32mb-cache\/#webpage\",\"url\":\"https:\/\/moderniza.me\/casadainformatica\/product\/processador-amd-ryzen-r5-3600-42ghz-ddr4-am4-32mb-cache\/\",\"name\":\"PROCESSADOR AMD RYZEN 5 3600 4,2GHZ DDR4 AM4 32MB CACHE - Casa da Inform\\u00e1tica\",\"isPartOf\":{\"@id\":\"https:\/\/moderniza.me\/casadainformatica\/#website\"},\"primaryImageOfPage\":{\"@id\":\"https:\/\/moderniza.me\/casadainformatica\/product\/processador-amd-ryzen-r5-3600-42ghz-ddr4-am4-32mb-cache\/#primaryimage\"},\"datePublished\":\"2023-08-15T17:43:15+00:00\",\"dateModified\":\"2025-11-21T18:59:22+00:00\",\"inLanguage\":\"pt-BR\",\"potentialAction\":[{\"@type\":\"ReadAction\",\"target\":[\"https:\/\/moderniza.me\/casadainformatica\/product\/processador-amd-ryzen-r5-3600-42ghz-ddr4-am4-32mb-cache\/\"]}]}]}<\/script>\n<!-- \/ Yoast SEO plugin. -->","_links":{"self":[{"href":"https:\/\/moderniza.me\/casadainformatica\/wp-json\/wp\/v2\/product\/1275"}],"collection":[{"href":"https:\/\/moderniza.me\/casadainformatica\/wp-json\/wp\/v2\/product"}],"about":[{"href":"https:\/\/moderniza.me\/casadainformatica\/wp-json\/wp\/v2\/types\/product"}],"replies":[{"embeddable":true,"href":"https:\/\/moderniza.me\/casadainformatica\/wp-json\/wp\/v2\/comments?post=1275"}],"version-history":[{"count":2,"href":"https:\/\/moderniza.me\/casadainformatica\/wp-json\/wp\/v2\/product\/1275\/revisions"}],"predecessor-version":[{"id":1293,"href":"https:\/\/moderniza.me\/casadainformatica\/wp-json\/wp\/v2\/product\/1275\/revisions\/1293"}],"wp:featuredmedia":[{"embeddable":true,"href":"https:\/\/moderniza.me\/casadainformatica\/wp-json\/wp\/v2\/media\/1290"}],"wp:attachment":[{"href":"https:\/\/moderniza.me\/casadainformatica\/wp-json\/wp\/v2\/media?parent=1275"}],"curies":[{"name":"wp","href":"https:\/\/api.w.org\/{rel}","templated":true}]}}