
{"id":1238,"date":"2023-08-14T16:54:17","date_gmt":"2023-08-14T19:54:17","guid":{"rendered":"https:\/\/moderniza.me\/casadainformatica\/product\/processador-1200-i3-10100f-3-60ghz-max-turbo-4-30ghzcache-6mb-intel\/"},"modified":"2025-01-31T16:54:30","modified_gmt":"2025-01-31T19:54:30","slug":"processador-1200-i3-10100f-3-60ghz-max-turbo-4-30ghzcache-6mb-intel","status":"publish","type":"product","link":"https:\/\/moderniza.me\/casadainformatica\/product\/processador-1200-i3-10100f-3-60ghz-max-turbo-4-30ghzcache-6mb-intel\/","title":{"rendered":"PROCESSADOR 1200 I3 10100F 3.60GHZ (MAX TURBO 4.30GHZ)CACHE 6MB INTEL"},"content":{"rendered":"<p>Marca: INTEL<br \/>\nProcessador Intel Core i3-10100F, Cache 6MB, 4.30 GHz, LGA 1200 <\/p>\n<p>N\u00c3O possui video intergrado<\/p>\n<p>INFORMA\u00c7\u00d5ES T\u00c9CNICAS<br \/>\nEspecifica\u00e7\u00f5es:<\/p>\n<p>&#8211; Marca: Intel<\/p>\n<p>&#8211; Modelo: BX8070110100F<\/p>\n<p>CPU:<\/p>\n<p>&#8211; N\u00facleos: 4<\/p>\n<p>&#8211; Threads: 8<\/p>\n<p>Frequ\u00eancia:<\/p>\n<p>&#8211; Base: 3.60 GHz<\/p>\n<p>&#8211; Turbo max: 4.30 GHz<\/p>\n<p>Cache:<\/p>\n<p>&#8211; 6 MB Intel\u00ae Smart Cache<\/p>\n<p>Velocidade do barramento:<\/p>\n<p>&#8211; 8 GT\/s<\/p>\n<p>TDP:<\/p>\n<p>&#8211; 65 W<\/p>\n<p>Mem\u00f3ria:<\/p>\n<p>&#8211; Tamanho m\u00e1ximo de mem\u00f3ria (de acordo com o tipo de mem\u00f3ria): 128 GB<\/p>\n<p>&#8211; Tipos de mem\u00f3ria: DDR4-2666<\/p>\n<p>&#8211; N\u00ba m\u00e1ximo de canais de mem\u00f3ria: 2<\/p>\n<p>&#8211; Largura de banda m\u00e1xima da mem\u00f3ria: 41.6 GB\/s<\/p>\n<p>Op\u00e7\u00f5es de expans\u00e3o:<\/p>\n<p>&#8211; Escalabilidade: 1S Only<\/p>\n<p>&#8211; Revis\u00e3o de PCI Express: 3.0<\/p>\n<p>&#8211; Configura\u00e7\u00f5es PCI Express \u2021: At\u00e9 1&#215;16, 2&#215;8, 1&#215;8+2&#215;4<\/p>\n<p>&#8211; N\u00ba m\u00e1ximo de linhas PCI Express: 16-<\/p>\n<p>Encapsulamento:<\/p>\n<p>&#8211; Soquetes suportados: FCLGA1200<\/p>\n<p>&#8211; Configura\u00e7\u00e3o m\u00e1xima da CPU: 1<\/p>\n<p>&#8211; Especifica\u00e7\u00e3o de solu\u00e7\u00e3o t\u00e9rmica: PCG 2015C<\/p>\n<p>&#8211; TJUNCTION: 100\u00b0C<\/p>\n<p>&#8211; Tamanho do pacote: 37.5 mm x 37.5 mm<\/p>\n<p>Tecnologias avan\u00e7adas:<\/p>\n<p>&#8211; Compat\u00edvel com Intel\u00ae Optane\u2122 Memory<\/p>\n<p>&#8211; Tecnologia Intel\u00ae Turbo Boost: 2.0<\/p>\n<p>&#8211; Tecnologia Hyper-Threading Intel\u00ae<\/p>\n<p>&#8211; Tecnologia de virtualiza\u00e7\u00e3o Intel\u00ae (VT-x)<\/p>\n<p>&#8211; Tecnologia de virtualiza\u00e7\u00e3o Intel\u00ae para E\/S dirigida (VT-d)<\/p>\n<p>&#8211; Intel\u00ae VT-x com Tabelas de p\u00e1ginas estendidas (EPT)<\/p>\n<p>&#8211; Intel\u00ae 64<\/p>\n<p>&#8211; Conjunto de instru\u00e7\u00f5es: 64-bit<\/p>\n<p>&#8211; Extens\u00f5es do conjunto de instru\u00e7\u00f5es: Intel\u00ae SSE4.1, Intel\u00ae SSE4.2, Intel\u00ae AVX2<\/p>\n<p>&#8211; Estados ociosos<\/p>\n<p>&#8211; Tecnologia Enhanced Intel SpeedStep<\/p>\n<p>&#8211; Tecnologias de monitoramento t\u00e9rmico<\/p>\n<p>&#8211; Tecnologia de prote\u00e7\u00e3o da identidade Intel\u00ae Identity \u2021<\/p>\n<p>Seguran\u00e7a e confiabilidade:<\/p>\n<p>&#8211; Novas instru\u00e7\u00f5es Intel\u00ae AES<\/p>\n<p>&#8211; Chave Segura<\/p>\n<p>&#8211; Intel\u00ae Software Guard Extensions (Intel\u00aeSGX): Intel\u00ae ME<\/p>\n<p>&#8211; Intel\u00ae OS Guard<\/p>\n<p>&#8211; Bit de desativa\u00e7\u00e3o de execu\u00e7\u00e3o<\/p>\n<p>&#8211; Intel\u00ae Boot Guard<\/p>\n<p>Conte\u00fado da embalagem:<\/p>\n<p>&#8211; 1 x Processador Intel Core i3-10100F<\/p>\n<p>Garantia:<br \/>\n90 dias<\/p>\n<p>Peso:<br \/>\n270 gramas (bruto com embalagem)<\/p>\n","protected":false},"excerpt":{"rendered":"<p>PROCESSADOR 1200 I3 10100F 3.60GHZ (MAX TURBO 4.30GHZ)CACHE 6MB INTEL<\/p>\n","protected":false},"featured_media":1282,"comment_status":"open","ping_status":"closed","template":"","meta":[],"yoast_head":"<!-- This site is optimized with the Yoast SEO plugin v15.7 - https:\/\/yoast.com\/wordpress\/plugins\/seo\/ -->\n<title>PROCESSADOR 1200 I3 10100F 3.60GHZ (MAX TURBO 4.30GHZ)CACHE 6MB INTEL - Casa da Inform\u00e1tica<\/title>\n<meta name=\"robots\" content=\"index, follow, max-snippet:-1, max-image-preview:large, max-video-preview:-1\" \/>\n<link rel=\"canonical\" href=\"https:\/\/moderniza.me\/casadainformatica\/product\/processador-1200-i3-10100f-3-60ghz-max-turbo-4-30ghzcache-6mb-intel\/\" \/>\n<meta property=\"og:locale\" content=\"pt_BR\" \/>\n<meta property=\"og:type\" content=\"article\" \/>\n<meta property=\"og:title\" content=\"PROCESSADOR 1200 I3 10100F 3.60GHZ (MAX TURBO 4.30GHZ)CACHE 6MB INTEL - Casa da Inform\u00e1tica\" \/>\n<meta property=\"og:description\" content=\"PROCESSADOR 1200 I3 10100F 3.60GHZ (MAX TURBO 4.30GHZ)CACHE 6MB INTEL\" \/>\n<meta property=\"og:url\" content=\"https:\/\/moderniza.me\/casadainformatica\/product\/processador-1200-i3-10100f-3-60ghz-max-turbo-4-30ghzcache-6mb-intel\/\" \/>\n<meta property=\"og:site_name\" content=\"Casa da Inform\u00e1tica\" \/>\n<meta property=\"article:modified_time\" content=\"2025-01-31T19:54:30+00:00\" \/>\n<meta property=\"og:image\" content=\"https:\/\/moderniza.me\/casadainformatica\/wp-content\/uploads\/sites\/112\/2023\/08\/2231_4.png\" \/>\n\t<meta property=\"og:image:width\" content=\"550\" \/>\n\t<meta property=\"og:image:height\" content=\"350\" \/>\n<meta name=\"twitter:card\" content=\"summary_large_image\" \/>\n<meta name=\"twitter:label1\" content=\"Est. reading time\">\n\t<meta name=\"twitter:data1\" content=\"2 minutos\">\n<script type=\"application\/ld+json\" class=\"yoast-schema-graph\">{\"@context\":\"https:\/\/schema.org\",\"@graph\":[{\"@type\":\"WebSite\",\"@id\":\"https:\/\/moderniza.me\/casadainformatica\/#website\",\"url\":\"https:\/\/moderniza.me\/casadainformatica\/\",\"name\":\"Casa da Inform\\u00e1tica\",\"description\":\"Compre Online de Lojas Locais\",\"potentialAction\":[{\"@type\":\"SearchAction\",\"target\":\"https:\/\/moderniza.me\/casadainformatica\/?s={search_term_string}\",\"query-input\":\"required name=search_term_string\"}],\"inLanguage\":\"pt-BR\"},{\"@type\":\"ImageObject\",\"@id\":\"https:\/\/moderniza.me\/casadainformatica\/product\/processador-1200-i3-10100f-3-60ghz-max-turbo-4-30ghzcache-6mb-intel\/#primaryimage\",\"inLanguage\":\"pt-BR\",\"url\":\"https:\/\/moderniza.me\/casadainformatica\/wp-content\/uploads\/sites\/112\/2023\/08\/2231_4.png\",\"width\":550,\"height\":350},{\"@type\":\"WebPage\",\"@id\":\"https:\/\/moderniza.me\/casadainformatica\/product\/processador-1200-i3-10100f-3-60ghz-max-turbo-4-30ghzcache-6mb-intel\/#webpage\",\"url\":\"https:\/\/moderniza.me\/casadainformatica\/product\/processador-1200-i3-10100f-3-60ghz-max-turbo-4-30ghzcache-6mb-intel\/\",\"name\":\"PROCESSADOR 1200 I3 10100F 3.60GHZ (MAX TURBO 4.30GHZ)CACHE 6MB INTEL - Casa da Inform\\u00e1tica\",\"isPartOf\":{\"@id\":\"https:\/\/moderniza.me\/casadainformatica\/#website\"},\"primaryImageOfPage\":{\"@id\":\"https:\/\/moderniza.me\/casadainformatica\/product\/processador-1200-i3-10100f-3-60ghz-max-turbo-4-30ghzcache-6mb-intel\/#primaryimage\"},\"datePublished\":\"2023-08-14T19:54:17+00:00\",\"dateModified\":\"2025-01-31T19:54:30+00:00\",\"inLanguage\":\"pt-BR\",\"potentialAction\":[{\"@type\":\"ReadAction\",\"target\":[\"https:\/\/moderniza.me\/casadainformatica\/product\/processador-1200-i3-10100f-3-60ghz-max-turbo-4-30ghzcache-6mb-intel\/\"]}]}]}<\/script>\n<!-- \/ Yoast SEO plugin. -->","_links":{"self":[{"href":"https:\/\/moderniza.me\/casadainformatica\/wp-json\/wp\/v2\/product\/1238"}],"collection":[{"href":"https:\/\/moderniza.me\/casadainformatica\/wp-json\/wp\/v2\/product"}],"about":[{"href":"https:\/\/moderniza.me\/casadainformatica\/wp-json\/wp\/v2\/types\/product"}],"replies":[{"embeddable":true,"href":"https:\/\/moderniza.me\/casadainformatica\/wp-json\/wp\/v2\/comments?post=1238"}],"version-history":[{"count":1,"href":"https:\/\/moderniza.me\/casadainformatica\/wp-json\/wp\/v2\/product\/1238\/revisions"}],"predecessor-version":[{"id":1284,"href":"https:\/\/moderniza.me\/casadainformatica\/wp-json\/wp\/v2\/product\/1238\/revisions\/1284"}],"wp:featuredmedia":[{"embeddable":true,"href":"https:\/\/moderniza.me\/casadainformatica\/wp-json\/wp\/v2\/media\/1282"}],"wp:attachment":[{"href":"https:\/\/moderniza.me\/casadainformatica\/wp-json\/wp\/v2\/media?parent=1238"}],"curies":[{"name":"wp","href":"https:\/\/api.w.org\/{rel}","templated":true}]}}