
{"id":1235,"date":"2023-08-14T16:26:45","date_gmt":"2023-08-14T19:26:45","guid":{"rendered":"https:\/\/moderniza.me\/casadainformatica\/product\/placa-de-video-gt220-1gb-ddr3-128-bits-afox\/"},"modified":"2025-01-31T16:54:30","modified_gmt":"2025-01-31T19:54:30","slug":"placa-de-video-gt220-1gb-ddr3-128-bits-afox","status":"publish","type":"product","link":"https:\/\/moderniza.me\/casadainformatica\/product\/placa-de-video-gt220-1gb-ddr3-128-bits-afox\/","title":{"rendered":"PLACA DE VIDEO GT220 1GB DDR3 128 BITS AFOX"},"content":{"rendered":"<p>Marca: AFOX<br \/>\nInforma\u00e7\u00f5es do Produto<br \/>\nPlaca de V\u00eddeo Afox GT220 1GB, DDR3, 128Bits, Low Profile, HDMI\/DVI\/VGA &#8211; AF220-1024D3L2<br \/>\nPlaca de V\u00eddeo Afox GT220 1GB, DDR3, 128Bits, Low Profile, HDMI\/DVI\/VGA &#8211; AF220-1024D3L2<\/p>\n<p>DESCRI\u00c7\u00c3O:<\/p>\n<p>O AFOX pode rodar a maioria dos jogos online em alta taxa de quadros. A tecnologia de exibi\u00e7\u00e3o inteligente de jogos da AMD, voc\u00ea pode dar adeus ao congestionamento e atraso de v\u00eddeo e possui excelente capacidade de renderiza\u00e7\u00e3o de imagem para acelerar sua experi\u00eancia de jogo e cria\u00e7\u00e3o de design. Enquanto isso, a tecnologia exclusiva da l\u00e2mina da h\u00e9lice traz um efeito legal furioso.<\/p>\n<p>INFORMA\u00c7\u00d5ES T\u00c9CNICAS:<br \/>\n&#8211; Marca: AFOX<br \/>\n&#8211; Modelo: GT220<br \/>\n&#8211; P\/N: AF220-1024D3L2<\/p>\n<p>ESPECIFICA\u00c7\u00d5ES:<\/p>\n<p>Graphics Engine: NVIDIA GeForce GT 220<br \/>\n&#8211; GPU: GT216<br \/>\n&#8211; Litografia: 40 nm<br \/>\n&#8211; Interface: PCIe 2.0 x16<br \/>\n&#8211; CUDA Cores: 48<br \/>\n&#8211; Tamanho da Mem\u00f3ria: 1024 MB<br \/>\n&#8211; Tipo de Mem\u00f3ria: DDR3<br \/>\n&#8211; Velocidade da Mem\u00f3ria (eficaz): 790 MHz (1580 MHz)<br \/>\n&#8211; Barramento de Mem\u00f3ria: 128 Bits<br \/>\n&#8211; GPU Clock: 626 MHz<br \/>\n&#8211; OpenGL: 3.3<br \/>\n&#8211; DirectX: 10.1<br \/>\n&#8211; Bracket Low Profile<\/p>\n<p>PORTAS:<br \/>\n&#8211; 01 x HDMI<br \/>\n&#8211; 01 x DVI<br \/>\n&#8211; 01 x VGA<\/p>\n","protected":false},"excerpt":{"rendered":"<p>PLACA DE VIDEO GT220 1GB DDR3 128 BITS AFOX<\/p>\n","protected":false},"featured_media":1233,"comment_status":"open","ping_status":"closed","template":"","meta":[],"yoast_head":"<!-- This site is optimized with the Yoast SEO plugin v15.7 - https:\/\/yoast.com\/wordpress\/plugins\/seo\/ -->\n<title>PLACA DE VIDEO GT220 1GB DDR3 128 BITS AFOX - Casa da Inform\u00e1tica<\/title>\n<meta name=\"robots\" content=\"index, follow, max-snippet:-1, max-image-preview:large, max-video-preview:-1\" \/>\n<link rel=\"canonical\" href=\"https:\/\/moderniza.me\/casadainformatica\/product\/placa-de-video-gt220-1gb-ddr3-128-bits-afox\/\" \/>\n<meta property=\"og:locale\" content=\"pt_BR\" \/>\n<meta property=\"og:type\" content=\"article\" \/>\n<meta property=\"og:title\" content=\"PLACA DE VIDEO GT220 1GB DDR3 128 BITS AFOX - Casa da Inform\u00e1tica\" \/>\n<meta property=\"og:description\" content=\"PLACA DE VIDEO GT220 1GB DDR3 128 BITS AFOX\" \/>\n<meta property=\"og:url\" content=\"https:\/\/moderniza.me\/casadainformatica\/product\/placa-de-video-gt220-1gb-ddr3-128-bits-afox\/\" \/>\n<meta property=\"og:site_name\" content=\"Casa da Inform\u00e1tica\" \/>\n<meta property=\"article:modified_time\" content=\"2025-01-31T19:54:30+00:00\" \/>\n<meta name=\"twitter:card\" content=\"summary_large_image\" \/>\n<meta name=\"twitter:label1\" content=\"Est. reading time\">\n\t<meta name=\"twitter:data1\" content=\"1 minuto\">\n<script type=\"application\/ld+json\" class=\"yoast-schema-graph\">{\"@context\":\"https:\/\/schema.org\",\"@graph\":[{\"@type\":\"WebSite\",\"@id\":\"https:\/\/moderniza.me\/casadainformatica\/#website\",\"url\":\"https:\/\/moderniza.me\/casadainformatica\/\",\"name\":\"Casa da Inform\\u00e1tica\",\"description\":\"Compre Online de Lojas Locais\",\"potentialAction\":[{\"@type\":\"SearchAction\",\"target\":\"https:\/\/moderniza.me\/casadainformatica\/?s={search_term_string}\",\"query-input\":\"required name=search_term_string\"}],\"inLanguage\":\"pt-BR\"},{\"@type\":\"ImageObject\",\"@id\":\"https:\/\/moderniza.me\/casadainformatica\/product\/placa-de-video-gt220-1gb-ddr3-128-bits-afox\/#primaryimage\",\"inLanguage\":\"pt-BR\",\"url\":\"https:\/\/moderniza.me\/casadainformatica\/wp-content\/uploads\/sites\/112\/2023\/08\/1000247_0.png\",\"width\":1000,\"height\":1000},{\"@type\":\"WebPage\",\"@id\":\"https:\/\/moderniza.me\/casadainformatica\/product\/placa-de-video-gt220-1gb-ddr3-128-bits-afox\/#webpage\",\"url\":\"https:\/\/moderniza.me\/casadainformatica\/product\/placa-de-video-gt220-1gb-ddr3-128-bits-afox\/\",\"name\":\"PLACA DE VIDEO GT220 1GB DDR3 128 BITS AFOX - Casa da Inform\\u00e1tica\",\"isPartOf\":{\"@id\":\"https:\/\/moderniza.me\/casadainformatica\/#website\"},\"primaryImageOfPage\":{\"@id\":\"https:\/\/moderniza.me\/casadainformatica\/product\/placa-de-video-gt220-1gb-ddr3-128-bits-afox\/#primaryimage\"},\"datePublished\":\"2023-08-14T19:26:45+00:00\",\"dateModified\":\"2025-01-31T19:54:30+00:00\",\"inLanguage\":\"pt-BR\",\"potentialAction\":[{\"@type\":\"ReadAction\",\"target\":[\"https:\/\/moderniza.me\/casadainformatica\/product\/placa-de-video-gt220-1gb-ddr3-128-bits-afox\/\"]}]}]}<\/script>\n<!-- \/ Yoast SEO plugin. -->","_links":{"self":[{"href":"https:\/\/moderniza.me\/casadainformatica\/wp-json\/wp\/v2\/product\/1235"}],"collection":[{"href":"https:\/\/moderniza.me\/casadainformatica\/wp-json\/wp\/v2\/product"}],"about":[{"href":"https:\/\/moderniza.me\/casadainformatica\/wp-json\/wp\/v2\/types\/product"}],"replies":[{"embeddable":true,"href":"https:\/\/moderniza.me\/casadainformatica\/wp-json\/wp\/v2\/comments?post=1235"}],"version-history":[{"count":0,"href":"https:\/\/moderniza.me\/casadainformatica\/wp-json\/wp\/v2\/product\/1235\/revisions"}],"wp:featuredmedia":[{"embeddable":true,"href":"https:\/\/moderniza.me\/casadainformatica\/wp-json\/wp\/v2\/media\/1233"}],"wp:attachment":[{"href":"https:\/\/moderniza.me\/casadainformatica\/wp-json\/wp\/v2\/media?parent=1235"}],"curies":[{"name":"wp","href":"https:\/\/api.w.org\/{rel}","templated":true}]}}