
{"id":1229,"date":"2023-08-14T16:26:37","date_gmt":"2023-08-14T19:26:37","guid":{"rendered":"https:\/\/moderniza.me\/casadainformatica\/product\/placa-de-video-gt-730-4gb-ddr3-64-bits-pcie-2-0-geforce-galax\/"},"modified":"2025-07-14T17:38:10","modified_gmt":"2025-07-14T20:38:10","slug":"placa-de-video-gt-730-4gb-ddr3-64-bits-pcie-2-0-geforce-galax","status":"publish","type":"product","link":"https:\/\/moderniza.me\/casadainformatica\/product\/placa-de-video-gt-730-4gb-ddr3-64-bits-pcie-2-0-geforce-galax\/","title":{"rendered":"PLACA DE VIDEO GT 730 4GB DDR3 64 BITS PCIE 2.0 GEFORCE GALAX"},"content":{"rendered":"<p>Marca: GALAX<br \/>\nCaracter\u00edsticas:<br \/>\n&#8211; Marca: Galax<br \/>\n&#8211; Modelo: 73GQS4HX00WG<\/p>\n<p>Especifica\u00e7\u00f5es:<br \/>\n&#8211; Requisito M\u00ednimo de Energia do Sistema (W) 300W<\/p>\n<p>Mecanismo de GPU:<br \/>\n&#8211; Tecnologia NVIDIA PhysX<br \/>\n&#8211; NVIDIA Adaptive VSync<br \/>\n&#8211; NVIDIA FXAA<br \/>\n&#8211; API do Microsoft DirectX 12<br \/>\n&#8211; Pronto para NVIDIA 3D Vision<br \/>\n&#8211; Tecnologia NVIDIA CUDA<br \/>\n&#8211; N\u00facleos CUDA 384<br \/>\n&#8211; Clock Base (MHz) 901<br \/>\n&#8211; Boost Clock (MHz) N\/A<\/p>\n<p>Mem\u00f3ria:<br \/>\n&#8211; Velocidade da Mem\u00f3ria: 10,64 Gbps<br \/>\n&#8211; Configura\u00e7\u00e3o de mem\u00f3ria padr\u00e3o 4096 MB<br \/>\n&#8211; Largura da Interface de Mem\u00f3ria DDR3 de 64 bits<\/p>\n<p>Suporte a recursos:<br \/>\n&#8211; OpenGL 4.4<br \/>\n&#8211; Suporte PCI Express 2.0<br \/>\n&#8211; Certificado para Windows XP \/ Vista \/ 7 \/ 8.1, 32\/64 bits Sim<br \/>\n&#8211; Tecnologias suportadas CUDA, PhysX, FXAA, DirectX 12, Adaptive VSync, 3D Vision<br \/>\n&#8211; Op\u00e7\u00f5es SLI n\u00e3o suportadas<\/p>\n<p>Suporte de exibi\u00e7\u00e3o:<br \/>\n&#8211; Exibi\u00e7\u00f5es de v\u00e1rios monitores 3<br \/>\n&#8211; Resolu\u00e7\u00e3o Digital M\u00e1xima 4096&#215;2160<br \/>\n&#8211; Resolu\u00e7\u00e3o m\u00e1xima VGA 2048&#215;1536<br \/>\n&#8211; Conectores de exibi\u00e7\u00e3o padr\u00e3o Dual-link DVI-I x1,HDMI x1,VGA x1<br \/>\n&#8211; Entrada de \u00e1udio para HDMI interno<\/p>\n<p>Dimens\u00f5es:<br \/>\n&#8211; Dimens\u00f5es (com suporte): 175*121*44 mm<br \/>\n&#8211; Dimens\u00f5es (sem suporte): 160*101*40 mm<\/p>\n<p>Requisitos do Sistema:<br \/>\n&#8211; Placa-m\u00e3e compat\u00edvel com PCI Express com um slot gr\u00e1fico x 8<br \/>\n&#8211; Fonte de alimenta\u00e7\u00e3o do sistema m\u00ednima de 300 W ou superior<br \/>\n&#8211; 300 MB de espa\u00e7o dispon\u00edvel no disco r\u00edgido<br \/>\n&#8211; 2 GB de mem\u00f3ria do sistema (4 GB ou superior recomendado)<br \/>\n&#8211; Sistema operacional Microsoft Windows 7, Windows Vista ou Windows XP (32 ou 64 bits)<br \/>\n&#8211; Unidade de CD-ROM\/DVD-ROM ou conex\u00e3o com a Internet<\/p>\n<p>Conte\u00fado da Embalagem:<br \/>\n&#8211; Placa de V\u00eddeo Galax NVIDIA Geforce GT 730<\/p>\n<p>Peso: 400 gramas (bruto com embalagem)<\/p>\n","protected":false},"excerpt":{"rendered":"<p>PLACA DE VIDEO GT 730 4GB DDR3 64 BITS PCIE 2.0 GEFORCE GALAX<\/p>\n","protected":false},"featured_media":1227,"comment_status":"open","ping_status":"closed","template":"","meta":[],"yoast_head":"<!-- This site is optimized with the Yoast SEO plugin v15.7 - https:\/\/yoast.com\/wordpress\/plugins\/seo\/ -->\n<title>PLACA DE VIDEO GT 730 4GB DDR3 64 BITS PCIE 2.0 GEFORCE GALAX - Casa da Inform\u00e1tica<\/title>\n<meta name=\"robots\" content=\"index, follow, max-snippet:-1, max-image-preview:large, max-video-preview:-1\" \/>\n<link rel=\"canonical\" href=\"https:\/\/moderniza.me\/casadainformatica\/product\/placa-de-video-gt-730-4gb-ddr3-64-bits-pcie-2-0-geforce-galax\/\" \/>\n<meta property=\"og:locale\" content=\"pt_BR\" \/>\n<meta property=\"og:type\" content=\"article\" \/>\n<meta property=\"og:title\" content=\"PLACA DE VIDEO GT 730 4GB DDR3 64 BITS PCIE 2.0 GEFORCE GALAX - Casa da Inform\u00e1tica\" \/>\n<meta property=\"og:description\" content=\"PLACA DE VIDEO GT 730 4GB DDR3 64 BITS PCIE 2.0 GEFORCE GALAX\" \/>\n<meta property=\"og:url\" content=\"https:\/\/moderniza.me\/casadainformatica\/product\/placa-de-video-gt-730-4gb-ddr3-64-bits-pcie-2-0-geforce-galax\/\" \/>\n<meta property=\"og:site_name\" content=\"Casa da Inform\u00e1tica\" \/>\n<meta property=\"article:modified_time\" content=\"2025-07-14T20:38:10+00:00\" \/>\n<meta name=\"twitter:card\" content=\"summary_large_image\" \/>\n<meta name=\"twitter:label1\" content=\"Est. reading time\">\n\t<meta name=\"twitter:data1\" content=\"1 minuto\">\n<script type=\"application\/ld+json\" class=\"yoast-schema-graph\">{\"@context\":\"https:\/\/schema.org\",\"@graph\":[{\"@type\":\"WebSite\",\"@id\":\"https:\/\/moderniza.me\/casadainformatica\/#website\",\"url\":\"https:\/\/moderniza.me\/casadainformatica\/\",\"name\":\"Casa da Inform\\u00e1tica\",\"description\":\"Compre Online de Lojas Locais\",\"potentialAction\":[{\"@type\":\"SearchAction\",\"target\":\"https:\/\/moderniza.me\/casadainformatica\/?s={search_term_string}\",\"query-input\":\"required name=search_term_string\"}],\"inLanguage\":\"pt-BR\"},{\"@type\":\"ImageObject\",\"@id\":\"https:\/\/moderniza.me\/casadainformatica\/product\/placa-de-video-gt-730-4gb-ddr3-64-bits-pcie-2-0-geforce-galax\/#primaryimage\",\"inLanguage\":\"pt-BR\",\"url\":\"https:\/\/moderniza.me\/casadainformatica\/wp-content\/uploads\/sites\/112\/2023\/08\/1000158_0.png\",\"width\":500,\"height\":500},{\"@type\":\"WebPage\",\"@id\":\"https:\/\/moderniza.me\/casadainformatica\/product\/placa-de-video-gt-730-4gb-ddr3-64-bits-pcie-2-0-geforce-galax\/#webpage\",\"url\":\"https:\/\/moderniza.me\/casadainformatica\/product\/placa-de-video-gt-730-4gb-ddr3-64-bits-pcie-2-0-geforce-galax\/\",\"name\":\"PLACA DE VIDEO GT 730 4GB DDR3 64 BITS PCIE 2.0 GEFORCE GALAX - Casa da Inform\\u00e1tica\",\"isPartOf\":{\"@id\":\"https:\/\/moderniza.me\/casadainformatica\/#website\"},\"primaryImageOfPage\":{\"@id\":\"https:\/\/moderniza.me\/casadainformatica\/product\/placa-de-video-gt-730-4gb-ddr3-64-bits-pcie-2-0-geforce-galax\/#primaryimage\"},\"datePublished\":\"2023-08-14T19:26:37+00:00\",\"dateModified\":\"2025-07-14T20:38:10+00:00\",\"inLanguage\":\"pt-BR\",\"potentialAction\":[{\"@type\":\"ReadAction\",\"target\":[\"https:\/\/moderniza.me\/casadainformatica\/product\/placa-de-video-gt-730-4gb-ddr3-64-bits-pcie-2-0-geforce-galax\/\"]}]}]}<\/script>\n<!-- \/ Yoast SEO plugin. -->","_links":{"self":[{"href":"https:\/\/moderniza.me\/casadainformatica\/wp-json\/wp\/v2\/product\/1229"}],"collection":[{"href":"https:\/\/moderniza.me\/casadainformatica\/wp-json\/wp\/v2\/product"}],"about":[{"href":"https:\/\/moderniza.me\/casadainformatica\/wp-json\/wp\/v2\/types\/product"}],"replies":[{"embeddable":true,"href":"https:\/\/moderniza.me\/casadainformatica\/wp-json\/wp\/v2\/comments?post=1229"}],"version-history":[{"count":0,"href":"https:\/\/moderniza.me\/casadainformatica\/wp-json\/wp\/v2\/product\/1229\/revisions"}],"wp:featuredmedia":[{"embeddable":true,"href":"https:\/\/moderniza.me\/casadainformatica\/wp-json\/wp\/v2\/media\/1227"}],"wp:attachment":[{"href":"https:\/\/moderniza.me\/casadainformatica\/wp-json\/wp\/v2\/media?parent=1229"}],"curies":[{"name":"wp","href":"https:\/\/api.w.org\/{rel}","templated":true}]}}