
{"id":1226,"date":"2023-08-14T16:26:34","date_gmt":"2023-08-14T19:26:34","guid":{"rendered":"https:\/\/moderniza.me\/casadainformatica\/product\/placa-de-video-gt-1030-2gb-ddr5-64-bits-pcie-3-0-geforce-galax\/"},"modified":"2025-11-21T15:48:44","modified_gmt":"2025-11-21T18:48:44","slug":"placa-de-video-gt-1030-2gb-ddr5-64-bits-pcie-3-0-geforce-galax","status":"publish","type":"product","link":"https:\/\/moderniza.me\/casadainformatica\/product\/placa-de-video-gt-1030-2gb-ddr5-64-bits-pcie-3-0-geforce-galax\/","title":{"rendered":"PLACA DE VIDEO GT 1030 2GB DDR5 64 BITS PCIE 3.0 GEFORCE GALAX"},"content":{"rendered":"<p>Marca: GALAX<br \/>\nMarca:<br \/>\nGalax<\/p>\n<p>Modelo:<br \/>\nGalax GT 1030 2GB<br \/>\n30NPH4HVQ4ST<\/p>\n<p>Interface:<br \/>\nPci Express 3.0 16X <\/p>\n<p>Processador de V\u00eddeo (GPU):<br \/>\nGP108<\/p>\n<p>Frequencia do Processador de V\u00eddeo (GPU):<br \/>\n1227 MHz (Base Clock) \/ 1468 MHz (Boost)<\/p>\n<p>Mem\u00f3ria:<br \/>\n2 GB GDDR5<\/p>\n<p>Freq\u00fc\u00eancia da Mem\u00f3ria:<br \/>\n2048 MHz<\/p>\n<p>Interface da Mem\u00f3ria:<br \/>\n64bit <\/p>\n<p>CUDA Cores\/Stream Processors:<br \/>\n384 Cuda Processing Cores<\/p>\n<p>Unidades de Textura (Texture Units):<br \/>\n24<\/p>\n<p>ROPs (Raster Operation Units):<br \/>\n16<\/p>\n<p>Resolu\u00e7\u00e3o m\u00e1xima:<br \/>\n4096 x 2160<\/p>\n<p>Conectores:<br \/>\n1x DVI: (DVI-D);<br \/>\n1x HDMI<\/p>\n<p>Conector de Energia:<br \/>\n01 Pci Exp 8Pin<\/p>\n<p>Consumo de energia:<br \/>\n30W<\/p>\n<p>Fonte Recomendada:<br \/>\n300W ( de boa qualidade ) <\/p>\n","protected":false},"excerpt":{"rendered":"<p>PLACA DE VIDEO GT 1030 2GB DDR5 64 BITS PCIE 3.0 GEFORCE GALAX <\/p>\n","protected":false},"featured_media":1224,"comment_status":"open","ping_status":"closed","template":"","meta":[],"yoast_head":"<!-- This site is optimized with the Yoast SEO plugin v15.7 - https:\/\/yoast.com\/wordpress\/plugins\/seo\/ -->\n<title>PLACA DE VIDEO GT 1030 2GB DDR5 64 BITS PCIE 3.0 GEFORCE GALAX - Casa da Inform\u00e1tica<\/title>\n<meta name=\"robots\" content=\"index, follow, max-snippet:-1, max-image-preview:large, max-video-preview:-1\" \/>\n<link rel=\"canonical\" href=\"https:\/\/moderniza.me\/casadainformatica\/product\/placa-de-video-gt-1030-2gb-ddr5-64-bits-pcie-3-0-geforce-galax\/\" \/>\n<meta property=\"og:locale\" content=\"pt_BR\" \/>\n<meta property=\"og:type\" content=\"article\" \/>\n<meta property=\"og:title\" content=\"PLACA DE VIDEO GT 1030 2GB DDR5 64 BITS PCIE 3.0 GEFORCE GALAX - Casa da Inform\u00e1tica\" \/>\n<meta property=\"og:description\" content=\"PLACA DE VIDEO GT 1030 2GB DDR5 64 BITS PCIE 3.0 GEFORCE GALAX\" \/>\n<meta property=\"og:url\" content=\"https:\/\/moderniza.me\/casadainformatica\/product\/placa-de-video-gt-1030-2gb-ddr5-64-bits-pcie-3-0-geforce-galax\/\" \/>\n<meta property=\"og:site_name\" content=\"Casa da Inform\u00e1tica\" \/>\n<meta property=\"article:modified_time\" content=\"2025-11-21T18:48:44+00:00\" \/>\n<meta name=\"twitter:card\" content=\"summary_large_image\" \/>\n<script type=\"application\/ld+json\" class=\"yoast-schema-graph\">{\"@context\":\"https:\/\/schema.org\",\"@graph\":[{\"@type\":\"WebSite\",\"@id\":\"https:\/\/moderniza.me\/casadainformatica\/#website\",\"url\":\"https:\/\/moderniza.me\/casadainformatica\/\",\"name\":\"Casa da Inform\\u00e1tica\",\"description\":\"Compre Online de Lojas Locais\",\"potentialAction\":[{\"@type\":\"SearchAction\",\"target\":\"https:\/\/moderniza.me\/casadainformatica\/?s={search_term_string}\",\"query-input\":\"required name=search_term_string\"}],\"inLanguage\":\"pt-BR\"},{\"@type\":\"ImageObject\",\"@id\":\"https:\/\/moderniza.me\/casadainformatica\/product\/placa-de-video-gt-1030-2gb-ddr5-64-bits-pcie-3-0-geforce-galax\/#primaryimage\",\"inLanguage\":\"pt-BR\",\"url\":\"https:\/\/moderniza.me\/casadainformatica\/wp-content\/uploads\/sites\/112\/2023\/08\/1000157_1.png\",\"width\":1200,\"height\":1200},{\"@type\":\"WebPage\",\"@id\":\"https:\/\/moderniza.me\/casadainformatica\/product\/placa-de-video-gt-1030-2gb-ddr5-64-bits-pcie-3-0-geforce-galax\/#webpage\",\"url\":\"https:\/\/moderniza.me\/casadainformatica\/product\/placa-de-video-gt-1030-2gb-ddr5-64-bits-pcie-3-0-geforce-galax\/\",\"name\":\"PLACA DE VIDEO GT 1030 2GB DDR5 64 BITS PCIE 3.0 GEFORCE GALAX - Casa da Inform\\u00e1tica\",\"isPartOf\":{\"@id\":\"https:\/\/moderniza.me\/casadainformatica\/#website\"},\"primaryImageOfPage\":{\"@id\":\"https:\/\/moderniza.me\/casadainformatica\/product\/placa-de-video-gt-1030-2gb-ddr5-64-bits-pcie-3-0-geforce-galax\/#primaryimage\"},\"datePublished\":\"2023-08-14T19:26:34+00:00\",\"dateModified\":\"2025-11-21T18:48:44+00:00\",\"inLanguage\":\"pt-BR\",\"potentialAction\":[{\"@type\":\"ReadAction\",\"target\":[\"https:\/\/moderniza.me\/casadainformatica\/product\/placa-de-video-gt-1030-2gb-ddr5-64-bits-pcie-3-0-geforce-galax\/\"]}]}]}<\/script>\n<!-- \/ Yoast SEO plugin. -->","_links":{"self":[{"href":"https:\/\/moderniza.me\/casadainformatica\/wp-json\/wp\/v2\/product\/1226"}],"collection":[{"href":"https:\/\/moderniza.me\/casadainformatica\/wp-json\/wp\/v2\/product"}],"about":[{"href":"https:\/\/moderniza.me\/casadainformatica\/wp-json\/wp\/v2\/types\/product"}],"replies":[{"embeddable":true,"href":"https:\/\/moderniza.me\/casadainformatica\/wp-json\/wp\/v2\/comments?post=1226"}],"version-history":[{"count":0,"href":"https:\/\/moderniza.me\/casadainformatica\/wp-json\/wp\/v2\/product\/1226\/revisions"}],"wp:featuredmedia":[{"embeddable":true,"href":"https:\/\/moderniza.me\/casadainformatica\/wp-json\/wp\/v2\/media\/1224"}],"wp:attachment":[{"href":"https:\/\/moderniza.me\/casadainformatica\/wp-json\/wp\/v2\/media?parent=1226"}],"curies":[{"name":"wp","href":"https:\/\/api.w.org\/{rel}","templated":true}]}}