
{"id":1222,"date":"2023-08-14T16:26:26","date_gmt":"2023-08-14T19:26:26","guid":{"rendered":"https:\/\/moderniza.me\/casadainformatica\/product\/placa-de-video-gtx-1650-d6-oc-4g-gddr6-geforce-hdmi-displayport-dvi-gigabyte\/"},"modified":"2025-12-15T08:55:59","modified_gmt":"2025-12-15T11:55:59","slug":"placa-de-video-gtx-1650-d6-oc-4g-gddr6-geforce-hdmi-displayport-dvi-gigabyte","status":"publish","type":"product","link":"https:\/\/moderniza.me\/casadainformatica\/product\/placa-de-video-gtx-1650-d6-oc-4g-gddr6-geforce-hdmi-displayport-dvi-gigabyte\/","title":{"rendered":"PLACA DE VIDEO GTX 1650 D6 OC 4G &#8211; GDDR6  GEFORCE HDMI\/DISPLAYPORT\/DVI GIGABYTE"},"content":{"rendered":"<p>Marca: GIGABYTE<\/p>\n<p>Caracter\u00edsticas:<br \/>\n&#8211; Marca: Gigabyte<br \/>\n&#8211; Modelo: GV-N1656OC-4GD<\/p>\n<p>Especifica\u00e7\u00f5es:<\/p>\n<p>Chipset:<br \/>\n&#8211; GeForce GTX 1650<\/p>\n<p>Core Clock:<br \/>\n&#8211; 1635 MHz (Reference Card: 1590 MHz)<\/p>\n<p>CUDA Cores:<br \/>\n&#8211; 896<\/p>\n<p>Mem\u00f3ria:<br \/>\n&#8211; Capacidade: 4 GB<br \/>\n&#8211; Tipo: GDDR6<br \/>\n&#8211; Interface: 128 bit<br \/>\n&#8211; Largura de banda: 192 GB\/s<\/p>\n<p>Resolu\u00e7\u00e3o:<br \/>\n&#8211; M\u00e1xima digital: 7680 x 4320 @60Hz<\/p>\n<p>Geral:<br \/>\n&#8211; Suporte m\u00e1ximo de exibi\u00e7\u00e3o: 3<br \/>\n&#8211; Exig\u00eancia de energia: 300W<\/p>\n<p>Barramento de Cart\u00e3o:<br \/>\n&#8211; OpenGL: 4.6<br \/>\n&#8211; PCB Form: ATX<\/p>\n<p>Portas:<br \/>\n&#8211; 1 x DisplayPort 1.4<br \/>\n&#8211; 1 x HDMI 2.0b<br \/>\n&#8211; 1 x DVI-D <\/p>\n<p>Conte\u00fado da embalagem:<br \/>\n&#8211; 1 x Placa de V\u00eddeo Gigabyte<br \/>\n&#8211; 1 x Guia R\u00e1pido<\/p>\n<p>Garantia:<br \/>\n12 meses de garantia<\/p>\n","protected":false},"excerpt":{"rendered":"<p>PLACA DE VIDEO GTX 1650 D6 OC 4G &#8211; GDDR6  GEFORCE HDMI\/DISPLAYPORT\/DVI GIGABYTE<\/p>\n","protected":false},"featured_media":1221,"comment_status":"open","ping_status":"closed","template":"","meta":[],"yoast_head":"<!-- This site is optimized with the Yoast SEO plugin v15.7 - https:\/\/yoast.com\/wordpress\/plugins\/seo\/ -->\n<title>PLACA DE VIDEO GTX 1650 D6 OC 4G - GDDR6 GEFORCE HDMI\/DISPLAYPORT\/DVI GIGABYTE - Casa da Inform\u00e1tica<\/title>\n<meta name=\"robots\" content=\"index, follow, max-snippet:-1, max-image-preview:large, max-video-preview:-1\" \/>\n<link rel=\"canonical\" href=\"https:\/\/moderniza.me\/casadainformatica\/product\/placa-de-video-gtx-1650-d6-oc-4g-gddr6-geforce-hdmi-displayport-dvi-gigabyte\/\" \/>\n<meta property=\"og:locale\" content=\"pt_BR\" \/>\n<meta property=\"og:type\" content=\"article\" \/>\n<meta property=\"og:title\" content=\"PLACA DE VIDEO GTX 1650 D6 OC 4G - GDDR6 GEFORCE HDMI\/DISPLAYPORT\/DVI GIGABYTE - Casa da Inform\u00e1tica\" \/>\n<meta property=\"og:description\" content=\"PLACA DE VIDEO GTX 1650 D6 OC 4G - GDDR6 GEFORCE HDMI\/DISPLAYPORT\/DVI GIGABYTE\" \/>\n<meta property=\"og:url\" content=\"https:\/\/moderniza.me\/casadainformatica\/product\/placa-de-video-gtx-1650-d6-oc-4g-gddr6-geforce-hdmi-displayport-dvi-gigabyte\/\" \/>\n<meta property=\"og:site_name\" content=\"Casa da Inform\u00e1tica\" \/>\n<meta property=\"article:modified_time\" content=\"2025-12-15T11:55:59+00:00\" \/>\n<meta name=\"twitter:card\" content=\"summary_large_image\" \/>\n<meta name=\"twitter:label1\" content=\"Est. reading time\">\n\t<meta name=\"twitter:data1\" content=\"1 minuto\">\n<script type=\"application\/ld+json\" class=\"yoast-schema-graph\">{\"@context\":\"https:\/\/schema.org\",\"@graph\":[{\"@type\":\"WebSite\",\"@id\":\"https:\/\/moderniza.me\/casadainformatica\/#website\",\"url\":\"https:\/\/moderniza.me\/casadainformatica\/\",\"name\":\"Casa da Inform\\u00e1tica\",\"description\":\"Compre Online de Lojas Locais\",\"potentialAction\":[{\"@type\":\"SearchAction\",\"target\":\"https:\/\/moderniza.me\/casadainformatica\/?s={search_term_string}\",\"query-input\":\"required name=search_term_string\"}],\"inLanguage\":\"pt-BR\"},{\"@type\":\"ImageObject\",\"@id\":\"https:\/\/moderniza.me\/casadainformatica\/product\/placa-de-video-gtx-1650-d6-oc-4g-gddr6-geforce-hdmi-displayport-dvi-gigabyte\/#primaryimage\",\"inLanguage\":\"pt-BR\",\"url\":\"https:\/\/moderniza.me\/casadainformatica\/wp-content\/uploads\/sites\/112\/2023\/08\/1000367_1.png\",\"width\":1000,\"height\":1000},{\"@type\":\"WebPage\",\"@id\":\"https:\/\/moderniza.me\/casadainformatica\/product\/placa-de-video-gtx-1650-d6-oc-4g-gddr6-geforce-hdmi-displayport-dvi-gigabyte\/#webpage\",\"url\":\"https:\/\/moderniza.me\/casadainformatica\/product\/placa-de-video-gtx-1650-d6-oc-4g-gddr6-geforce-hdmi-displayport-dvi-gigabyte\/\",\"name\":\"PLACA DE VIDEO GTX 1650 D6 OC 4G - GDDR6 GEFORCE HDMI\/DISPLAYPORT\/DVI GIGABYTE - Casa da Inform\\u00e1tica\",\"isPartOf\":{\"@id\":\"https:\/\/moderniza.me\/casadainformatica\/#website\"},\"primaryImageOfPage\":{\"@id\":\"https:\/\/moderniza.me\/casadainformatica\/product\/placa-de-video-gtx-1650-d6-oc-4g-gddr6-geforce-hdmi-displayport-dvi-gigabyte\/#primaryimage\"},\"datePublished\":\"2023-08-14T19:26:26+00:00\",\"dateModified\":\"2025-12-15T11:55:59+00:00\",\"inLanguage\":\"pt-BR\",\"potentialAction\":[{\"@type\":\"ReadAction\",\"target\":[\"https:\/\/moderniza.me\/casadainformatica\/product\/placa-de-video-gtx-1650-d6-oc-4g-gddr6-geforce-hdmi-displayport-dvi-gigabyte\/\"]}]}]}<\/script>\n<!-- \/ Yoast SEO plugin. -->","_links":{"self":[{"href":"https:\/\/moderniza.me\/casadainformatica\/wp-json\/wp\/v2\/product\/1222"}],"collection":[{"href":"https:\/\/moderniza.me\/casadainformatica\/wp-json\/wp\/v2\/product"}],"about":[{"href":"https:\/\/moderniza.me\/casadainformatica\/wp-json\/wp\/v2\/types\/product"}],"replies":[{"embeddable":true,"href":"https:\/\/moderniza.me\/casadainformatica\/wp-json\/wp\/v2\/comments?post=1222"}],"version-history":[{"count":0,"href":"https:\/\/moderniza.me\/casadainformatica\/wp-json\/wp\/v2\/product\/1222\/revisions"}],"wp:featuredmedia":[{"embeddable":true,"href":"https:\/\/moderniza.me\/casadainformatica\/wp-json\/wp\/v2\/media\/1221"}],"wp:attachment":[{"href":"https:\/\/moderniza.me\/casadainformatica\/wp-json\/wp\/v2\/media?parent=1222"}],"curies":[{"name":"wp","href":"https:\/\/api.w.org\/{rel}","templated":true}]}}