
{"id":1214,"date":"2023-08-14T16:26:15","date_gmt":"2023-08-14T19:26:15","guid":{"rendered":"https:\/\/moderniza.me\/casadainformatica\/product\/placa-de-video-gtx1050ti-4gb-128bits-galax\/"},"modified":"2025-01-31T16:54:26","modified_gmt":"2025-01-31T19:54:26","slug":"placa-de-video-gtx1050ti-4gb-128bits-galax","status":"publish","type":"product","link":"https:\/\/moderniza.me\/casadainformatica\/product\/placa-de-video-gtx1050ti-4gb-128bits-galax\/","title":{"rendered":"PLACA DE VIDEO GTX1050TI 4GB 128BITS GALAX"},"content":{"rendered":"<p>Marca: GALAX<br \/>\nCaracter\u00edsticas:<\/p>\n<p>&#8211; Marca: Galax<\/p>\n<p>&#8211; Modelo: 50IQH8DSQ3CC<\/p>\n<p>Especifica\u00e7\u00f5es:<\/p>\n<p>Mem\u00f3ria:<\/p>\n<p>&#8211; Data de lan\u00e7amento NVIDIA: 18-out.-16<\/p>\n<p>&#8211; GPU: GP107-400<\/p>\n<p>&#8211; Processo: nm 16<\/p>\n<p>&#8211; Unidade de Processamento de Streaming SP: 768<\/p>\n<p>&#8211; Pot\u00eancia m\u00e1xima da placa: 75W<\/p>\n<p>&#8211; Tamanho: 4096 MB<\/p>\n<p>&#8211; Tipo: DDR5<\/p>\n<p>&#8211; Largura da mem\u00f3ria: 128 bits<\/p>\n<p>&#8211; Largura de banda de mem\u00f3ria GB \/ s: 112<\/p>\n<p>&#8211; Interface: PCI-E 3.0<\/p>\n<p>&#8211; Clock de mem\u00f3ria (efetivo): 3504 (7008) MHz<\/p>\n<p>Core:<\/p>\n<p>&#8211; Core Clock: 1290 MHz (1-Click OC a 1303 MHz)<\/p>\n<p>&#8211; Boost Clock: 1392 MHz<\/p>\n<p>Output:<\/p>\n<p>&#8211; DisplayPort 1.4 (m\u00e1x: 4096&#215;2160 @ 60 Hz)<\/p>\n<p>&#8211; HDMI 2.0b (m\u00e1x: 4096&#215;2160 @ 60 Hz)<\/p>\n<p>&#8211; DVI-D (m\u00e1x: 2560&#215;1600)<\/p>\n<p>Fan:<\/p>\n<p>&#8211; Ventilador duplo personalizado<\/p>\n<p>&#8211; Slot: 2<\/p>\n<p>DirectX:<\/p>\n<p>&#8211; DirectX: DirectX 12<\/p>\n<p>&#8211; Suporte para Windows: Windows 7-10, 32\/64 bits<\/p>\n<p>&#8211; Fonte de alimenta\u00e7\u00e3o m\u00ednima: 300W<\/p>\n<p>Conte\u00fado da Embalagem:<\/p>\n<p>&#8211; 1 Placa de V\u00eddeo Galax<\/p>\n<p>Garantia:<br \/>\n12 meses de garantia<\/p>\n<p>Peso:<br \/>\n991 gramas (bruto com embalagem)<\/p>\n","protected":false},"excerpt":{"rendered":"<p>PLACA DE VIDEO GTX1050TI 4GB 128BITS GALAX <\/p>\n","protected":false},"featured_media":1211,"comment_status":"open","ping_status":"closed","template":"","meta":[],"yoast_head":"<!-- This site is optimized with the Yoast SEO plugin v15.7 - https:\/\/yoast.com\/wordpress\/plugins\/seo\/ -->\n<title>PLACA DE VIDEO GTX1050TI 4GB 128BITS GALAX - Casa da Inform\u00e1tica<\/title>\n<meta name=\"robots\" content=\"index, follow, max-snippet:-1, max-image-preview:large, max-video-preview:-1\" \/>\n<link rel=\"canonical\" href=\"https:\/\/moderniza.me\/casadainformatica\/product\/placa-de-video-gtx1050ti-4gb-128bits-galax\/\" \/>\n<meta property=\"og:locale\" content=\"pt_BR\" \/>\n<meta property=\"og:type\" content=\"article\" \/>\n<meta property=\"og:title\" content=\"PLACA DE VIDEO GTX1050TI 4GB 128BITS GALAX - Casa da Inform\u00e1tica\" \/>\n<meta property=\"og:description\" content=\"PLACA DE VIDEO GTX1050TI 4GB 128BITS GALAX\" \/>\n<meta property=\"og:url\" content=\"https:\/\/moderniza.me\/casadainformatica\/product\/placa-de-video-gtx1050ti-4gb-128bits-galax\/\" \/>\n<meta property=\"og:site_name\" content=\"Casa da Inform\u00e1tica\" \/>\n<meta property=\"article:modified_time\" content=\"2025-01-31T19:54:26+00:00\" \/>\n<meta name=\"twitter:card\" content=\"summary_large_image\" \/>\n<meta name=\"twitter:label1\" content=\"Est. reading time\">\n\t<meta name=\"twitter:data1\" content=\"1 minuto\">\n<script type=\"application\/ld+json\" class=\"yoast-schema-graph\">{\"@context\":\"https:\/\/schema.org\",\"@graph\":[{\"@type\":\"WebSite\",\"@id\":\"https:\/\/moderniza.me\/casadainformatica\/#website\",\"url\":\"https:\/\/moderniza.me\/casadainformatica\/\",\"name\":\"Casa da Inform\\u00e1tica\",\"description\":\"Compre Online de Lojas Locais\",\"potentialAction\":[{\"@type\":\"SearchAction\",\"target\":\"https:\/\/moderniza.me\/casadainformatica\/?s={search_term_string}\",\"query-input\":\"required name=search_term_string\"}],\"inLanguage\":\"pt-BR\"},{\"@type\":\"ImageObject\",\"@id\":\"https:\/\/moderniza.me\/casadainformatica\/product\/placa-de-video-gtx1050ti-4gb-128bits-galax\/#primaryimage\",\"inLanguage\":\"pt-BR\",\"url\":\"https:\/\/moderniza.me\/casadainformatica\/wp-content\/uploads\/sites\/112\/2023\/08\/1000419_0.png\",\"width\":500,\"height\":416},{\"@type\":\"WebPage\",\"@id\":\"https:\/\/moderniza.me\/casadainformatica\/product\/placa-de-video-gtx1050ti-4gb-128bits-galax\/#webpage\",\"url\":\"https:\/\/moderniza.me\/casadainformatica\/product\/placa-de-video-gtx1050ti-4gb-128bits-galax\/\",\"name\":\"PLACA DE VIDEO GTX1050TI 4GB 128BITS GALAX - Casa da Inform\\u00e1tica\",\"isPartOf\":{\"@id\":\"https:\/\/moderniza.me\/casadainformatica\/#website\"},\"primaryImageOfPage\":{\"@id\":\"https:\/\/moderniza.me\/casadainformatica\/product\/placa-de-video-gtx1050ti-4gb-128bits-galax\/#primaryimage\"},\"datePublished\":\"2023-08-14T19:26:15+00:00\",\"dateModified\":\"2025-01-31T19:54:26+00:00\",\"inLanguage\":\"pt-BR\",\"potentialAction\":[{\"@type\":\"ReadAction\",\"target\":[\"https:\/\/moderniza.me\/casadainformatica\/product\/placa-de-video-gtx1050ti-4gb-128bits-galax\/\"]}]}]}<\/script>\n<!-- \/ Yoast SEO plugin. -->","_links":{"self":[{"href":"https:\/\/moderniza.me\/casadainformatica\/wp-json\/wp\/v2\/product\/1214"}],"collection":[{"href":"https:\/\/moderniza.me\/casadainformatica\/wp-json\/wp\/v2\/product"}],"about":[{"href":"https:\/\/moderniza.me\/casadainformatica\/wp-json\/wp\/v2\/types\/product"}],"replies":[{"embeddable":true,"href":"https:\/\/moderniza.me\/casadainformatica\/wp-json\/wp\/v2\/comments?post=1214"}],"version-history":[{"count":0,"href":"https:\/\/moderniza.me\/casadainformatica\/wp-json\/wp\/v2\/product\/1214\/revisions"}],"wp:featuredmedia":[{"embeddable":true,"href":"https:\/\/moderniza.me\/casadainformatica\/wp-json\/wp\/v2\/media\/1211"}],"wp:attachment":[{"href":"https:\/\/moderniza.me\/casadainformatica\/wp-json\/wp\/v2\/media?parent=1214"}],"curies":[{"name":"wp","href":"https:\/\/api.w.org\/{rel}","templated":true}]}}