
{"id":1115,"date":"2023-07-03T16:57:47","date_gmt":"2023-07-03T19:57:47","guid":{"rendered":"https:\/\/moderniza.me\/casadainformatica\/product\/fonte-atx-500w-eu459-com-cabo-pfc-ativo-80-plus-white-preto-k-mex\/"},"modified":"2025-01-31T16:54:25","modified_gmt":"2025-01-31T19:54:25","slug":"fonte-atx-500w-eu459-com-cabo-pfc-ativo-80-plus-white-preto-k-mex","status":"publish","type":"product","link":"https:\/\/moderniza.me\/casadainformatica\/product\/fonte-atx-500w-eu459-com-cabo-pfc-ativo-80-plus-white-preto-k-mex\/","title":{"rendered":"FONTE ATX 500W EU459 COM CABO PFC ATIVO 80 PLUS WHITE PRETO K-MEX"},"content":{"rendered":"<p>Marca: KMEX<br \/>\n specifica\u00e7\u00f5es T\u00e9cnicas:<br \/>\n&#8211; Frequ\u00eancia: 50~60Hz<br \/>\n&#8211; Pot\u00eancia m\u00e1xima: 500 Watts<br \/>\n&#8211; Filtro para EMI interno<br \/>\n&#8211; Tens\u00e3o: 100V~240V Full range<br \/>\n&#8211; Comprimento dos cabos: \u00b1 500mm<br \/>\n&#8211; Adapt\u00e1vel com padr\u00e3o ATX 12V 2.31<br \/>\n&#8211; PFC ativo 80 de efici\u00eancia (M\u00e1x. 86,6)<br \/>\n&#8211; 1 Fan de 120x120mm<br \/>\n&#8211; Cabo de for\u00e7a 1.5mm<\/p>\n<p>Dados de opera\u00e7\u00e3o:<br \/>\n&#8211; Temperatura: -10 C~50 C<br \/>\n&#8211; Temperatura de armazenamento: -20 C~60 C<\/p>\n<p>Dimens\u00f5es:<br \/>\n&#8211; Altura: 85,2mm<br \/>\n&#8211; Largura: 148mm<br \/>\n&#8211; Profundidade: 140mm<\/p>\n<p>Conte\u00fado da Embalagem:<br \/>\n&#8211; Fonte Gamer 500W ATX, 80 Plus White<\/p>\n<p>Itens Inclusos<\/p>\n<p>Preto<\/p>\n<p>Peso:<br \/>\n1360 gramas (bruto com embalagem)<\/p>\n","protected":false},"excerpt":{"rendered":"<p>FONTE ATX 500W EU459 COM CABO PFC ATIVO 80 PLUS WHITE PRETO K-MEX<\/p>\n","protected":false},"featured_media":1300,"comment_status":"open","ping_status":"closed","template":"","meta":[],"yoast_head":"<!-- This site is optimized with the Yoast SEO plugin v15.7 - https:\/\/yoast.com\/wordpress\/plugins\/seo\/ -->\n<title>FONTE ATX 500W EU459 COM CABO PFC ATIVO 80 PLUS WHITE PRETO K-MEX - Casa da Inform\u00e1tica<\/title>\n<meta name=\"robots\" content=\"index, follow, max-snippet:-1, max-image-preview:large, max-video-preview:-1\" \/>\n<link rel=\"canonical\" href=\"https:\/\/moderniza.me\/casadainformatica\/product\/fonte-atx-500w-eu459-com-cabo-pfc-ativo-80-plus-white-preto-k-mex\/\" \/>\n<meta property=\"og:locale\" content=\"pt_BR\" \/>\n<meta property=\"og:type\" content=\"article\" \/>\n<meta property=\"og:title\" content=\"FONTE ATX 500W EU459 COM CABO PFC ATIVO 80 PLUS WHITE PRETO K-MEX - Casa da Inform\u00e1tica\" \/>\n<meta property=\"og:description\" content=\"FONTE ATX 500W EU459 COM CABO PFC ATIVO 80 PLUS WHITE PRETO K-MEX\" \/>\n<meta property=\"og:url\" content=\"https:\/\/moderniza.me\/casadainformatica\/product\/fonte-atx-500w-eu459-com-cabo-pfc-ativo-80-plus-white-preto-k-mex\/\" \/>\n<meta property=\"og:site_name\" content=\"Casa da Inform\u00e1tica\" \/>\n<meta property=\"article:modified_time\" content=\"2025-01-31T19:54:25+00:00\" \/>\n<meta property=\"og:image\" content=\"https:\/\/moderniza.me\/casadainformatica\/wp-content\/uploads\/sites\/112\/2023\/08\/2076_0.png\" \/>\n\t<meta property=\"og:image:width\" content=\"1000\" \/>\n\t<meta property=\"og:image:height\" content=\"1000\" \/>\n<meta name=\"twitter:card\" content=\"summary_large_image\" \/>\n<meta name=\"twitter:label1\" content=\"Est. reading time\">\n\t<meta name=\"twitter:data1\" content=\"1 minuto\">\n<script type=\"application\/ld+json\" class=\"yoast-schema-graph\">{\"@context\":\"https:\/\/schema.org\",\"@graph\":[{\"@type\":\"WebSite\",\"@id\":\"https:\/\/moderniza.me\/casadainformatica\/#website\",\"url\":\"https:\/\/moderniza.me\/casadainformatica\/\",\"name\":\"Casa da Inform\\u00e1tica\",\"description\":\"Compre Online de Lojas Locais\",\"potentialAction\":[{\"@type\":\"SearchAction\",\"target\":\"https:\/\/moderniza.me\/casadainformatica\/?s={search_term_string}\",\"query-input\":\"required name=search_term_string\"}],\"inLanguage\":\"pt-BR\"},{\"@type\":\"ImageObject\",\"@id\":\"https:\/\/moderniza.me\/casadainformatica\/product\/fonte-atx-500w-eu459-com-cabo-pfc-ativo-80-plus-white-preto-k-mex\/#primaryimage\",\"inLanguage\":\"pt-BR\",\"url\":\"https:\/\/moderniza.me\/casadainformatica\/wp-content\/uploads\/sites\/112\/2023\/08\/2076_0.png\",\"width\":1000,\"height\":1000},{\"@type\":\"WebPage\",\"@id\":\"https:\/\/moderniza.me\/casadainformatica\/product\/fonte-atx-500w-eu459-com-cabo-pfc-ativo-80-plus-white-preto-k-mex\/#webpage\",\"url\":\"https:\/\/moderniza.me\/casadainformatica\/product\/fonte-atx-500w-eu459-com-cabo-pfc-ativo-80-plus-white-preto-k-mex\/\",\"name\":\"FONTE ATX 500W EU459 COM CABO PFC ATIVO 80 PLUS WHITE PRETO K-MEX - Casa da Inform\\u00e1tica\",\"isPartOf\":{\"@id\":\"https:\/\/moderniza.me\/casadainformatica\/#website\"},\"primaryImageOfPage\":{\"@id\":\"https:\/\/moderniza.me\/casadainformatica\/product\/fonte-atx-500w-eu459-com-cabo-pfc-ativo-80-plus-white-preto-k-mex\/#primaryimage\"},\"datePublished\":\"2023-07-03T19:57:47+00:00\",\"dateModified\":\"2025-01-31T19:54:25+00:00\",\"inLanguage\":\"pt-BR\",\"potentialAction\":[{\"@type\":\"ReadAction\",\"target\":[\"https:\/\/moderniza.me\/casadainformatica\/product\/fonte-atx-500w-eu459-com-cabo-pfc-ativo-80-plus-white-preto-k-mex\/\"]}]}]}<\/script>\n<!-- \/ Yoast SEO plugin. -->","_links":{"self":[{"href":"https:\/\/moderniza.me\/casadainformatica\/wp-json\/wp\/v2\/product\/1115"}],"collection":[{"href":"https:\/\/moderniza.me\/casadainformatica\/wp-json\/wp\/v2\/product"}],"about":[{"href":"https:\/\/moderniza.me\/casadainformatica\/wp-json\/wp\/v2\/types\/product"}],"replies":[{"embeddable":true,"href":"https:\/\/moderniza.me\/casadainformatica\/wp-json\/wp\/v2\/comments?post=1115"}],"version-history":[{"count":1,"href":"https:\/\/moderniza.me\/casadainformatica\/wp-json\/wp\/v2\/product\/1115\/revisions"}],"predecessor-version":[{"id":1314,"href":"https:\/\/moderniza.me\/casadainformatica\/wp-json\/wp\/v2\/product\/1115\/revisions\/1314"}],"wp:featuredmedia":[{"embeddable":true,"href":"https:\/\/moderniza.me\/casadainformatica\/wp-json\/wp\/v2\/media\/1300"}],"wp:attachment":[{"href":"https:\/\/moderniza.me\/casadainformatica\/wp-json\/wp\/v2\/media?parent=1115"}],"curies":[{"name":"wp","href":"https:\/\/api.w.org\/{rel}","templated":true}]}}