
{"id":1114,"date":"2023-07-03T16:57:47","date_gmt":"2023-07-03T19:57:47","guid":{"rendered":"https:\/\/moderniza.me\/casadainformatica\/product\/fonte-atx-500w-vs500-80-plus-white-com-cabo-de-forca-corsair\/"},"modified":"2025-01-31T16:54:24","modified_gmt":"2025-01-31T19:54:24","slug":"fonte-atx-500w-vs500-80-plus-white-com-cabo-de-forca-corsair","status":"publish","type":"product","link":"https:\/\/moderniza.me\/casadainformatica\/product\/fonte-atx-500w-vs500-80-plus-white-com-cabo-de-forca-corsair\/","title":{"rendered":"FONTE ATX 500W  VS500  80 PLUS WHITE &#8211; COM CABO DE FORCA CORSAIR"},"content":{"rendered":"<p>Marca: CORSAIR<br \/>\nFonte Atx 500W &#8211; VS500 &#8211; 80 Plus White &#8211; Com Cabo de For\u00e7a &#8211; Corsair<br \/>\nDetalhes VS500 &#8211; 80 PLUS WHITE &#8211; COM CABO DE FOR\u00c7A &#8211; CP-9020223-BR A VS500 da Corsair \u00e9 uma \u00f3tima op\u00e7\u00e3o se voc\u00ea est\u00e1 montando um sistema dom\u00e9stico ou comercial com demandas de baixa pot\u00eancia, mas ainda procura a compatibilidade e confiabilidade pelas quais a Corsair \u00e9 conhecida. A VS500 oferece uma garantia de 500 watts de pot\u00eancia cont\u00ednua. Com Corretor do fator de pot\u00eancia ativo de 0,99, voc\u00ea ter\u00e1 a tranquilidade de saber que seus componentes est\u00e3o protegidos contra fornecimento de energia desigual. E, um trilho \u00fanico +12V dedicado impede que voc\u00ea tenha que equilibrar seus componentes por meio de v\u00e1rios cabos de alimenta\u00e7\u00e3o. A ventoinha de 120 mm \u00e9 controlada termicamente, por isso, somente gira em velocidade m\u00e1xima quando for muito exigida \u2014 e at\u00e9 mesmo em carga total, ela \u00e9 muito silenciosa. A VS Series alcan\u00e7a uma efici\u00eancia de 80% ou mais, gerando, assim, menos calor, pelo que voc\u00ea gostar\u00e1 das faturas energ\u00e9ticas mais reduzidas. O gabinete com revestimento em pintura a p\u00f3 preto e os cabos revestidos em preto fornecem a qualquer sistema uma apar\u00eancia elegante. Voc\u00ea est\u00e1 montando um PC, n\u00e3o um navio de guerra, e com a VS500 \u00e9 poss\u00edvel evitar a apar\u00eancia do a\u00e7o sem pintura que voc\u00ea encontrar\u00e1 em tantas fontes de alimenta\u00e7\u00e3o de n\u00edvel de entrada. Especifica\u00e7\u00f5es: &#8211; MTBF: 100,000 hours &#8211; Certifica\u00e7\u00e3o: 80 Plus White; &#8211; Potencia: 500 Watts &#8211; Tecnologia de rolamento da ventoinha: Sleeve; &#8211; Tamanho da ventoinha (mm): 120mm; &#8211; Temperatura de sa\u00edda cont\u00ednua avaliada (\u00b0C): 40\u00b0C; &#8211; Dimens\u00f5es: 150mm x 86mm x 140mm; &#8211; Revestimento dos cabos: Cabos revestidos Sleeved. Conectores: &#8211; Conector ATX &#8211; 1x &#8211; Conector EPS12V &#8211; 1x &#8211; Connector Floppy &#8211; 1x &#8211; Conector PCIe &#8211; 2x &#8211; Conector SATA &#8211; 7x &#8211; Tens\u00e3o de entrada: 100 &#8211; 240V (autom\u00e1tico)<\/p>\n","protected":false},"excerpt":{"rendered":"<p>FONTE ATX 500W  VS500  80 PLUS WHITE &#8211; COM CABO DE FORCA CORSAIR<\/p>\n","protected":false},"featured_media":1298,"comment_status":"open","ping_status":"closed","template":"","meta":[],"yoast_head":"<!-- This site is optimized with the Yoast SEO plugin v15.7 - https:\/\/yoast.com\/wordpress\/plugins\/seo\/ -->\n<title>FONTE ATX 500W VS500 80 PLUS WHITE - COM CABO DE FORCA CORSAIR - Casa da Inform\u00e1tica<\/title>\n<meta name=\"robots\" content=\"index, follow, max-snippet:-1, max-image-preview:large, max-video-preview:-1\" \/>\n<link rel=\"canonical\" href=\"https:\/\/moderniza.me\/casadainformatica\/product\/fonte-atx-500w-vs500-80-plus-white-com-cabo-de-forca-corsair\/\" \/>\n<meta property=\"og:locale\" content=\"pt_BR\" \/>\n<meta property=\"og:type\" content=\"article\" \/>\n<meta property=\"og:title\" content=\"FONTE ATX 500W VS500 80 PLUS WHITE - COM CABO DE FORCA CORSAIR - Casa da Inform\u00e1tica\" \/>\n<meta property=\"og:description\" content=\"FONTE ATX 500W VS500 80 PLUS WHITE - COM CABO DE FORCA CORSAIR\" \/>\n<meta property=\"og:url\" content=\"https:\/\/moderniza.me\/casadainformatica\/product\/fonte-atx-500w-vs500-80-plus-white-com-cabo-de-forca-corsair\/\" \/>\n<meta property=\"og:site_name\" content=\"Casa da Inform\u00e1tica\" \/>\n<meta property=\"article:modified_time\" content=\"2025-01-31T19:54:24+00:00\" \/>\n<meta property=\"og:image\" content=\"https:\/\/moderniza.me\/casadainformatica\/wp-content\/uploads\/sites\/112\/2023\/08\/2111_0.png\" \/>\n\t<meta property=\"og:image:width\" content=\"560\" \/>\n\t<meta property=\"og:image:height\" content=\"560\" \/>\n<meta name=\"twitter:card\" content=\"summary_large_image\" \/>\n<meta name=\"twitter:label1\" content=\"Est. reading time\">\n\t<meta name=\"twitter:data1\" content=\"2 minutos\">\n<script type=\"application\/ld+json\" class=\"yoast-schema-graph\">{\"@context\":\"https:\/\/schema.org\",\"@graph\":[{\"@type\":\"WebSite\",\"@id\":\"https:\/\/moderniza.me\/casadainformatica\/#website\",\"url\":\"https:\/\/moderniza.me\/casadainformatica\/\",\"name\":\"Casa da Inform\\u00e1tica\",\"description\":\"Compre Online de Lojas Locais\",\"potentialAction\":[{\"@type\":\"SearchAction\",\"target\":\"https:\/\/moderniza.me\/casadainformatica\/?s={search_term_string}\",\"query-input\":\"required name=search_term_string\"}],\"inLanguage\":\"pt-BR\"},{\"@type\":\"ImageObject\",\"@id\":\"https:\/\/moderniza.me\/casadainformatica\/product\/fonte-atx-500w-vs500-80-plus-white-com-cabo-de-forca-corsair\/#primaryimage\",\"inLanguage\":\"pt-BR\",\"url\":\"https:\/\/moderniza.me\/casadainformatica\/wp-content\/uploads\/sites\/112\/2023\/08\/2111_0.png\",\"width\":560,\"height\":560},{\"@type\":\"WebPage\",\"@id\":\"https:\/\/moderniza.me\/casadainformatica\/product\/fonte-atx-500w-vs500-80-plus-white-com-cabo-de-forca-corsair\/#webpage\",\"url\":\"https:\/\/moderniza.me\/casadainformatica\/product\/fonte-atx-500w-vs500-80-plus-white-com-cabo-de-forca-corsair\/\",\"name\":\"FONTE ATX 500W VS500 80 PLUS WHITE - COM CABO DE FORCA CORSAIR - Casa da Inform\\u00e1tica\",\"isPartOf\":{\"@id\":\"https:\/\/moderniza.me\/casadainformatica\/#website\"},\"primaryImageOfPage\":{\"@id\":\"https:\/\/moderniza.me\/casadainformatica\/product\/fonte-atx-500w-vs500-80-plus-white-com-cabo-de-forca-corsair\/#primaryimage\"},\"datePublished\":\"2023-07-03T19:57:47+00:00\",\"dateModified\":\"2025-01-31T19:54:24+00:00\",\"inLanguage\":\"pt-BR\",\"potentialAction\":[{\"@type\":\"ReadAction\",\"target\":[\"https:\/\/moderniza.me\/casadainformatica\/product\/fonte-atx-500w-vs500-80-plus-white-com-cabo-de-forca-corsair\/\"]}]}]}<\/script>\n<!-- \/ Yoast SEO plugin. -->","_links":{"self":[{"href":"https:\/\/moderniza.me\/casadainformatica\/wp-json\/wp\/v2\/product\/1114"}],"collection":[{"href":"https:\/\/moderniza.me\/casadainformatica\/wp-json\/wp\/v2\/product"}],"about":[{"href":"https:\/\/moderniza.me\/casadainformatica\/wp-json\/wp\/v2\/types\/product"}],"replies":[{"embeddable":true,"href":"https:\/\/moderniza.me\/casadainformatica\/wp-json\/wp\/v2\/comments?post=1114"}],"version-history":[{"count":1,"href":"https:\/\/moderniza.me\/casadainformatica\/wp-json\/wp\/v2\/product\/1114\/revisions"}],"predecessor-version":[{"id":1313,"href":"https:\/\/moderniza.me\/casadainformatica\/wp-json\/wp\/v2\/product\/1114\/revisions\/1313"}],"wp:featuredmedia":[{"embeddable":true,"href":"https:\/\/moderniza.me\/casadainformatica\/wp-json\/wp\/v2\/media\/1298"}],"wp:attachment":[{"href":"https:\/\/moderniza.me\/casadainformatica\/wp-json\/wp\/v2\/media?parent=1114"}],"curies":[{"name":"wp","href":"https:\/\/api.w.org\/{rel}","templated":true}]}}