
{"id":1109,"date":"2023-07-03T16:57:43","date_gmt":"2023-07-03T19:57:43","guid":{"rendered":"https:\/\/moderniza.me\/casadainformatica\/product\/fonte-atx-400w-box-gp400a-80-plus-bronze-c-pfc-c-cabo-gamemax\/"},"modified":"2025-01-31T16:54:22","modified_gmt":"2025-01-31T19:54:22","slug":"fonte-atx-400w-box-gp400a-80-plus-bronze-c-pfc-c-cabo-gamemax","status":"publish","type":"product","link":"https:\/\/moderniza.me\/casadainformatica\/product\/fonte-atx-400w-box-gp400a-80-plus-bronze-c-pfc-c-cabo-gamemax\/","title":{"rendered":"FONTE ATX  400W BOX GP400A 80 PLUS BRONZE C\/PFC C\/CABO GAMEMAX"},"content":{"rendered":"<p>Marca: GAMEMAX<br \/>\n FONTE DE ALIMENTACAO PRETA 400W GAMEMAX GP400A 80 PLUS BRONZE<br \/>\nESPECIFICACOES TECNICAS<\/p>\n<p>Fonte de alimenta\u00e7\u00e3o Gamer<br \/>\nModelo: GP400A<br \/>\nCor: Preta<br \/>\nMarca: Gamemax<\/p>\n<p>Pot\u00eancia: 400W<br \/>\nVers\u00e3o: ATX 12V 2.3<br \/>\nChave Liga\/Desliga<br \/>\nVoltagem com sele\u00e7\u00e3o automatica (auto range): 100~240V<br \/>\nFrequ\u00eancia: 50~60Hz<br \/>\nCorrente de entrada: 6~3A<br \/>\nCorrente de sa\u00edda: 3.3V-15A, 5V-20A, +12V-24A, -12V-0.5A, +5VSB-2.5A<br \/>\nBaixo ru\u00eddo ac\u00fastico: &lt;20dBA<br \/>\nRefrigera\u00e7\u00e3o: Ventoinha 120 mm<br \/>\nMTBF: 100.000 horas (25\u00ba C)<br \/>\nEficiencia: 85%<br \/>\nCabos com capa de prote\u00e7\u00e3o<br \/>\nComprimento dos cabos: 50cm<br \/>\nDimensoes: 150 (L) 85 (A) 140 (P) mm<br \/>\nC\u00f3digo EAN: 6931858720021<br \/>\nProte\u00e7\u00e3o interna contra curto circuito: OVP\/ SCP\/ OPP\/ UVP\/ OCP<br \/>\nFiltro de entrada AC<br \/>\nPFC Ativo<br \/>\nGarantia: 1 ano contra defeitos de fabrica\u00e7\u00e3o, sendo 3 meses referentes \u00e0 garantia legal, nos termos do artigo 26, II, do C\u00f3digo de Defesa do Consumidor + 9 meses de garantia do fabricante;<\/p>\n<p>Certifica\u00e7\u00f5es: IEC 61000 (CE\/EMC), IEC 60950 (CE\/LVD), 80 Plus Bronze<\/p>\n<p>Conectores: 1* ATX Placa mae: 24 pinos, 1* 12V: 4 pinos, 3* SATA, 2* Molex: 4 pinos, 1* EPS 12V 4+4 pinos, 1* PCI-E 6+2 pinos, 1* FDD<\/p>\n<p>Acompanha: Embalagem individual e cabo de for\u00e7a<br \/>\nDimens\u00f5es da embalagem individual: 230 (L) 165 (A) 90 (P) mm<br \/>\nPeso: 1600 gramas (com embalagem)<br \/>\nPeso cubado: 1600 gramas<\/p>\n","protected":false},"excerpt":{"rendered":"<p>FONTE ATX  400W BOX GP400A 80 PLUS BRONZE C\/PFC C\/CABO GAMEMAX<\/p>\n","protected":false},"featured_media":1120,"comment_status":"open","ping_status":"closed","template":"","meta":[],"yoast_head":"<!-- This site is optimized with the Yoast SEO plugin v15.7 - https:\/\/yoast.com\/wordpress\/plugins\/seo\/ -->\n<title>FONTE ATX 400W BOX GP400A 80 PLUS BRONZE C\/PFC C\/CABO GAMEMAX - Casa da Inform\u00e1tica<\/title>\n<meta name=\"robots\" content=\"index, follow, max-snippet:-1, max-image-preview:large, max-video-preview:-1\" \/>\n<link rel=\"canonical\" href=\"https:\/\/moderniza.me\/casadainformatica\/product\/fonte-atx-400w-box-gp400a-80-plus-bronze-c-pfc-c-cabo-gamemax\/\" \/>\n<meta property=\"og:locale\" content=\"pt_BR\" \/>\n<meta property=\"og:type\" content=\"article\" \/>\n<meta property=\"og:title\" content=\"FONTE ATX 400W BOX GP400A 80 PLUS BRONZE C\/PFC C\/CABO GAMEMAX - Casa da Inform\u00e1tica\" \/>\n<meta property=\"og:description\" content=\"FONTE ATX 400W BOX GP400A 80 PLUS BRONZE C\/PFC C\/CABO GAMEMAX\" \/>\n<meta property=\"og:url\" content=\"https:\/\/moderniza.me\/casadainformatica\/product\/fonte-atx-400w-box-gp400a-80-plus-bronze-c-pfc-c-cabo-gamemax\/\" \/>\n<meta property=\"og:site_name\" content=\"Casa da Inform\u00e1tica\" \/>\n<meta property=\"article:modified_time\" content=\"2025-01-31T19:54:22+00:00\" \/>\n<meta name=\"twitter:card\" content=\"summary_large_image\" \/>\n<meta name=\"twitter:label1\" content=\"Est. reading time\">\n\t<meta name=\"twitter:data1\" content=\"1 minuto\">\n<script type=\"application\/ld+json\" class=\"yoast-schema-graph\">{\"@context\":\"https:\/\/schema.org\",\"@graph\":[{\"@type\":\"WebSite\",\"@id\":\"https:\/\/moderniza.me\/casadainformatica\/#website\",\"url\":\"https:\/\/moderniza.me\/casadainformatica\/\",\"name\":\"Casa da Inform\\u00e1tica\",\"description\":\"Compre Online de Lojas Locais\",\"potentialAction\":[{\"@type\":\"SearchAction\",\"target\":\"https:\/\/moderniza.me\/casadainformatica\/?s={search_term_string}\",\"query-input\":\"required name=search_term_string\"}],\"inLanguage\":\"pt-BR\"},{\"@type\":\"ImageObject\",\"@id\":\"https:\/\/moderniza.me\/casadainformatica\/product\/fonte-atx-400w-box-gp400a-80-plus-bronze-c-pfc-c-cabo-gamemax\/#primaryimage\",\"inLanguage\":\"pt-BR\",\"url\":\"https:\/\/moderniza.me\/casadainformatica\/wp-content\/uploads\/sites\/112\/2023\/07\/1744_1.png\",\"width\":500,\"height\":428},{\"@type\":\"WebPage\",\"@id\":\"https:\/\/moderniza.me\/casadainformatica\/product\/fonte-atx-400w-box-gp400a-80-plus-bronze-c-pfc-c-cabo-gamemax\/#webpage\",\"url\":\"https:\/\/moderniza.me\/casadainformatica\/product\/fonte-atx-400w-box-gp400a-80-plus-bronze-c-pfc-c-cabo-gamemax\/\",\"name\":\"FONTE ATX 400W BOX GP400A 80 PLUS BRONZE C\/PFC C\/CABO GAMEMAX - Casa da Inform\\u00e1tica\",\"isPartOf\":{\"@id\":\"https:\/\/moderniza.me\/casadainformatica\/#website\"},\"primaryImageOfPage\":{\"@id\":\"https:\/\/moderniza.me\/casadainformatica\/product\/fonte-atx-400w-box-gp400a-80-plus-bronze-c-pfc-c-cabo-gamemax\/#primaryimage\"},\"datePublished\":\"2023-07-03T19:57:43+00:00\",\"dateModified\":\"2025-01-31T19:54:22+00:00\",\"inLanguage\":\"pt-BR\",\"potentialAction\":[{\"@type\":\"ReadAction\",\"target\":[\"https:\/\/moderniza.me\/casadainformatica\/product\/fonte-atx-400w-box-gp400a-80-plus-bronze-c-pfc-c-cabo-gamemax\/\"]}]}]}<\/script>\n<!-- \/ Yoast SEO plugin. -->","_links":{"self":[{"href":"https:\/\/moderniza.me\/casadainformatica\/wp-json\/wp\/v2\/product\/1109"}],"collection":[{"href":"https:\/\/moderniza.me\/casadainformatica\/wp-json\/wp\/v2\/product"}],"about":[{"href":"https:\/\/moderniza.me\/casadainformatica\/wp-json\/wp\/v2\/types\/product"}],"replies":[{"embeddable":true,"href":"https:\/\/moderniza.me\/casadainformatica\/wp-json\/wp\/v2\/comments?post=1109"}],"version-history":[{"count":1,"href":"https:\/\/moderniza.me\/casadainformatica\/wp-json\/wp\/v2\/product\/1109\/revisions"}],"predecessor-version":[{"id":1123,"href":"https:\/\/moderniza.me\/casadainformatica\/wp-json\/wp\/v2\/product\/1109\/revisions\/1123"}],"wp:featuredmedia":[{"embeddable":true,"href":"https:\/\/moderniza.me\/casadainformatica\/wp-json\/wp\/v2\/media\/1120"}],"wp:attachment":[{"href":"https:\/\/moderniza.me\/casadainformatica\/wp-json\/wp\/v2\/media?parent=1109"}],"curies":[{"name":"wp","href":"https:\/\/api.w.org\/{rel}","templated":true}]}}