
{"id":1107,"date":"2023-07-03T16:57:41","date_gmt":"2023-07-03T19:57:41","guid":{"rendered":"https:\/\/moderniza.me\/casadainformatica\/product\/fonte-atx-550w-cx550-80-plus-bronze-corsair-com-cabo-de-forca\/"},"modified":"2025-07-28T09:15:43","modified_gmt":"2025-07-28T12:15:43","slug":"fonte-atx-550w-cx550-80-plus-bronze-corsair-com-cabo-de-forca","status":"publish","type":"product","link":"https:\/\/moderniza.me\/casadainformatica\/product\/fonte-atx-550w-cx550-80-plus-bronze-corsair-com-cabo-de-forca\/","title":{"rendered":"FONTE ATX 550W &#8211; CX550 &#8211; 80 PLUS BRONZE C\/ CABO DE FORCA CORSAIR"},"content":{"rendered":"<p>Marca: CORSAIR<br \/>\n Caracter\u00edsticas:<\/p>\n<p>&#8211; Marca: Corsair<\/p>\n<p>&#8211; Modelo: CP-9020121-WW<\/p>\n<p>Especifica\u00e7\u00f5es:<\/p>\n<p>&#8211; MTBF: 100,000 horas<\/p>\n<p>&#8211; N\u00edvel de certifica\u00e7\u00e3o 80 PLUS Bronze<\/p>\n<p>&#8211; Power: 550W<\/p>\n<p>&#8211; Tecnologia de rolamentos do ventilador: Rifle<\/p>\n<p>&#8211; Tamanho do ventilador: 120mm<\/p>\n<p>&#8211; Temperatura nominal de sa\u00edda cont\u00ednua: 40\u00b0C<\/p>\n<p>&#8211; Dimens\u00f5es: 150 mm x 140 mm x 86 mm<\/p>\n<p>&#8211; Tipo de cabo: Sleeved<\/p>\n<p>&#8211; Plug Tipo: WW<\/p>\n<p>Conectores:<\/p>\n<p>&#8211; Conector ATX: 1x<\/p>\n<p>&#8211; Conector EPS: 1x<\/p>\n<p>&#8211; Conector Floppy: 1x<\/p>\n<p>&#8211; Conector 4-Pin: 4x<\/p>\n<p>&#8211; Conector PCIe: 2x<\/p>\n<p>&#8211; Conector SATA: 5x<\/p>\n<p>Compatibilidade:<\/p>\n<p>&#8211; Suporta padr\u00f5es ATX12V 2.4 \/ 2.3 \/ 2.2 \/ 2.01 e EPS12V 2.92<\/p>\n<p>Conte\u00fado da embalagem:<\/p>\n<p>&#8211; Fonte de alimenta\u00e7\u00e3o<\/p>\n<p>&#8211; Cabo de alimenta\u00e7\u00e3o<\/p>\n<p>&#8211; 04 parafusos de montagem<\/p>\n<p>&#8211; Pack de Zip-ties<\/p>\n","protected":false},"excerpt":{"rendered":"<p>FONTE ATX 550W &#8211; CX550 &#8211; 80 PLUS BRONZE C\/ CABO DE FORCA CORSAIR<\/p>\n","protected":false},"featured_media":1103,"comment_status":"open","ping_status":"closed","template":"","meta":[],"yoast_head":"<!-- This site is optimized with the Yoast SEO plugin v15.7 - https:\/\/yoast.com\/wordpress\/plugins\/seo\/ -->\n<title>FONTE ATX 550W - CX550 - 80 PLUS BRONZE C\/ CABO DE FORCA CORSAIR - Casa da Inform\u00e1tica<\/title>\n<meta name=\"robots\" content=\"index, follow, max-snippet:-1, max-image-preview:large, max-video-preview:-1\" \/>\n<link rel=\"canonical\" href=\"https:\/\/moderniza.me\/casadainformatica\/product\/fonte-atx-550w-cx550-80-plus-bronze-corsair-com-cabo-de-forca\/\" \/>\n<meta property=\"og:locale\" content=\"pt_BR\" \/>\n<meta property=\"og:type\" content=\"article\" \/>\n<meta property=\"og:title\" content=\"FONTE ATX 550W - CX550 - 80 PLUS BRONZE C\/ CABO DE FORCA CORSAIR - Casa da Inform\u00e1tica\" \/>\n<meta property=\"og:description\" content=\"FONTE ATX 550W - CX550 - 80 PLUS BRONZE C\/ CABO DE FORCA CORSAIR\" \/>\n<meta property=\"og:url\" content=\"https:\/\/moderniza.me\/casadainformatica\/product\/fonte-atx-550w-cx550-80-plus-bronze-corsair-com-cabo-de-forca\/\" \/>\n<meta property=\"og:site_name\" content=\"Casa da Inform\u00e1tica\" \/>\n<meta property=\"article:modified_time\" content=\"2025-07-28T12:15:43+00:00\" \/>\n<meta property=\"og:image\" content=\"https:\/\/moderniza.me\/casadainformatica\/wp-content\/uploads\/sites\/112\/2023\/07\/1478_0.png\" \/>\n\t<meta property=\"og:image:width\" content=\"1000\" \/>\n\t<meta property=\"og:image:height\" content=\"1000\" \/>\n<meta name=\"twitter:card\" content=\"summary_large_image\" \/>\n<meta name=\"twitter:label1\" content=\"Est. reading time\">\n\t<meta name=\"twitter:data1\" content=\"1 minuto\">\n<script type=\"application\/ld+json\" class=\"yoast-schema-graph\">{\"@context\":\"https:\/\/schema.org\",\"@graph\":[{\"@type\":\"WebSite\",\"@id\":\"https:\/\/moderniza.me\/casadainformatica\/#website\",\"url\":\"https:\/\/moderniza.me\/casadainformatica\/\",\"name\":\"Casa da Inform\\u00e1tica\",\"description\":\"Compre Online de Lojas Locais\",\"potentialAction\":[{\"@type\":\"SearchAction\",\"target\":\"https:\/\/moderniza.me\/casadainformatica\/?s={search_term_string}\",\"query-input\":\"required name=search_term_string\"}],\"inLanguage\":\"pt-BR\"},{\"@type\":\"ImageObject\",\"@id\":\"https:\/\/moderniza.me\/casadainformatica\/product\/fonte-atx-550w-cx550-80-plus-bronze-corsair-com-cabo-de-forca\/#primaryimage\",\"inLanguage\":\"pt-BR\",\"url\":\"https:\/\/moderniza.me\/casadainformatica\/wp-content\/uploads\/sites\/112\/2023\/07\/1478_0.png\",\"width\":1000,\"height\":1000},{\"@type\":\"WebPage\",\"@id\":\"https:\/\/moderniza.me\/casadainformatica\/product\/fonte-atx-550w-cx550-80-plus-bronze-corsair-com-cabo-de-forca\/#webpage\",\"url\":\"https:\/\/moderniza.me\/casadainformatica\/product\/fonte-atx-550w-cx550-80-plus-bronze-corsair-com-cabo-de-forca\/\",\"name\":\"FONTE ATX 550W - CX550 - 80 PLUS BRONZE C\/ CABO DE FORCA CORSAIR - Casa da Inform\\u00e1tica\",\"isPartOf\":{\"@id\":\"https:\/\/moderniza.me\/casadainformatica\/#website\"},\"primaryImageOfPage\":{\"@id\":\"https:\/\/moderniza.me\/casadainformatica\/product\/fonte-atx-550w-cx550-80-plus-bronze-corsair-com-cabo-de-forca\/#primaryimage\"},\"datePublished\":\"2023-07-03T19:57:41+00:00\",\"dateModified\":\"2025-07-28T12:15:43+00:00\",\"inLanguage\":\"pt-BR\",\"potentialAction\":[{\"@type\":\"ReadAction\",\"target\":[\"https:\/\/moderniza.me\/casadainformatica\/product\/fonte-atx-550w-cx550-80-plus-bronze-corsair-com-cabo-de-forca\/\"]}]}]}<\/script>\n<!-- \/ Yoast SEO plugin. -->","_links":{"self":[{"href":"https:\/\/moderniza.me\/casadainformatica\/wp-json\/wp\/v2\/product\/1107"}],"collection":[{"href":"https:\/\/moderniza.me\/casadainformatica\/wp-json\/wp\/v2\/product"}],"about":[{"href":"https:\/\/moderniza.me\/casadainformatica\/wp-json\/wp\/v2\/types\/product"}],"replies":[{"embeddable":true,"href":"https:\/\/moderniza.me\/casadainformatica\/wp-json\/wp\/v2\/comments?post=1107"}],"version-history":[{"count":1,"href":"https:\/\/moderniza.me\/casadainformatica\/wp-json\/wp\/v2\/product\/1107\/revisions"}],"predecessor-version":[{"id":1196,"href":"https:\/\/moderniza.me\/casadainformatica\/wp-json\/wp\/v2\/product\/1107\/revisions\/1196"}],"wp:featuredmedia":[{"embeddable":true,"href":"https:\/\/moderniza.me\/casadainformatica\/wp-json\/wp\/v2\/media\/1103"}],"wp:attachment":[{"href":"https:\/\/moderniza.me\/casadainformatica\/wp-json\/wp\/v2\/media?parent=1107"}],"curies":[{"name":"wp","href":"https:\/\/api.w.org\/{rel}","templated":true}]}}