
{"id":1102,"date":"2023-07-03T16:57:33","date_gmt":"2023-07-03T19:57:33","guid":{"rendered":"https:\/\/moderniza.me\/casadainformatica\/product\/fonte-atx-350w-real-24-pinos-bpc325v12-brazilpc\/"},"modified":"2025-01-31T16:54:20","modified_gmt":"2025-01-31T19:54:20","slug":"fonte-atx-350w-real-24-pinos-bpc325v12-brazilpc","status":"publish","type":"product","link":"https:\/\/moderniza.me\/casadainformatica\/product\/fonte-atx-350w-real-24-pinos-bpc325v12-brazilpc\/","title":{"rendered":"FONTE ATX  350W REAL 24 PINOS BPC325V12 BRAZILPC"},"content":{"rendered":"<p>Marca: BRAZILPC<br \/>\nCaracter\u00edsticas:<br \/>\n&#8211; Marca: BRAZIL PC<br \/>\n&#8211; Modelo: BPC-325V1.2<\/p>\n<p>Especifica\u00e7\u00f5es T\u00e9cnicas:<br \/>\n&#8211; Pot\u00eancia: 350W Real<br \/>\n&#8211; Cooler: 80mm<br \/>\n&#8211; Bivolt: Manual<br \/>\n&#8211; Frequ\u00eancia: 50\/60hz<\/p>\n<p>Conectores:<br \/>\n&#8211; 1 x Conector ATX 20 + 4 pinos<br \/>\n&#8211; 3 x Conectores SATA<br \/>\n&#8211; 2 x Conectores IDE<br \/>\n&#8211; 1 x Conector 12V 4 pinos<\/p>\n<p>Aten\u00e7\u00e3o:<br \/>\n&#8211; Produto OEM<br \/>\n&#8211; N\u00e3o acompanha cabo de for\u00e7a.<\/p>\n<p>Conte\u00fado da Embalagem:<br \/>\n&#8211; Fonte Tronos Brazil PC BPC-325V1.2, 350W Real, Bivolt<\/p>\n","protected":false},"excerpt":{"rendered":"<p>FONTE ATX  350W REAL 24 PINOS BPC325V12 BRAZILPC <\/p>\n","protected":false},"featured_media":1100,"comment_status":"open","ping_status":"closed","template":"","meta":[],"yoast_head":"<!-- This site is optimized with the Yoast SEO plugin v15.7 - https:\/\/yoast.com\/wordpress\/plugins\/seo\/ -->\n<title>FONTE ATX 350W REAL 24 PINOS BPC325V12 BRAZILPC - Casa da Inform\u00e1tica<\/title>\n<meta name=\"robots\" content=\"index, follow, max-snippet:-1, max-image-preview:large, max-video-preview:-1\" \/>\n<link rel=\"canonical\" href=\"https:\/\/moderniza.me\/casadainformatica\/product\/fonte-atx-350w-real-24-pinos-bpc325v12-brazilpc\/\" \/>\n<meta property=\"og:locale\" content=\"pt_BR\" \/>\n<meta property=\"og:type\" content=\"article\" \/>\n<meta property=\"og:title\" content=\"FONTE ATX 350W REAL 24 PINOS BPC325V12 BRAZILPC - Casa da Inform\u00e1tica\" \/>\n<meta property=\"og:description\" content=\"FONTE ATX 350W REAL 24 PINOS BPC325V12 BRAZILPC\" \/>\n<meta property=\"og:url\" content=\"https:\/\/moderniza.me\/casadainformatica\/product\/fonte-atx-350w-real-24-pinos-bpc325v12-brazilpc\/\" \/>\n<meta property=\"og:site_name\" content=\"Casa da Inform\u00e1tica\" \/>\n<meta property=\"article:modified_time\" content=\"2025-01-31T19:54:20+00:00\" \/>\n<meta name=\"twitter:card\" content=\"summary_large_image\" \/>\n<script type=\"application\/ld+json\" class=\"yoast-schema-graph\">{\"@context\":\"https:\/\/schema.org\",\"@graph\":[{\"@type\":\"WebSite\",\"@id\":\"https:\/\/moderniza.me\/casadainformatica\/#website\",\"url\":\"https:\/\/moderniza.me\/casadainformatica\/\",\"name\":\"Casa da Inform\\u00e1tica\",\"description\":\"Compre Online de Lojas Locais\",\"potentialAction\":[{\"@type\":\"SearchAction\",\"target\":\"https:\/\/moderniza.me\/casadainformatica\/?s={search_term_string}\",\"query-input\":\"required name=search_term_string\"}],\"inLanguage\":\"pt-BR\"},{\"@type\":\"ImageObject\",\"@id\":\"https:\/\/moderniza.me\/casadainformatica\/product\/fonte-atx-350w-real-24-pinos-bpc325v12-brazilpc\/#primaryimage\",\"inLanguage\":\"pt-BR\",\"url\":\"https:\/\/moderniza.me\/casadainformatica\/wp-content\/uploads\/sites\/112\/2023\/07\/1000105_0.png\",\"width\":1000,\"height\":1000},{\"@type\":\"WebPage\",\"@id\":\"https:\/\/moderniza.me\/casadainformatica\/product\/fonte-atx-350w-real-24-pinos-bpc325v12-brazilpc\/#webpage\",\"url\":\"https:\/\/moderniza.me\/casadainformatica\/product\/fonte-atx-350w-real-24-pinos-bpc325v12-brazilpc\/\",\"name\":\"FONTE ATX 350W REAL 24 PINOS BPC325V12 BRAZILPC - Casa da Inform\\u00e1tica\",\"isPartOf\":{\"@id\":\"https:\/\/moderniza.me\/casadainformatica\/#website\"},\"primaryImageOfPage\":{\"@id\":\"https:\/\/moderniza.me\/casadainformatica\/product\/fonte-atx-350w-real-24-pinos-bpc325v12-brazilpc\/#primaryimage\"},\"datePublished\":\"2023-07-03T19:57:33+00:00\",\"dateModified\":\"2025-01-31T19:54:20+00:00\",\"inLanguage\":\"pt-BR\",\"potentialAction\":[{\"@type\":\"ReadAction\",\"target\":[\"https:\/\/moderniza.me\/casadainformatica\/product\/fonte-atx-350w-real-24-pinos-bpc325v12-brazilpc\/\"]}]}]}<\/script>\n<!-- \/ Yoast SEO plugin. -->","_links":{"self":[{"href":"https:\/\/moderniza.me\/casadainformatica\/wp-json\/wp\/v2\/product\/1102"}],"collection":[{"href":"https:\/\/moderniza.me\/casadainformatica\/wp-json\/wp\/v2\/product"}],"about":[{"href":"https:\/\/moderniza.me\/casadainformatica\/wp-json\/wp\/v2\/types\/product"}],"replies":[{"embeddable":true,"href":"https:\/\/moderniza.me\/casadainformatica\/wp-json\/wp\/v2\/comments?post=1102"}],"version-history":[{"count":0,"href":"https:\/\/moderniza.me\/casadainformatica\/wp-json\/wp\/v2\/product\/1102\/revisions"}],"wp:featuredmedia":[{"embeddable":true,"href":"https:\/\/moderniza.me\/casadainformatica\/wp-json\/wp\/v2\/media\/1100"}],"wp:attachment":[{"href":"https:\/\/moderniza.me\/casadainformatica\/wp-json\/wp\/v2\/media?parent=1102"}],"curies":[{"name":"wp","href":"https:\/\/api.w.org\/{rel}","templated":true}]}}