
{"id":1099,"date":"2023-07-03T16:57:28","date_gmt":"2023-07-03T19:57:28","guid":{"rendered":"https:\/\/moderniza.me\/casadainformatica\/product\/fonte-atx-one-power-600w-mp600w3i\/"},"modified":"2025-01-31T16:54:20","modified_gmt":"2025-01-31T19:54:20","slug":"fonte-atx-one-power-600w-mp600w3i","status":"publish","type":"product","link":"https:\/\/moderniza.me\/casadainformatica\/product\/fonte-atx-one-power-600w-mp600w3i\/","title":{"rendered":"FONTE ATX 600W MP600W3I ONE POWER"},"content":{"rendered":"<p>Marca: ONEPOWER<br \/>\n Caracter\u00edsticas:<\/p>\n<p>&#8211; Marca: OnePower<\/p>\n<p>&#8211; Modelo: MP600W3-I<\/p>\n<p>Especifica\u00e7\u00f5es:<\/p>\n<p>&#8211; Padr\u00e3o: ATX (70%)<\/p>\n<p>&#8211; Pot\u00eancia: 600W<\/p>\n<p>&#8211; Cabos com malha (sleeve) de prote\u00e7\u00e3o<\/p>\n<p>&#8211; Bot\u00e3o de liga \/ desliga no painel traseiro e Seletor de Voltagem<\/p>\n<p>&#8211; Pfc Passivo<\/p>\n<p>&#8211; Alimenta\u00e7\u00e3o: Bivolt (manual)<\/p>\n<p>&#8211; Padr\u00e3o: ATX Vers\u00e3o 2.01<\/p>\n<p>&#8211; Efici\u00eancia: M\u00e1xima: 70%<\/p>\n<p>&#8211; Refrigera\u00e7\u00e3o: 1 Cooler 14cm<\/p>\n<p>Recursos:<\/p>\n<p>&#8211; Fonte padr\u00e3o ATX com 24 pinos (20 + 4 pinos), podendo ser usada em placas m\u00e3e de 20 ou 24 pinos no cabo de alimenta\u00e7\u00e3o.<\/p>\n<p>&#8211; Fan de 140 x 140 mm, diminuindo a propaga\u00e7\u00e3o de ru\u00eddos e sons incomod\u00e1veis.<\/p>\n<p>&#8211; Entrada de alimenta\u00e7\u00e3o para linha dupla (dual processor).<\/p>\n<p>&#8211; Excelente combina\u00e7\u00e3o de qualidade, performance e valor.<\/p>\n<p>&#8211; Eles s\u00e3o pintados em preto fosco e os cabos s\u00e3o protegidos por uma malha de nylon de alta resist\u00eancia.<\/p>\n<p>Cabos:<\/p>\n<p>&#8211; 1 x 20+4 pinos (com Sleeve)<\/p>\n<p>&#8211; 1 x 6+2 pinos PCI Express<\/p>\n<p>&#8211; 1 x 8 Pinos (4+4 placa m\u00e3e)<\/p>\n<p>&#8211; 2 x Molex<\/p>\n<p>&#8211; 1 x Floppy<\/p>\n<p>&#8211; 3 x Sata<\/p>\n<p>Conte\u00fado da Embalagem:<\/p>\n<p>&#8211; Fonte OnePower<\/p>\n","protected":false},"excerpt":{"rendered":"<p>FONTE ATX 600W MP600W3I ONE POWER<\/p>\n","protected":false},"featured_media":1098,"comment_status":"open","ping_status":"closed","template":"","meta":[],"yoast_head":"<!-- This site is optimized with the Yoast SEO plugin v15.7 - https:\/\/yoast.com\/wordpress\/plugins\/seo\/ -->\n<title>FONTE ATX 600W MP600W3I ONE POWER - Casa da Inform\u00e1tica<\/title>\n<meta name=\"robots\" content=\"index, follow, max-snippet:-1, max-image-preview:large, max-video-preview:-1\" \/>\n<link rel=\"canonical\" href=\"https:\/\/moderniza.me\/casadainformatica\/product\/fonte-atx-one-power-600w-mp600w3i\/\" \/>\n<meta property=\"og:locale\" content=\"pt_BR\" \/>\n<meta property=\"og:type\" content=\"article\" \/>\n<meta property=\"og:title\" content=\"FONTE ATX 600W MP600W3I ONE POWER - Casa da Inform\u00e1tica\" \/>\n<meta property=\"og:description\" content=\"FONTE ATX 600W MP600W3I ONE POWER\" \/>\n<meta property=\"og:url\" content=\"https:\/\/moderniza.me\/casadainformatica\/product\/fonte-atx-one-power-600w-mp600w3i\/\" \/>\n<meta property=\"og:site_name\" content=\"Casa da Inform\u00e1tica\" \/>\n<meta property=\"article:modified_time\" content=\"2025-01-31T19:54:20+00:00\" \/>\n<meta property=\"og:image\" content=\"https:\/\/moderniza.me\/casadainformatica\/wp-content\/uploads\/sites\/112\/2023\/07\/1332_3.jpg\" \/>\n\t<meta property=\"og:image:width\" content=\"1000\" \/>\n\t<meta property=\"og:image:height\" content=\"1000\" \/>\n<meta name=\"twitter:card\" content=\"summary_large_image\" \/>\n<meta name=\"twitter:label1\" content=\"Est. reading time\">\n\t<meta name=\"twitter:data1\" content=\"1 minuto\">\n<script type=\"application\/ld+json\" class=\"yoast-schema-graph\">{\"@context\":\"https:\/\/schema.org\",\"@graph\":[{\"@type\":\"WebSite\",\"@id\":\"https:\/\/moderniza.me\/casadainformatica\/#website\",\"url\":\"https:\/\/moderniza.me\/casadainformatica\/\",\"name\":\"Casa da Inform\\u00e1tica\",\"description\":\"Compre Online de Lojas Locais\",\"potentialAction\":[{\"@type\":\"SearchAction\",\"target\":\"https:\/\/moderniza.me\/casadainformatica\/?s={search_term_string}\",\"query-input\":\"required name=search_term_string\"}],\"inLanguage\":\"pt-BR\"},{\"@type\":\"ImageObject\",\"@id\":\"https:\/\/moderniza.me\/casadainformatica\/product\/fonte-atx-one-power-600w-mp600w3i\/#primaryimage\",\"inLanguage\":\"pt-BR\",\"url\":\"https:\/\/moderniza.me\/casadainformatica\/wp-content\/uploads\/sites\/112\/2023\/07\/1332_3.jpg\",\"width\":1000,\"height\":1000},{\"@type\":\"WebPage\",\"@id\":\"https:\/\/moderniza.me\/casadainformatica\/product\/fonte-atx-one-power-600w-mp600w3i\/#webpage\",\"url\":\"https:\/\/moderniza.me\/casadainformatica\/product\/fonte-atx-one-power-600w-mp600w3i\/\",\"name\":\"FONTE ATX 600W MP600W3I ONE POWER - Casa da Inform\\u00e1tica\",\"isPartOf\":{\"@id\":\"https:\/\/moderniza.me\/casadainformatica\/#website\"},\"primaryImageOfPage\":{\"@id\":\"https:\/\/moderniza.me\/casadainformatica\/product\/fonte-atx-one-power-600w-mp600w3i\/#primaryimage\"},\"datePublished\":\"2023-07-03T19:57:28+00:00\",\"dateModified\":\"2025-01-31T19:54:20+00:00\",\"inLanguage\":\"pt-BR\",\"potentialAction\":[{\"@type\":\"ReadAction\",\"target\":[\"https:\/\/moderniza.me\/casadainformatica\/product\/fonte-atx-one-power-600w-mp600w3i\/\"]}]}]}<\/script>\n<!-- \/ Yoast SEO plugin. -->","_links":{"self":[{"href":"https:\/\/moderniza.me\/casadainformatica\/wp-json\/wp\/v2\/product\/1099"}],"collection":[{"href":"https:\/\/moderniza.me\/casadainformatica\/wp-json\/wp\/v2\/product"}],"about":[{"href":"https:\/\/moderniza.me\/casadainformatica\/wp-json\/wp\/v2\/types\/product"}],"replies":[{"embeddable":true,"href":"https:\/\/moderniza.me\/casadainformatica\/wp-json\/wp\/v2\/comments?post=1099"}],"version-history":[{"count":1,"href":"https:\/\/moderniza.me\/casadainformatica\/wp-json\/wp\/v2\/product\/1099\/revisions"}],"predecessor-version":[{"id":1195,"href":"https:\/\/moderniza.me\/casadainformatica\/wp-json\/wp\/v2\/product\/1099\/revisions\/1195"}],"wp:featuredmedia":[{"embeddable":true,"href":"https:\/\/moderniza.me\/casadainformatica\/wp-json\/wp\/v2\/media\/1098"}],"wp:attachment":[{"href":"https:\/\/moderniza.me\/casadainformatica\/wp-json\/wp\/v2\/media?parent=1099"}],"curies":[{"name":"wp","href":"https:\/\/api.w.org\/{rel}","templated":true}]}}