
{"id":1090,"date":"2023-07-03T16:57:13","date_gmt":"2023-07-03T19:57:13","guid":{"rendered":"https:\/\/moderniza.me\/casadainformatica\/product\/fonte-atx-500w-ps-g500b-80-plus-bronze-c-pfc-c3tech\/"},"modified":"2025-01-31T16:54:19","modified_gmt":"2025-01-31T19:54:19","slug":"fonte-atx-500w-ps-g500b-80-plus-bronze-c-pfc-c3tech","status":"publish","type":"product","link":"https:\/\/moderniza.me\/casadainformatica\/product\/fonte-atx-500w-ps-g500b-80-plus-bronze-c-pfc-c3tech\/","title":{"rendered":"FONTE ATX 500W PS-G500B 80 PLUS BRONZE C\/PFC C3TECH"},"content":{"rendered":"<p>Marca: C3TECH<br \/>\n Fonte Gamer C3Tech PS-G500B, 500W Real, 80 Plus Bronze, PFC Ativo, Bivolt Autom\u00e1tico &#8211; ATX<br \/>\nMARCA: C3TECH<br \/>\nMODELO: PS-G500B<\/p>\n<p>Ofere\u00e7a mais qualidade para seu PC com a fonte de alimenta\u00e7\u00e3o PS-G500B. Com 500 Watts de pot\u00eancia real e a certifica\u00e7\u00e3o 80 Plus Bronze, essa fonte oferece energia eficiente sem desperd\u00edcio, garantindo a refrigera\u00e7\u00e3o ideal para seu PC. Uma das melhores op\u00e7\u00f5es do mercado garantindo seguran\u00e7a, desempenho e tranquilidade durante seu funcionamento.<\/p>\n<p>ESPECIFICA\u00c7\u00d5ES:<\/p>\n<p>500 watts de pot\u00eancia real;<br \/>\nSelo 80+ Bronze;<br \/>\nN\u00e3o-Modular;<br \/>\nSuporta CPU baseadas em Intel ou AMD;<br \/>\nConectores SerialATA e PCIExpress (adequado para Nvidia SLI e ATI Crossfire);<br \/>\nProte\u00e7\u00e3o contra curto-circuito (SCP), subtens\u00e3o (UVP), sobrecarga de tens\u00e3o (OVP) e sobrecarga de Corrente (OCP);<br \/>\nVentilador de 120mm de alta qualidade;<br \/>\nMTBF:100.000h\/25\u00b0C.<\/p>\n<p>Alimenta\u00e7\u00e3o<br \/>\nBivolt Autom\u00e1tico<br \/>\nTens\u00e3o AC 115\/230V<br \/>\nCorrente Entrada 4-8A<br \/>\nFrequ\u00eancia: 50\/60 Hz<br \/>\nEfici\u00eancia Energ\u00e9tica<br \/>\nPFC Ativo<br \/>\nFator de Corre\u00e7\u00e3o 0,9PF<br \/>\nEfici\u00eancia M\u00ednima 80%<\/p>\n<p>Sa\u00eddas:<br \/>\n3,3V 15A;<br \/>\n5V 15A;<br \/>\n12V 30A;<br \/>\n-12V 0,3A;<br \/>\n5VSB 2,5A.<\/p>\n<p>Conectores:<br \/>\n01 conector para placa m\u00e3e: ATX20+4P;<br \/>\n01 conector ATX Aux 12V (P4) 4+4 Pinos;<br \/>\n04 conectores IDE;<br \/>\n04 conectores SATA;<br \/>\n02 conectores PCIExpress 6+2P para placa de v\u00eddeo.<\/p>\n<p>Certifica\u00e7\u00f5es:<br \/>\nATX 12V2.3<br \/>\nEPS 12V2.9<br \/>\n80+Bronze<br \/>\nFCC<br \/>\nTUV<br \/>\nCE<br \/>\nRoHS<\/p>\n","protected":false},"excerpt":{"rendered":"<p>FONTE ATX 500W PS-G500B 80 PLUS BRONZE C\/PFC C3TECH<\/p>\n","protected":false},"featured_media":1087,"comment_status":"open","ping_status":"closed","template":"","meta":[],"yoast_head":"<!-- This site is optimized with the Yoast SEO plugin v15.7 - https:\/\/yoast.com\/wordpress\/plugins\/seo\/ -->\n<title>FONTE ATX 500W PS-G500B 80 PLUS BRONZE C\/PFC C3TECH - Casa da Inform\u00e1tica<\/title>\n<meta name=\"robots\" content=\"index, follow, max-snippet:-1, max-image-preview:large, max-video-preview:-1\" \/>\n<link rel=\"canonical\" href=\"https:\/\/moderniza.me\/casadainformatica\/product\/fonte-atx-500w-ps-g500b-80-plus-bronze-c-pfc-c3tech\/\" \/>\n<meta property=\"og:locale\" content=\"pt_BR\" \/>\n<meta property=\"og:type\" content=\"article\" \/>\n<meta property=\"og:title\" content=\"FONTE ATX 500W PS-G500B 80 PLUS BRONZE C\/PFC C3TECH - Casa da Inform\u00e1tica\" \/>\n<meta property=\"og:description\" content=\"FONTE ATX 500W PS-G500B 80 PLUS BRONZE C\/PFC C3TECH\" \/>\n<meta property=\"og:url\" content=\"https:\/\/moderniza.me\/casadainformatica\/product\/fonte-atx-500w-ps-g500b-80-plus-bronze-c-pfc-c3tech\/\" \/>\n<meta property=\"og:site_name\" content=\"Casa da Inform\u00e1tica\" \/>\n<meta property=\"article:modified_time\" content=\"2025-01-31T19:54:19+00:00\" \/>\n<meta name=\"twitter:card\" content=\"summary_large_image\" \/>\n<meta name=\"twitter:label1\" content=\"Est. reading time\">\n\t<meta name=\"twitter:data1\" content=\"1 minuto\">\n<script type=\"application\/ld+json\" class=\"yoast-schema-graph\">{\"@context\":\"https:\/\/schema.org\",\"@graph\":[{\"@type\":\"WebSite\",\"@id\":\"https:\/\/moderniza.me\/casadainformatica\/#website\",\"url\":\"https:\/\/moderniza.me\/casadainformatica\/\",\"name\":\"Casa da Inform\\u00e1tica\",\"description\":\"Compre Online de Lojas Locais\",\"potentialAction\":[{\"@type\":\"SearchAction\",\"target\":\"https:\/\/moderniza.me\/casadainformatica\/?s={search_term_string}\",\"query-input\":\"required name=search_term_string\"}],\"inLanguage\":\"pt-BR\"},{\"@type\":\"ImageObject\",\"@id\":\"https:\/\/moderniza.me\/casadainformatica\/product\/fonte-atx-500w-ps-g500b-80-plus-bronze-c-pfc-c3tech\/#primaryimage\",\"inLanguage\":\"pt-BR\",\"url\":\"https:\/\/moderniza.me\/casadainformatica\/wp-content\/uploads\/sites\/112\/2023\/07\/1745_0.png\",\"width\":560,\"height\":560},{\"@type\":\"WebPage\",\"@id\":\"https:\/\/moderniza.me\/casadainformatica\/product\/fonte-atx-500w-ps-g500b-80-plus-bronze-c-pfc-c3tech\/#webpage\",\"url\":\"https:\/\/moderniza.me\/casadainformatica\/product\/fonte-atx-500w-ps-g500b-80-plus-bronze-c-pfc-c3tech\/\",\"name\":\"FONTE ATX 500W PS-G500B 80 PLUS BRONZE C\/PFC C3TECH - Casa da Inform\\u00e1tica\",\"isPartOf\":{\"@id\":\"https:\/\/moderniza.me\/casadainformatica\/#website\"},\"primaryImageOfPage\":{\"@id\":\"https:\/\/moderniza.me\/casadainformatica\/product\/fonte-atx-500w-ps-g500b-80-plus-bronze-c-pfc-c3tech\/#primaryimage\"},\"datePublished\":\"2023-07-03T19:57:13+00:00\",\"dateModified\":\"2025-01-31T19:54:19+00:00\",\"inLanguage\":\"pt-BR\",\"potentialAction\":[{\"@type\":\"ReadAction\",\"target\":[\"https:\/\/moderniza.me\/casadainformatica\/product\/fonte-atx-500w-ps-g500b-80-plus-bronze-c-pfc-c3tech\/\"]}]}]}<\/script>\n<!-- \/ Yoast SEO plugin. -->","_links":{"self":[{"href":"https:\/\/moderniza.me\/casadainformatica\/wp-json\/wp\/v2\/product\/1090"}],"collection":[{"href":"https:\/\/moderniza.me\/casadainformatica\/wp-json\/wp\/v2\/product"}],"about":[{"href":"https:\/\/moderniza.me\/casadainformatica\/wp-json\/wp\/v2\/types\/product"}],"replies":[{"embeddable":true,"href":"https:\/\/moderniza.me\/casadainformatica\/wp-json\/wp\/v2\/comments?post=1090"}],"version-history":[{"count":0,"href":"https:\/\/moderniza.me\/casadainformatica\/wp-json\/wp\/v2\/product\/1090\/revisions"}],"wp:featuredmedia":[{"embeddable":true,"href":"https:\/\/moderniza.me\/casadainformatica\/wp-json\/wp\/v2\/media\/1087"}],"wp:attachment":[{"href":"https:\/\/moderniza.me\/casadainformatica\/wp-json\/wp\/v2\/media?parent=1090"}],"curies":[{"name":"wp","href":"https:\/\/api.w.org\/{rel}","templated":true}]}}