
{"id":1086,"date":"2023-07-03T16:57:07","date_gmt":"2023-07-03T19:57:07","guid":{"rendered":"https:\/\/moderniza.me\/casadainformatica\/product\/fonte-atx-200w-c3tech-ps-200v4-s-cabo\/"},"modified":"2025-01-31T16:54:18","modified_gmt":"2025-01-31T19:54:18","slug":"fonte-atx-200w-c3tech-ps-200v4-s-cabo","status":"publish","type":"product","link":"https:\/\/moderniza.me\/casadainformatica\/product\/fonte-atx-200w-c3tech-ps-200v4-s-cabo\/","title":{"rendered":"FONTE ATX 200W C3TECH PS-200V4 S\/CABO"},"content":{"rendered":"<p>Marca: C3TECH<br \/>\n Caracter\u00edsticas:<\/p>\n<p>Marca: C3Tech<br \/>\nModelo:Ps-200v3<\/p>\n<p>Especifica\u00e7\u00f5es T\u00e9cnicas<\/p>\n<p>Cor: Cinza;<br \/>\nFonte padr\u00e3o ATX 20+4 pinos;<br \/>\nPot\u00eancia real 200 Watts;<br \/>\n2 conectores SATA;<br \/>\n2 conectores IDE (Molex).<br \/>\nPadr\u00e3o: ATX 2.0;<br \/>\nVentilador: 1 x 80x80mm;<br \/>\nPot\u00eancia Real CNTP: 200W;<br \/>\nFaixa de Temperatura Operacional: 5C a 48C;<br \/>\nMTBF (25C): 50.000 h.<\/p>\n<p>Pot\u00eancia de Sa\u00edda:<br \/>\nSa\u00edda 3.3V: 4A;<br \/>\nSa\u00edda 5V: 12A;<br \/>\nSa\u00edda 12V: 11A;<br \/>\nSa\u00edda 12V: 0,5A;<br \/>\nSa\u00edda 5V VSB: 1,7A.<\/p>\n<p>Recursos: PFC<br \/>\nAtivo: N\u00e3o; C<br \/>\nhave Ligadesliga: Sim;<br \/>\nEfici\u00eancia: 70%.<br \/>\nTipos de Prote\u00e7\u00e3o:<br \/>\nProte\u00e7\u00e3o contra curtocircuito.<\/p>\n<p>Conex\u00f5es:<br \/>\nConector MB ATX: 24p;<br \/>\nQuantidade Conectores IDE ATA: 1;<br \/>\nQuantidade Conectores SATA: 2;<br \/>\nQuantidade Conectores Floppy Disk: 1;<br \/>\nPCIE: N\u00e3o;<br \/>\nATX12V: 4 pinos.<\/p>\n<p>Alimenta\u00e7\u00e3o:<br \/>\nEntrada AC: 115\/230V chaveado manualmente; 5\/2A;<br \/>\nFrequ\u00eancia: 50\/60Hz. Outros<\/p>\n<p>Descri\u00e7\u00e3o:<br \/>\nFONTE ATX 200W PS-200V3 C3T S\/CABO<br \/>\nAltura: 8,50 cm<br \/>\nLargura: 15,00 cm<br \/>\nComprimento: 11,00 cm<br \/>\nPeso: 600,00 g<\/p>\n","protected":false},"excerpt":{"rendered":"<p>FONTE ATX 200W C3TECH PS-200V4 S\/CABO<\/p>\n","protected":false},"featured_media":1084,"comment_status":"open","ping_status":"closed","template":"","meta":[],"yoast_head":"<!-- This site is optimized with the Yoast SEO plugin v15.7 - https:\/\/yoast.com\/wordpress\/plugins\/seo\/ -->\n<title>FONTE ATX 200W C3TECH PS-200V4 S\/CABO - Casa da Inform\u00e1tica<\/title>\n<meta name=\"robots\" content=\"index, follow, max-snippet:-1, max-image-preview:large, max-video-preview:-1\" \/>\n<link rel=\"canonical\" href=\"https:\/\/moderniza.me\/casadainformatica\/product\/fonte-atx-200w-c3tech-ps-200v4-s-cabo\/\" \/>\n<meta property=\"og:locale\" content=\"pt_BR\" \/>\n<meta property=\"og:type\" content=\"article\" \/>\n<meta property=\"og:title\" content=\"FONTE ATX 200W C3TECH PS-200V4 S\/CABO - Casa da Inform\u00e1tica\" \/>\n<meta property=\"og:description\" content=\"FONTE ATX 200W C3TECH PS-200V4 S\/CABO\" \/>\n<meta property=\"og:url\" content=\"https:\/\/moderniza.me\/casadainformatica\/product\/fonte-atx-200w-c3tech-ps-200v4-s-cabo\/\" \/>\n<meta property=\"og:site_name\" content=\"Casa da Inform\u00e1tica\" \/>\n<meta property=\"article:modified_time\" content=\"2025-01-31T19:54:18+00:00\" \/>\n<meta name=\"twitter:card\" content=\"summary_large_image\" \/>\n<meta name=\"twitter:label1\" content=\"Est. reading time\">\n\t<meta name=\"twitter:data1\" content=\"1 minuto\">\n<script type=\"application\/ld+json\" class=\"yoast-schema-graph\">{\"@context\":\"https:\/\/schema.org\",\"@graph\":[{\"@type\":\"WebSite\",\"@id\":\"https:\/\/moderniza.me\/casadainformatica\/#website\",\"url\":\"https:\/\/moderniza.me\/casadainformatica\/\",\"name\":\"Casa da Inform\\u00e1tica\",\"description\":\"Compre Online de Lojas Locais\",\"potentialAction\":[{\"@type\":\"SearchAction\",\"target\":\"https:\/\/moderniza.me\/casadainformatica\/?s={search_term_string}\",\"query-input\":\"required name=search_term_string\"}],\"inLanguage\":\"pt-BR\"},{\"@type\":\"ImageObject\",\"@id\":\"https:\/\/moderniza.me\/casadainformatica\/product\/fonte-atx-200w-c3tech-ps-200v4-s-cabo\/#primaryimage\",\"inLanguage\":\"pt-BR\",\"url\":\"https:\/\/moderniza.me\/casadainformatica\/wp-content\/uploads\/sites\/112\/2023\/07\/1427_0.jpg\",\"width\":1000,\"height\":1000},{\"@type\":\"WebPage\",\"@id\":\"https:\/\/moderniza.me\/casadainformatica\/product\/fonte-atx-200w-c3tech-ps-200v4-s-cabo\/#webpage\",\"url\":\"https:\/\/moderniza.me\/casadainformatica\/product\/fonte-atx-200w-c3tech-ps-200v4-s-cabo\/\",\"name\":\"FONTE ATX 200W C3TECH PS-200V4 S\/CABO - Casa da Inform\\u00e1tica\",\"isPartOf\":{\"@id\":\"https:\/\/moderniza.me\/casadainformatica\/#website\"},\"primaryImageOfPage\":{\"@id\":\"https:\/\/moderniza.me\/casadainformatica\/product\/fonte-atx-200w-c3tech-ps-200v4-s-cabo\/#primaryimage\"},\"datePublished\":\"2023-07-03T19:57:07+00:00\",\"dateModified\":\"2025-01-31T19:54:18+00:00\",\"inLanguage\":\"pt-BR\",\"potentialAction\":[{\"@type\":\"ReadAction\",\"target\":[\"https:\/\/moderniza.me\/casadainformatica\/product\/fonte-atx-200w-c3tech-ps-200v4-s-cabo\/\"]}]}]}<\/script>\n<!-- \/ Yoast SEO plugin. -->","_links":{"self":[{"href":"https:\/\/moderniza.me\/casadainformatica\/wp-json\/wp\/v2\/product\/1086"}],"collection":[{"href":"https:\/\/moderniza.me\/casadainformatica\/wp-json\/wp\/v2\/product"}],"about":[{"href":"https:\/\/moderniza.me\/casadainformatica\/wp-json\/wp\/v2\/types\/product"}],"replies":[{"embeddable":true,"href":"https:\/\/moderniza.me\/casadainformatica\/wp-json\/wp\/v2\/comments?post=1086"}],"version-history":[{"count":0,"href":"https:\/\/moderniza.me\/casadainformatica\/wp-json\/wp\/v2\/product\/1086\/revisions"}],"wp:featuredmedia":[{"embeddable":true,"href":"https:\/\/moderniza.me\/casadainformatica\/wp-json\/wp\/v2\/media\/1084"}],"wp:attachment":[{"href":"https:\/\/moderniza.me\/casadainformatica\/wp-json\/wp\/v2\/media?parent=1086"}],"curies":[{"name":"wp","href":"https:\/\/api.w.org\/{rel}","templated":true}]}}