
{"id":1037,"date":"2023-06-28T17:01:56","date_gmt":"2023-06-28T20:01:56","guid":{"rendered":"https:\/\/moderniza.me\/casadainformatica\/product\/headset-themis-2-h220n-preto-redragon\/"},"modified":"2025-01-31T16:54:16","modified_gmt":"2025-01-31T19:54:16","slug":"headset-themis-2-h220n-preto-redragon","status":"publish","type":"product","link":"https:\/\/moderniza.me\/casadainformatica\/product\/headset-themis-2-h220n-preto-redragon\/","title":{"rendered":"HEADSET THEMIS 2 H220N PRETO REDRAGON"},"content":{"rendered":"<p>Marca: REDRAGON<br \/>\n Caracter\u00edsticas:<\/p>\n<p>&#8211; Poderosos Alto Falantes de 50mm.<br \/>\n&#8211; Earcups macias e constru\u00e7\u00e3o Leve para maior conforto em sess\u00f5es Prolongadas de uso.<br \/>\n&#8211; Microfone ajust\u00e1vel com tecnologia de cancelamento de eco e ru\u00eddos para comunica\u00e7\u00e3o limpa ingame.<br \/>\n&#8211; Som Cristalino aliado a um excelente isolamento de ru\u00eddos para maior imers\u00e3o Ingame.<br \/>\n&#8211; Controlador de volume direto na Concha para maior praticidade.<br \/>\n&#8211; Compat\u00edvel com M\u00faltiplas Consoles, Celulares e Dispositivos com conex\u00e3o P2.<br \/>\n&#8211; Haste com sistema de ajuste para maior praticidade e conforto.<br \/>\n&#8211; Adaptador para conex\u00e3o \u00fanica 3.5mm incluso para sua maior praticidade.<br \/>\n&#8211; Plug and Play: Suporte para Windows XP e Superior sem Instala\u00e7\u00e3o de Drivers.<\/p>\n<p>Especifica\u00e7\u00f5es:<\/p>\n<p>Cor: Preto<br \/>\nDi\u00e2metro do driver: 50mm<br \/>\nMaterial das Earpads: Couro Sint\u00e9tico<br \/>\nSensibilidade: 116dB \u00b1 3%<br \/>\nFrequ\u00eancia de resposta: 20Hz a 20000Hz<br \/>\nImpedancia: 16 Ohm \u00b1 15%<br \/>\nTamanho da c\u00e1psula do microfone: ?60 x 27mm<br \/>\nSensibilidade do microfone: -38 \u00b1 2dB (0dB = 1V\/PA)<br \/>\nPolar Pattern do microfone: Omnidirecional<br \/>\nImped\u00e2ncia do microfone: = 2200 Ohms (M\u00e1ximo)<br \/>\nIlumina\u00e7\u00e3o: N\u00e3o<br \/>\nFun\u00e7\u00e3o de mute: Integrado ao headset<br \/>\nConex\u00e3o: 1x 3.5mm Audio, 1x 3.5mm Microfone, 1x Cabo Y<\/p>\n","protected":false},"excerpt":{"rendered":"<p>HEADSET THEMIS 2 H220N PRETO REDRAGON<\/p>\n","protected":false},"featured_media":1036,"comment_status":"open","ping_status":"closed","template":"","meta":[],"yoast_head":"<!-- This site is optimized with the Yoast SEO plugin v15.7 - https:\/\/yoast.com\/wordpress\/plugins\/seo\/ -->\n<title>HEADSET THEMIS 2 H220N PRETO REDRAGON - Casa da Inform\u00e1tica<\/title>\n<meta name=\"robots\" content=\"index, follow, max-snippet:-1, max-image-preview:large, max-video-preview:-1\" \/>\n<link rel=\"canonical\" href=\"https:\/\/moderniza.me\/casadainformatica\/product\/headset-themis-2-h220n-preto-redragon\/\" \/>\n<meta property=\"og:locale\" content=\"pt_BR\" \/>\n<meta property=\"og:type\" content=\"article\" \/>\n<meta property=\"og:title\" content=\"HEADSET THEMIS 2 H220N PRETO REDRAGON - Casa da Inform\u00e1tica\" \/>\n<meta property=\"og:description\" content=\"HEADSET THEMIS 2 H220N PRETO REDRAGON\" \/>\n<meta property=\"og:url\" content=\"https:\/\/moderniza.me\/casadainformatica\/product\/headset-themis-2-h220n-preto-redragon\/\" \/>\n<meta property=\"og:site_name\" content=\"Casa da Inform\u00e1tica\" \/>\n<meta property=\"article:modified_time\" content=\"2025-01-31T19:54:16+00:00\" \/>\n<meta name=\"twitter:card\" content=\"summary_large_image\" \/>\n<meta name=\"twitter:label1\" content=\"Est. reading time\">\n\t<meta name=\"twitter:data1\" content=\"1 minuto\">\n<script type=\"application\/ld+json\" class=\"yoast-schema-graph\">{\"@context\":\"https:\/\/schema.org\",\"@graph\":[{\"@type\":\"WebSite\",\"@id\":\"https:\/\/moderniza.me\/casadainformatica\/#website\",\"url\":\"https:\/\/moderniza.me\/casadainformatica\/\",\"name\":\"Casa da Inform\\u00e1tica\",\"description\":\"Compre Online de Lojas Locais\",\"potentialAction\":[{\"@type\":\"SearchAction\",\"target\":\"https:\/\/moderniza.me\/casadainformatica\/?s={search_term_string}\",\"query-input\":\"required name=search_term_string\"}],\"inLanguage\":\"pt-BR\"},{\"@type\":\"ImageObject\",\"@id\":\"https:\/\/moderniza.me\/casadainformatica\/product\/headset-themis-2-h220n-preto-redragon\/#primaryimage\",\"inLanguage\":\"pt-BR\",\"url\":\"https:\/\/moderniza.me\/casadainformatica\/wp-content\/uploads\/sites\/112\/2023\/06\/2073_1.png\",\"width\":1000,\"height\":1000},{\"@type\":\"WebPage\",\"@id\":\"https:\/\/moderniza.me\/casadainformatica\/product\/headset-themis-2-h220n-preto-redragon\/#webpage\",\"url\":\"https:\/\/moderniza.me\/casadainformatica\/product\/headset-themis-2-h220n-preto-redragon\/\",\"name\":\"HEADSET THEMIS 2 H220N PRETO REDRAGON - Casa da Inform\\u00e1tica\",\"isPartOf\":{\"@id\":\"https:\/\/moderniza.me\/casadainformatica\/#website\"},\"primaryImageOfPage\":{\"@id\":\"https:\/\/moderniza.me\/casadainformatica\/product\/headset-themis-2-h220n-preto-redragon\/#primaryimage\"},\"datePublished\":\"2023-06-28T20:01:56+00:00\",\"dateModified\":\"2025-01-31T19:54:16+00:00\",\"inLanguage\":\"pt-BR\",\"potentialAction\":[{\"@type\":\"ReadAction\",\"target\":[\"https:\/\/moderniza.me\/casadainformatica\/product\/headset-themis-2-h220n-preto-redragon\/\"]}]}]}<\/script>\n<!-- \/ Yoast SEO plugin. -->","_links":{"self":[{"href":"https:\/\/moderniza.me\/casadainformatica\/wp-json\/wp\/v2\/product\/1037"}],"collection":[{"href":"https:\/\/moderniza.me\/casadainformatica\/wp-json\/wp\/v2\/product"}],"about":[{"href":"https:\/\/moderniza.me\/casadainformatica\/wp-json\/wp\/v2\/types\/product"}],"replies":[{"embeddable":true,"href":"https:\/\/moderniza.me\/casadainformatica\/wp-json\/wp\/v2\/comments?post=1037"}],"version-history":[{"count":0,"href":"https:\/\/moderniza.me\/casadainformatica\/wp-json\/wp\/v2\/product\/1037\/revisions"}],"wp:featuredmedia":[{"embeddable":true,"href":"https:\/\/moderniza.me\/casadainformatica\/wp-json\/wp\/v2\/media\/1036"}],"wp:attachment":[{"href":"https:\/\/moderniza.me\/casadainformatica\/wp-json\/wp\/v2\/media?parent=1037"}],"curies":[{"name":"wp","href":"https:\/\/api.w.org\/{rel}","templated":true}]}}