
{"id":1011,"date":"2023-06-28T14:30:00","date_gmt":"2023-06-28T17:30:00","guid":{"rendered":"https:\/\/moderniza.me\/casadainformatica\/product\/gabinete-mt-25v2bk-c3tech-micro-atx-fonte-200w\/"},"modified":"2025-11-21T15:58:08","modified_gmt":"2025-11-21T18:58:08","slug":"gabinete-mt-25v2bk-c3tech-micro-atx-fonte-200w","status":"publish","type":"product","link":"https:\/\/moderniza.me\/casadainformatica\/product\/gabinete-mt-25v2bk-c3tech-micro-atx-fonte-200w\/","title":{"rendered":"Gabinete mt-25v2bk c3tech | micro atx | fonte 200w |"},"content":{"rendered":"<p>Marca: C3TECH<br \/>\n Gabinete C3tech Micro-ATX com Fonte 200W, Preto &#8211; Mt-25v2bk<br \/>\nCaracter\u00edsticas:<br \/>\n&#8211; Marca: C3TECH | C3PLUS<br \/>\n&#8211; Modelo: MT-25V2BK<\/p>\n<p>Especifica\u00e7\u00f5es:<\/p>\n<p>&#8211; Gabinete Torre Micro ATX<br \/>\n&#8211; Fonte 200Watts Inclusa<br \/>\n&#8211; Tamanho 2 Baias<br \/>\n&#8211; 1 Baia Externa<br \/>\n&#8211; Suporta placas m\u00e3e Micro ATX<br \/>\n&#8211; Suporte a SSD 2,5<br \/>\n&#8211; Suporte Floppy disk<br \/>\n&#8211; 2 portas USB 2.0 frontais<br \/>\n&#8211; Entrada para microfone e sa\u00edda para fone de ouvido (Padr\u00e3o P2 3,5mm)<br \/>\n&#8211; \u00c1udio Padr\u00e3o AC97<br \/>\n&#8211; Espessura da chapa: 0,3mm<br \/>\n&#8211; Quantidade de baias 5,25: 1 Interna + 1 Exposta<br \/>\n&#8211; Quantidade de baias 3,5: 2<br \/>\n&#8211; Quantidade de suporte SSD 2,5: 2 baias<br \/>\n&#8211; 4 slots PCI<br \/>\n&#8211; Fixa\u00e7\u00e3o de fonte ATX na parte superior do gabinete<br \/>\n&#8211; Ventila\u00e7\u00e3o Frontal: compat\u00edvel com Cooler Fan 12cm (n\u00e3o acompanha cooler Fan)<br \/>\n&#8211; Ventila\u00e7\u00e3o Traseira: compat\u00edvel com Cooler Fan 8cm (n\u00e3o acompanha cooler de gabinete)<\/p>\n<p>Dimens\u00f5es:<br \/>\n&#8211; Dimens\u00f5es (CxLxA): 29&#215;17,3&#215;35,2cm<\/p>\n<p>Conte\u00fado da Embalagem:<br \/>\n&#8211; 01 Gabinete C3tech C3plus Mt-25v2bk Micro-atx Fonte 200w Inclusa<\/p>\n<p>Garantia do Fornecedor<br \/>\n12 meses<\/p>\n","protected":false},"excerpt":{"rendered":"<p>Gabinete mt-25v2bk c3tech | micro atx | fonte 200w |<\/p>\n","protected":false},"featured_media":1014,"comment_status":"open","ping_status":"closed","template":"","meta":[],"yoast_head":"<!-- This site is optimized with the Yoast SEO plugin v15.7 - https:\/\/yoast.com\/wordpress\/plugins\/seo\/ -->\n<title>Gabinete mt-25v2bk c3tech | micro atx | fonte 200w | - Casa da Inform\u00e1tica<\/title>\n<meta name=\"robots\" content=\"index, follow, max-snippet:-1, max-image-preview:large, max-video-preview:-1\" \/>\n<link rel=\"canonical\" href=\"https:\/\/moderniza.me\/casadainformatica\/product\/gabinete-mt-25v2bk-c3tech-micro-atx-fonte-200w\/\" \/>\n<meta property=\"og:locale\" content=\"pt_BR\" \/>\n<meta property=\"og:type\" content=\"article\" \/>\n<meta property=\"og:title\" content=\"Gabinete mt-25v2bk c3tech | micro atx | fonte 200w | - Casa da Inform\u00e1tica\" \/>\n<meta property=\"og:description\" content=\"Gabinete mt-25v2bk c3tech | micro atx | fonte 200w |\" \/>\n<meta property=\"og:url\" content=\"https:\/\/moderniza.me\/casadainformatica\/product\/gabinete-mt-25v2bk-c3tech-micro-atx-fonte-200w\/\" \/>\n<meta property=\"og:site_name\" content=\"Casa da Inform\u00e1tica\" \/>\n<meta property=\"article:modified_time\" content=\"2025-11-21T18:58:08+00:00\" \/>\n<meta name=\"twitter:card\" content=\"summary_large_image\" \/>\n<meta name=\"twitter:label1\" content=\"Est. reading time\">\n\t<meta name=\"twitter:data1\" content=\"1 minuto\">\n<script type=\"application\/ld+json\" class=\"yoast-schema-graph\">{\"@context\":\"https:\/\/schema.org\",\"@graph\":[{\"@type\":\"WebSite\",\"@id\":\"https:\/\/moderniza.me\/casadainformatica\/#website\",\"url\":\"https:\/\/moderniza.me\/casadainformatica\/\",\"name\":\"Casa da Inform\\u00e1tica\",\"description\":\"Compre Online de Lojas Locais\",\"potentialAction\":[{\"@type\":\"SearchAction\",\"target\":\"https:\/\/moderniza.me\/casadainformatica\/?s={search_term_string}\",\"query-input\":\"required name=search_term_string\"}],\"inLanguage\":\"pt-BR\"},{\"@type\":\"ImageObject\",\"@id\":\"https:\/\/moderniza.me\/casadainformatica\/product\/gabinete-mt-25v2bk-c3tech-micro-atx-fonte-200w\/#primaryimage\",\"inLanguage\":\"pt-BR\",\"url\":\"https:\/\/moderniza.me\/casadainformatica\/wp-content\/uploads\/sites\/112\/2023\/06\/1151_1.png\",\"width\":1000,\"height\":796},{\"@type\":\"WebPage\",\"@id\":\"https:\/\/moderniza.me\/casadainformatica\/product\/gabinete-mt-25v2bk-c3tech-micro-atx-fonte-200w\/#webpage\",\"url\":\"https:\/\/moderniza.me\/casadainformatica\/product\/gabinete-mt-25v2bk-c3tech-micro-atx-fonte-200w\/\",\"name\":\"Gabinete mt-25v2bk c3tech | micro atx | fonte 200w | - Casa da Inform\\u00e1tica\",\"isPartOf\":{\"@id\":\"https:\/\/moderniza.me\/casadainformatica\/#website\"},\"primaryImageOfPage\":{\"@id\":\"https:\/\/moderniza.me\/casadainformatica\/product\/gabinete-mt-25v2bk-c3tech-micro-atx-fonte-200w\/#primaryimage\"},\"datePublished\":\"2023-06-28T17:30:00+00:00\",\"dateModified\":\"2025-11-21T18:58:08+00:00\",\"inLanguage\":\"pt-BR\",\"potentialAction\":[{\"@type\":\"ReadAction\",\"target\":[\"https:\/\/moderniza.me\/casadainformatica\/product\/gabinete-mt-25v2bk-c3tech-micro-atx-fonte-200w\/\"]}]}]}<\/script>\n<!-- \/ Yoast SEO plugin. -->","_links":{"self":[{"href":"https:\/\/moderniza.me\/casadainformatica\/wp-json\/wp\/v2\/product\/1011"}],"collection":[{"href":"https:\/\/moderniza.me\/casadainformatica\/wp-json\/wp\/v2\/product"}],"about":[{"href":"https:\/\/moderniza.me\/casadainformatica\/wp-json\/wp\/v2\/types\/product"}],"replies":[{"embeddable":true,"href":"https:\/\/moderniza.me\/casadainformatica\/wp-json\/wp\/v2\/comments?post=1011"}],"version-history":[{"count":0,"href":"https:\/\/moderniza.me\/casadainformatica\/wp-json\/wp\/v2\/product\/1011\/revisions"}],"wp:featuredmedia":[{"embeddable":true,"href":"https:\/\/moderniza.me\/casadainformatica\/wp-json\/wp\/v2\/media\/1014"}],"wp:attachment":[{"href":"https:\/\/moderniza.me\/casadainformatica\/wp-json\/wp\/v2\/media?parent=1011"}],"curies":[{"name":"wp","href":"https:\/\/api.w.org\/{rel}","templated":true}]}}