
{"id":1008,"date":"2023-06-28T12:14:05","date_gmt":"2023-06-28T15:14:05","guid":{"rendered":"https:\/\/moderniza.me\/casadainformatica\/product\/mochila-kross-fashion-para-notebook-15-6-cinza\/"},"modified":"2025-11-22T18:07:31","modified_gmt":"2025-11-22T21:07:31","slug":"mochila-kross-fashion-para-notebook-15-6-cinza","status":"publish","type":"product","link":"https:\/\/moderniza.me\/casadainformatica\/product\/mochila-kross-fashion-para-notebook-15-6-cinza\/","title":{"rendered":"Mochila Kross Fashion para Notebook 15.6\u201d Cinza"},"content":{"rendered":"<p>Marca: DIVERSOS<br \/>\nMochila Kross Elegance Fashion ideal para profissionais e estudantes que precisam de conforto e  praticidade para o seu dia a dia. Ela foi projetada para carregar notebook de at\u00e9 15,6 polegadas. Feita em poli\u00e9ster, possui z\u00edper de metal resistentes e costura refor\u00e7ada para oferecer ainda mais seguran\u00e7a, as al\u00e7as s\u00e3o acolchoadas para oferecer ainda mais conforto.<\/p>\n<p>Caracter\u00edsticas:<br \/>\n\u2013 Bolso com dois z\u00edperes, com compartimento acolchoado para notebook de at\u00e9 15.6\u201d e para Tablet.<br \/>\n\u2013 Bolso com um z\u00edper, para smartphone, canetas ou outros acess\u00f3rios.<br \/>\n\u2013 Bolso m\u00e9dio frontal vertical superior com z\u00edper<br \/>\n\u2013 Bolso m\u00e9dio frontal inferior com z\u00edper.<br \/>\n\u2013 Bolso m\u00e9dio traseiro lateral vertical com z\u00edper.<br \/>\n\u2013 Sa\u00edda USB na lateral<br \/>\n\u2013 Al\u00e7as para ombros e painel traseiro acolchoados<br \/>\n\u2013 Al\u00e7a para as m\u00e3os refor\u00e7ada.<br \/>\n\u2013 2 Bolsos laterais com z\u00edper para pequenos acess\u00f3rios.<br \/>\n\u2013 Correia para uso em malas com rodinhas.<br \/>\n\u2013 Cor: Cinza<br \/>\n\u2013 Material: Poli\u00e9ster<br \/>\n\u2013 Estofamento: Espuma de poliuretano.<br \/>\n\u2013 Dimens\u00f5es C X A X L: 29,00 x 45,00 x 14,00 cm<br \/>\n\u2013 Peso: 0,785 Kg<\/p>\n","protected":false},"excerpt":{"rendered":"<p>Mochila Kross Fashion para Notebook 15.6\u201d Cinza<\/p>\n","protected":false},"featured_media":1026,"comment_status":"open","ping_status":"closed","template":"","meta":[],"yoast_head":"<!-- This site is optimized with the Yoast SEO plugin v15.7 - https:\/\/yoast.com\/wordpress\/plugins\/seo\/ -->\n<title>Mochila Kross Fashion para Notebook 15.6\u201d Cinza - Casa da Inform\u00e1tica<\/title>\n<meta name=\"robots\" content=\"index, follow, max-snippet:-1, max-image-preview:large, max-video-preview:-1\" \/>\n<link rel=\"canonical\" href=\"https:\/\/moderniza.me\/casadainformatica\/product\/mochila-kross-fashion-para-notebook-15-6-cinza\/\" \/>\n<meta property=\"og:locale\" content=\"pt_BR\" \/>\n<meta property=\"og:type\" content=\"article\" \/>\n<meta property=\"og:title\" content=\"Mochila Kross Fashion para Notebook 15.6\u201d Cinza - Casa da Inform\u00e1tica\" \/>\n<meta property=\"og:description\" content=\"Mochila Kross Fashion para Notebook 15.6\u201d Cinza\" \/>\n<meta property=\"og:url\" content=\"https:\/\/moderniza.me\/casadainformatica\/product\/mochila-kross-fashion-para-notebook-15-6-cinza\/\" \/>\n<meta property=\"og:site_name\" content=\"Casa da Inform\u00e1tica\" \/>\n<meta property=\"article:modified_time\" content=\"2025-11-22T21:07:31+00:00\" \/>\n<meta name=\"twitter:card\" content=\"summary_large_image\" \/>\n<meta name=\"twitter:label1\" content=\"Est. reading time\">\n\t<meta name=\"twitter:data1\" content=\"1 minuto\">\n<script type=\"application\/ld+json\" class=\"yoast-schema-graph\">{\"@context\":\"https:\/\/schema.org\",\"@graph\":[{\"@type\":\"WebSite\",\"@id\":\"https:\/\/moderniza.me\/casadainformatica\/#website\",\"url\":\"https:\/\/moderniza.me\/casadainformatica\/\",\"name\":\"Casa da Inform\\u00e1tica\",\"description\":\"Compre Online de Lojas Locais\",\"potentialAction\":[{\"@type\":\"SearchAction\",\"target\":\"https:\/\/moderniza.me\/casadainformatica\/?s={search_term_string}\",\"query-input\":\"required name=search_term_string\"}],\"inLanguage\":\"pt-BR\"},{\"@type\":\"ImageObject\",\"@id\":\"https:\/\/moderniza.me\/casadainformatica\/product\/mochila-kross-fashion-para-notebook-15-6-cinza\/#primaryimage\",\"inLanguage\":\"pt-BR\",\"url\":\"https:\/\/moderniza.me\/casadainformatica\/wp-content\/uploads\/sites\/112\/2023\/06\/1000218_3.png\",\"width\":600,\"height\":600},{\"@type\":\"WebPage\",\"@id\":\"https:\/\/moderniza.me\/casadainformatica\/product\/mochila-kross-fashion-para-notebook-15-6-cinza\/#webpage\",\"url\":\"https:\/\/moderniza.me\/casadainformatica\/product\/mochila-kross-fashion-para-notebook-15-6-cinza\/\",\"name\":\"Mochila Kross Fashion para Notebook 15.6\\u201d Cinza - Casa da Inform\\u00e1tica\",\"isPartOf\":{\"@id\":\"https:\/\/moderniza.me\/casadainformatica\/#website\"},\"primaryImageOfPage\":{\"@id\":\"https:\/\/moderniza.me\/casadainformatica\/product\/mochila-kross-fashion-para-notebook-15-6-cinza\/#primaryimage\"},\"datePublished\":\"2023-06-28T15:14:05+00:00\",\"dateModified\":\"2025-11-22T21:07:31+00:00\",\"inLanguage\":\"pt-BR\",\"potentialAction\":[{\"@type\":\"ReadAction\",\"target\":[\"https:\/\/moderniza.me\/casadainformatica\/product\/mochila-kross-fashion-para-notebook-15-6-cinza\/\"]}]}]}<\/script>\n<!-- \/ Yoast SEO plugin. -->","_links":{"self":[{"href":"https:\/\/moderniza.me\/casadainformatica\/wp-json\/wp\/v2\/product\/1008"}],"collection":[{"href":"https:\/\/moderniza.me\/casadainformatica\/wp-json\/wp\/v2\/product"}],"about":[{"href":"https:\/\/moderniza.me\/casadainformatica\/wp-json\/wp\/v2\/types\/product"}],"replies":[{"embeddable":true,"href":"https:\/\/moderniza.me\/casadainformatica\/wp-json\/wp\/v2\/comments?post=1008"}],"version-history":[{"count":0,"href":"https:\/\/moderniza.me\/casadainformatica\/wp-json\/wp\/v2\/product\/1008\/revisions"}],"wp:featuredmedia":[{"embeddable":true,"href":"https:\/\/moderniza.me\/casadainformatica\/wp-json\/wp\/v2\/media\/1026"}],"wp:attachment":[{"href":"https:\/\/moderniza.me\/casadainformatica\/wp-json\/wp\/v2\/media?parent=1008"}],"curies":[{"name":"wp","href":"https:\/\/api.w.org\/{rel}","templated":true}]}}