
{"id":1007,"date":"2023-06-28T12:13:59","date_gmt":"2023-06-28T15:13:59","guid":{"rendered":"https:\/\/moderniza.me\/casadainformatica\/product\/mochila-kross-comfort-para-notebook-15-6-marrom\/"},"modified":"2025-01-31T16:54:14","modified_gmt":"2025-01-31T19:54:14","slug":"mochila-kross-comfort-para-notebook-15-6-marrom","status":"publish","type":"product","link":"https:\/\/moderniza.me\/casadainformatica\/product\/mochila-kross-comfort-para-notebook-15-6-marrom\/","title":{"rendered":"Mochila Kross Comfort para Notebook 15.6\u201d Marrom"},"content":{"rendered":"<p>Marca: DIVERSOS<br \/>\nConforto, durabilidade e resist\u00eancia formam a ess\u00eancia da Mochila Kross Elegance Comfort. Com ela, voc\u00ea pode carregar seu laptop tranquilamente. Feita para transportar notebook de at\u00e9 15,6 polegadas, ela tem um design discreto e seguro. Possui z\u00edperes altamente resistentes e al\u00e7as acolchoadas, o que permite maior mobilidade e bem-estar. Al\u00e9m disso, as costuras s\u00e3o refor\u00e7adas, assim como o revestimento. Uma verdadeira aliada na correria do seu dia a dia.<\/p>\n<p>Caracter\u00edsticas:<br \/>\n\u2013 Bolso com dois z\u00edperes,  com compartimento acolchoado para notebook de at\u00e9 15.6\u201d e divis\u00f3ria para tablet.<br \/>\n\u2013 Bolso com dois z\u00edperes, com grande espa\u00e7o para cadernos, livros ou acess\u00f3rios.<br \/>\n\u2013 Bolso m\u00e9dio frontal superior com z\u00edper, na frente com um bolso com velcro<br \/>\n\u2013 Bolso m\u00e9dio frontal inferior com z\u00edper<br \/>\n\u2013 Al\u00e7as e painel traseiro acolchoados<br \/>\n\u2013 Al\u00e7a para as m\u00e3os refor\u00e7ada.<br \/>\n\u2013 2 Bolsos laterais para garrafa ou pequenos acess\u00f3rios.<br \/>\n\u2013 Base refor\u00e7ada.<br \/>\n\u2013 Cor: Marrom<br \/>\n\u2013 Material: Poli\u00e9ster<br \/>\n\u2013 Dimens\u00f5es C X A X L: 29,00 \u00d7 50,00 \u00d7 12,00 cm<br \/>\n\u2013 Peso: 0,865 Kg<\/p>\n","protected":false},"excerpt":{"rendered":"<p>Mochila Kross Comfort para Notebook 15.6\u201d Marrom<\/p>\n","protected":false},"featured_media":1022,"comment_status":"open","ping_status":"closed","template":"","meta":[],"yoast_head":"<!-- This site is optimized with the Yoast SEO plugin v15.7 - https:\/\/yoast.com\/wordpress\/plugins\/seo\/ -->\n<title>Mochila Kross Comfort para Notebook 15.6\u201d Marrom - Casa da Inform\u00e1tica<\/title>\n<meta name=\"robots\" content=\"index, follow, max-snippet:-1, max-image-preview:large, max-video-preview:-1\" \/>\n<link rel=\"canonical\" href=\"https:\/\/moderniza.me\/casadainformatica\/product\/mochila-kross-comfort-para-notebook-15-6-marrom\/\" \/>\n<meta property=\"og:locale\" content=\"pt_BR\" \/>\n<meta property=\"og:type\" content=\"article\" \/>\n<meta property=\"og:title\" content=\"Mochila Kross Comfort para Notebook 15.6\u201d Marrom - Casa da Inform\u00e1tica\" \/>\n<meta property=\"og:description\" content=\"Mochila Kross Comfort para Notebook 15.6\u201d Marrom\" \/>\n<meta property=\"og:url\" content=\"https:\/\/moderniza.me\/casadainformatica\/product\/mochila-kross-comfort-para-notebook-15-6-marrom\/\" \/>\n<meta property=\"og:site_name\" content=\"Casa da Inform\u00e1tica\" \/>\n<meta property=\"article:modified_time\" content=\"2025-01-31T19:54:14+00:00\" \/>\n<meta name=\"twitter:card\" content=\"summary_large_image\" \/>\n<meta name=\"twitter:label1\" content=\"Est. reading time\">\n\t<meta name=\"twitter:data1\" content=\"1 minuto\">\n<script type=\"application\/ld+json\" class=\"yoast-schema-graph\">{\"@context\":\"https:\/\/schema.org\",\"@graph\":[{\"@type\":\"WebSite\",\"@id\":\"https:\/\/moderniza.me\/casadainformatica\/#website\",\"url\":\"https:\/\/moderniza.me\/casadainformatica\/\",\"name\":\"Casa da Inform\\u00e1tica\",\"description\":\"Compre Online de Lojas Locais\",\"potentialAction\":[{\"@type\":\"SearchAction\",\"target\":\"https:\/\/moderniza.me\/casadainformatica\/?s={search_term_string}\",\"query-input\":\"required name=search_term_string\"}],\"inLanguage\":\"pt-BR\"},{\"@type\":\"ImageObject\",\"@id\":\"https:\/\/moderniza.me\/casadainformatica\/product\/mochila-kross-comfort-para-notebook-15-6-marrom\/#primaryimage\",\"inLanguage\":\"pt-BR\",\"url\":\"https:\/\/moderniza.me\/casadainformatica\/wp-content\/uploads\/sites\/112\/2023\/06\/1000217_3.png\",\"width\":600,\"height\":600},{\"@type\":\"WebPage\",\"@id\":\"https:\/\/moderniza.me\/casadainformatica\/product\/mochila-kross-comfort-para-notebook-15-6-marrom\/#webpage\",\"url\":\"https:\/\/moderniza.me\/casadainformatica\/product\/mochila-kross-comfort-para-notebook-15-6-marrom\/\",\"name\":\"Mochila Kross Comfort para Notebook 15.6\\u201d Marrom - Casa da Inform\\u00e1tica\",\"isPartOf\":{\"@id\":\"https:\/\/moderniza.me\/casadainformatica\/#website\"},\"primaryImageOfPage\":{\"@id\":\"https:\/\/moderniza.me\/casadainformatica\/product\/mochila-kross-comfort-para-notebook-15-6-marrom\/#primaryimage\"},\"datePublished\":\"2023-06-28T15:13:59+00:00\",\"dateModified\":\"2025-01-31T19:54:14+00:00\",\"inLanguage\":\"pt-BR\",\"potentialAction\":[{\"@type\":\"ReadAction\",\"target\":[\"https:\/\/moderniza.me\/casadainformatica\/product\/mochila-kross-comfort-para-notebook-15-6-marrom\/\"]}]}]}<\/script>\n<!-- \/ Yoast SEO plugin. -->","_links":{"self":[{"href":"https:\/\/moderniza.me\/casadainformatica\/wp-json\/wp\/v2\/product\/1007"}],"collection":[{"href":"https:\/\/moderniza.me\/casadainformatica\/wp-json\/wp\/v2\/product"}],"about":[{"href":"https:\/\/moderniza.me\/casadainformatica\/wp-json\/wp\/v2\/types\/product"}],"replies":[{"embeddable":true,"href":"https:\/\/moderniza.me\/casadainformatica\/wp-json\/wp\/v2\/comments?post=1007"}],"version-history":[{"count":0,"href":"https:\/\/moderniza.me\/casadainformatica\/wp-json\/wp\/v2\/product\/1007\/revisions"}],"wp:featuredmedia":[{"embeddable":true,"href":"https:\/\/moderniza.me\/casadainformatica\/wp-json\/wp\/v2\/media\/1022"}],"wp:attachment":[{"href":"https:\/\/moderniza.me\/casadainformatica\/wp-json\/wp\/v2\/media?parent=1007"}],"curies":[{"name":"wp","href":"https:\/\/api.w.org\/{rel}","templated":true}]}}