
{"id":1006,"date":"2023-06-28T12:13:54","date_gmt":"2023-06-28T15:13:54","guid":{"rendered":"https:\/\/moderniza.me\/casadainformatica\/product\/mochila-notbook-case-logic-key-15-6-preta\/"},"modified":"2025-12-01T09:32:25","modified_gmt":"2025-12-01T12:32:25","slug":"mochila-notbook-case-logic-key-15-6-preta","status":"publish","type":"product","link":"https:\/\/moderniza.me\/casadainformatica\/product\/mochila-notbook-case-logic-key-15-6-preta\/","title":{"rendered":"MOCHILA NotBook CASE LOGIC KEY 15.6&#8243; PRETA"},"content":{"rendered":"<p>Marca: DIVERSOS<br \/>\nCaracter\u00edsticas do Produto<br \/>\nMochila profissional com bolso protetor para laptop e capacidade generosa para os itens essenciais do dia a dia.<\/p>\n<p>Especifica\u00e7\u00f5es<\/p>\n<p>O bolso elevado e acolchoado para laptop protege um laptop de at\u00e9 15,6 polegadas<br \/>\nO compartimento principal de alta capacidade armazena facilmente pastas, blocos de notas ou um casaco leve<br \/>\nO bolso de acesso r\u00e1pido no painel frontal permite encontrar rapidamente itens do dia a dia<br \/>\nO bolso lateral em tecido de malha mant\u00e9m uma garrafa d\u00b4\u00e1gua sempre ao seu alcance<br \/>\nPainel traseiro acolchoado com canais para passagem de ar para proporcionar uma experi\u00eancia de transporte confort\u00e1vel<br \/>\nV\u00e1rios bolsos internos para acomodar acess\u00f3rios pequenos<br \/>\nO bolso interno com z\u00edper armazena com seguran\u00e7a canetas e cabos<br \/>\nAl\u00e7a de transporte em malha e al\u00e7a de m\u00e3o secund\u00e1ria na base da bolsa<br \/>\nEspecifica\u00e7\u00f5es T\u00e9cnicas<\/p>\n<p>Cor: Black<br \/>\nTamanho: 30.0 x 24.0 x 44.0 cm<br \/>\nIdeal para dispositivos: 38.5 x 3.1 x 26.5 cm<br \/>\nVolume: 20L<br \/>\nPeso: 0.5kg<br \/>\nMateriais: Poli\u00e9ster<br \/>\nGarantia<\/p>\n<p>Garantia de qualidade de 25 anos*<\/p>\n","protected":false},"excerpt":{"rendered":"<p>MOCHILA NotBook CASE LOGIC KEY 15.6&#8243; PRETA<\/p>\n","protected":false},"featured_media":1018,"comment_status":"open","ping_status":"closed","template":"","meta":[],"yoast_head":"<!-- This site is optimized with the Yoast SEO plugin v15.7 - https:\/\/yoast.com\/wordpress\/plugins\/seo\/ -->\n<title>MOCHILA NotBook CASE LOGIC KEY 15.6&quot; PRETA - Casa da Inform\u00e1tica<\/title>\n<meta name=\"robots\" content=\"index, follow, max-snippet:-1, max-image-preview:large, max-video-preview:-1\" \/>\n<link rel=\"canonical\" href=\"https:\/\/moderniza.me\/casadainformatica\/product\/mochila-notbook-case-logic-key-15-6-preta\/\" \/>\n<meta property=\"og:locale\" content=\"pt_BR\" \/>\n<meta property=\"og:type\" content=\"article\" \/>\n<meta property=\"og:title\" content=\"MOCHILA NotBook CASE LOGIC KEY 15.6&quot; PRETA - Casa da Inform\u00e1tica\" \/>\n<meta property=\"og:description\" content=\"MOCHILA NotBook CASE LOGIC KEY 15.6&quot; PRETA\" \/>\n<meta property=\"og:url\" content=\"https:\/\/moderniza.me\/casadainformatica\/product\/mochila-notbook-case-logic-key-15-6-preta\/\" \/>\n<meta property=\"og:site_name\" content=\"Casa da Inform\u00e1tica\" \/>\n<meta property=\"article:modified_time\" content=\"2025-12-01T12:32:25+00:00\" \/>\n<meta property=\"og:image\" content=\"https:\/\/moderniza.me\/casadainformatica\/wp-content\/uploads\/sites\/112\/2023\/06\/1000216_1.png\" \/>\n\t<meta property=\"og:image:width\" content=\"1000\" \/>\n\t<meta property=\"og:image:height\" content=\"1000\" \/>\n<meta name=\"twitter:card\" content=\"summary_large_image\" \/>\n<meta name=\"twitter:label1\" content=\"Est. reading time\">\n\t<meta name=\"twitter:data1\" content=\"1 minuto\">\n<script type=\"application\/ld+json\" class=\"yoast-schema-graph\">{\"@context\":\"https:\/\/schema.org\",\"@graph\":[{\"@type\":\"WebSite\",\"@id\":\"https:\/\/moderniza.me\/casadainformatica\/#website\",\"url\":\"https:\/\/moderniza.me\/casadainformatica\/\",\"name\":\"Casa da Inform\\u00e1tica\",\"description\":\"Compre Online de Lojas Locais\",\"potentialAction\":[{\"@type\":\"SearchAction\",\"target\":\"https:\/\/moderniza.me\/casadainformatica\/?s={search_term_string}\",\"query-input\":\"required name=search_term_string\"}],\"inLanguage\":\"pt-BR\"},{\"@type\":\"ImageObject\",\"@id\":\"https:\/\/moderniza.me\/casadainformatica\/product\/mochila-notbook-case-logic-key-15-6-preta\/#primaryimage\",\"inLanguage\":\"pt-BR\",\"url\":\"https:\/\/moderniza.me\/casadainformatica\/wp-content\/uploads\/sites\/112\/2023\/06\/1000216_1.png\",\"width\":1000,\"height\":1000},{\"@type\":\"WebPage\",\"@id\":\"https:\/\/moderniza.me\/casadainformatica\/product\/mochila-notbook-case-logic-key-15-6-preta\/#webpage\",\"url\":\"https:\/\/moderniza.me\/casadainformatica\/product\/mochila-notbook-case-logic-key-15-6-preta\/\",\"name\":\"MOCHILA NotBook CASE LOGIC KEY 15.6\\\" PRETA - Casa da Inform\\u00e1tica\",\"isPartOf\":{\"@id\":\"https:\/\/moderniza.me\/casadainformatica\/#website\"},\"primaryImageOfPage\":{\"@id\":\"https:\/\/moderniza.me\/casadainformatica\/product\/mochila-notbook-case-logic-key-15-6-preta\/#primaryimage\"},\"datePublished\":\"2023-06-28T15:13:54+00:00\",\"dateModified\":\"2025-12-01T12:32:25+00:00\",\"inLanguage\":\"pt-BR\",\"potentialAction\":[{\"@type\":\"ReadAction\",\"target\":[\"https:\/\/moderniza.me\/casadainformatica\/product\/mochila-notbook-case-logic-key-15-6-preta\/\"]}]}]}<\/script>\n<!-- \/ Yoast SEO plugin. -->","_links":{"self":[{"href":"https:\/\/moderniza.me\/casadainformatica\/wp-json\/wp\/v2\/product\/1006"}],"collection":[{"href":"https:\/\/moderniza.me\/casadainformatica\/wp-json\/wp\/v2\/product"}],"about":[{"href":"https:\/\/moderniza.me\/casadainformatica\/wp-json\/wp\/v2\/types\/product"}],"replies":[{"embeddable":true,"href":"https:\/\/moderniza.me\/casadainformatica\/wp-json\/wp\/v2\/comments?post=1006"}],"version-history":[{"count":1,"href":"https:\/\/moderniza.me\/casadainformatica\/wp-json\/wp\/v2\/product\/1006\/revisions"}],"predecessor-version":[{"id":1009,"href":"https:\/\/moderniza.me\/casadainformatica\/wp-json\/wp\/v2\/product\/1006\/revisions\/1009"}],"wp:featuredmedia":[{"embeddable":true,"href":"https:\/\/moderniza.me\/casadainformatica\/wp-json\/wp\/v2\/media\/1018"}],"wp:attachment":[{"href":"https:\/\/moderniza.me\/casadainformatica\/wp-json\/wp\/v2\/media?parent=1006"}],"curies":[{"name":"wp","href":"https:\/\/api.w.org\/{rel}","templated":true}]}}