
{"id":1005,"date":"2023-06-28T12:13:50","date_gmt":"2023-06-28T15:13:50","guid":{"rendered":"https:\/\/moderniza.me\/casadainformatica\/product\/mochila-notebook-156-azul-design-mais-mani\/"},"modified":"2025-08-05T17:49:35","modified_gmt":"2025-08-05T20:49:35","slug":"mochila-notebook-156-azul-design-mais-mani","status":"publish","type":"product","link":"https:\/\/moderniza.me\/casadainformatica\/product\/mochila-notebook-156-azul-design-mais-mani\/","title":{"rendered":"MOCHILA NoteBook 15,6&#8243; AZUL DESIGN MAIS MANI"},"content":{"rendered":"<p>Marca: DIVERSOS<br \/>\n As mochilas MAIS MANIA para notebook possuem um design moderno e sofisticado, s\u00e3o excelentes para quem busca op\u00e7\u00f5es praticas e versateis. Possuem compartimentos para unissex e contam com diversas divisorias e porta objetos alem de bolsos dedicados para pequenos pertences. Bem estruturadas e com fechos ziperes resistentes, as al\u00e7as s\u00e3o acolchoadas ou revestidas com materiais premium<\/p>\n","protected":false},"excerpt":{"rendered":"<p>MOCHILA NoteBook 15,6&#8243; AZUL DESIGN MAIS MANI<\/p>\n","protected":false},"featured_media":1074,"comment_status":"open","ping_status":"closed","template":"","meta":[],"yoast_head":"<!-- This site is optimized with the Yoast SEO plugin v15.7 - https:\/\/yoast.com\/wordpress\/plugins\/seo\/ -->\n<title>MOCHILA NoteBook 15,6&quot; AZUL DESIGN MAIS MANI - Casa da Inform\u00e1tica<\/title>\n<meta name=\"robots\" content=\"index, follow, max-snippet:-1, max-image-preview:large, max-video-preview:-1\" \/>\n<link rel=\"canonical\" href=\"https:\/\/moderniza.me\/casadainformatica\/product\/mochila-notebook-156-azul-design-mais-mani\/\" \/>\n<meta property=\"og:locale\" content=\"pt_BR\" \/>\n<meta property=\"og:type\" content=\"article\" \/>\n<meta property=\"og:title\" content=\"MOCHILA NoteBook 15,6&quot; AZUL DESIGN MAIS MANI - Casa da Inform\u00e1tica\" \/>\n<meta property=\"og:description\" content=\"MOCHILA NoteBook 15,6&quot; AZUL DESIGN MAIS MANI\" \/>\n<meta property=\"og:url\" content=\"https:\/\/moderniza.me\/casadainformatica\/product\/mochila-notebook-156-azul-design-mais-mani\/\" \/>\n<meta property=\"og:site_name\" content=\"Casa da Inform\u00e1tica\" \/>\n<meta property=\"article:modified_time\" content=\"2025-08-05T20:49:35+00:00\" \/>\n<meta property=\"og:image\" content=\"https:\/\/moderniza.me\/casadainformatica\/wp-content\/uploads\/sites\/112\/2023\/07\/1083_1.png\" \/>\n\t<meta property=\"og:image:width\" content=\"369\" \/>\n\t<meta property=\"og:image:height\" content=\"450\" \/>\n<meta name=\"twitter:card\" content=\"summary_large_image\" \/>\n<script type=\"application\/ld+json\" class=\"yoast-schema-graph\">{\"@context\":\"https:\/\/schema.org\",\"@graph\":[{\"@type\":\"WebSite\",\"@id\":\"https:\/\/moderniza.me\/casadainformatica\/#website\",\"url\":\"https:\/\/moderniza.me\/casadainformatica\/\",\"name\":\"Casa da Inform\\u00e1tica\",\"description\":\"Compre Online de Lojas Locais\",\"potentialAction\":[{\"@type\":\"SearchAction\",\"target\":\"https:\/\/moderniza.me\/casadainformatica\/?s={search_term_string}\",\"query-input\":\"required name=search_term_string\"}],\"inLanguage\":\"pt-BR\"},{\"@type\":\"ImageObject\",\"@id\":\"https:\/\/moderniza.me\/casadainformatica\/product\/mochila-notebook-156-azul-design-mais-mani\/#primaryimage\",\"inLanguage\":\"pt-BR\",\"url\":\"https:\/\/moderniza.me\/casadainformatica\/wp-content\/uploads\/sites\/112\/2023\/07\/1083_1.png\",\"width\":369,\"height\":450},{\"@type\":\"WebPage\",\"@id\":\"https:\/\/moderniza.me\/casadainformatica\/product\/mochila-notebook-156-azul-design-mais-mani\/#webpage\",\"url\":\"https:\/\/moderniza.me\/casadainformatica\/product\/mochila-notebook-156-azul-design-mais-mani\/\",\"name\":\"MOCHILA NoteBook 15,6\\\" AZUL DESIGN MAIS MANI - Casa da Inform\\u00e1tica\",\"isPartOf\":{\"@id\":\"https:\/\/moderniza.me\/casadainformatica\/#website\"},\"primaryImageOfPage\":{\"@id\":\"https:\/\/moderniza.me\/casadainformatica\/product\/mochila-notebook-156-azul-design-mais-mani\/#primaryimage\"},\"datePublished\":\"2023-06-28T15:13:50+00:00\",\"dateModified\":\"2025-08-05T20:49:35+00:00\",\"inLanguage\":\"pt-BR\",\"potentialAction\":[{\"@type\":\"ReadAction\",\"target\":[\"https:\/\/moderniza.me\/casadainformatica\/product\/mochila-notebook-156-azul-design-mais-mani\/\"]}]}]}<\/script>\n<!-- \/ Yoast SEO plugin. -->","_links":{"self":[{"href":"https:\/\/moderniza.me\/casadainformatica\/wp-json\/wp\/v2\/product\/1005"}],"collection":[{"href":"https:\/\/moderniza.me\/casadainformatica\/wp-json\/wp\/v2\/product"}],"about":[{"href":"https:\/\/moderniza.me\/casadainformatica\/wp-json\/wp\/v2\/types\/product"}],"replies":[{"embeddable":true,"href":"https:\/\/moderniza.me\/casadainformatica\/wp-json\/wp\/v2\/comments?post=1005"}],"version-history":[{"count":2,"href":"https:\/\/moderniza.me\/casadainformatica\/wp-json\/wp\/v2\/product\/1005\/revisions"}],"predecessor-version":[{"id":1315,"href":"https:\/\/moderniza.me\/casadainformatica\/wp-json\/wp\/v2\/product\/1005\/revisions\/1315"}],"wp:featuredmedia":[{"embeddable":true,"href":"https:\/\/moderniza.me\/casadainformatica\/wp-json\/wp\/v2\/media\/1074"}],"wp:attachment":[{"href":"https:\/\/moderniza.me\/casadainformatica\/wp-json\/wp\/v2\/media?parent=1005"}],"curies":[{"name":"wp","href":"https:\/\/api.w.org\/{rel}","templated":true}]}}