
{"id":438,"date":"2019-04-18T11:16:34","date_gmt":"2019-04-18T14:16:34","guid":{"rendered":"https:\/\/envothemes.com\/envo-ecommerce\/?page_id=53"},"modified":"2026-04-03T18:33:52","modified_gmt":"2026-04-03T21:33:52","slug":"sobre-nos","status":"publish","type":"page","link":"https:\/\/moderniza.me\/casadainformatica\/sobre-nos\/","title":{"rendered":"Sobre N\u00f3s"},"content":{"rendered":"\t\t<div data-elementor-type=\"wp-post\" data-elementor-id=\"438\" class=\"elementor elementor-438\" data-elementor-settings=\"[]\">\n\t\t\t\t\t\t<div class=\"elementor-inner\">\n\t\t\t\t\t\t\t<div class=\"elementor-section-wrap\">\n\t\t\t\t\t\t\t<section class=\"elementor-section elementor-top-section elementor-element elementor-element-ad0066e elementor-section-boxed elementor-section-height-default elementor-section-height-default\" data-id=\"ad0066e\" data-element_type=\"section\">\n\t\t\t\t\t\t<div class=\"elementor-container elementor-column-gap-default\">\n\t\t\t\t\t\t\t<div class=\"elementor-row\">\n\t\t\t\t\t<div class=\"elementor-column elementor-col-100 elementor-top-column elementor-element elementor-element-5ad0791\" data-id=\"5ad0791\" data-element_type=\"column\">\n\t\t\t<div class=\"elementor-column-wrap elementor-element-populated\">\n\t\t\t\t\t\t\t<div class=\"elementor-widget-wrap\">\n\t\t\t\t\t\t<div class=\"elementor-element elementor-element-a700abd elementor-widget elementor-widget-heading\" data-id=\"a700abd\" data-element_type=\"widget\" data-widget_type=\"heading.default\">\n\t\t\t\t<div class=\"elementor-widget-container\">\n\t\t\t<h2 class=\"elementor-heading-title elementor-size-default\">Nossa Hist\u00f3ria :<\/h2>\t\t<\/div>\n\t\t\t\t<\/div>\n\t\t\t\t\t\t<\/div>\n\t\t\t\t\t<\/div>\n\t\t<\/div>\n\t\t\t\t\t\t\t\t<\/div>\n\t\t\t\t\t<\/div>\n\t\t<\/section>\n\t\t\t\t<section class=\"elementor-section elementor-top-section elementor-element elementor-element-0585df6 elementor-section-boxed elementor-section-height-default elementor-section-height-default\" data-id=\"0585df6\" data-element_type=\"section\">\n\t\t\t\t\t\t<div class=\"elementor-container elementor-column-gap-default\">\n\t\t\t\t\t\t\t<div class=\"elementor-row\">\n\t\t\t\t\t<div class=\"elementor-column elementor-col-100 elementor-top-column elementor-element elementor-element-5c9f39f\" data-id=\"5c9f39f\" data-element_type=\"column\">\n\t\t\t<div class=\"elementor-column-wrap elementor-element-populated\">\n\t\t\t\t\t\t\t<div class=\"elementor-widget-wrap\">\n\t\t\t\t\t\t<div class=\"elementor-element elementor-element-e9e124e elementor-widget elementor-widget-text-editor\" data-id=\"e9e124e\" data-element_type=\"widget\" data-widget_type=\"text-editor.default\">\n\t\t\t\t<div class=\"elementor-widget-container\">\n\t\t\t\t\t<div class=\"elementor-text-editor elementor-clearfix\"><p><span style=\"color: #000000\">Desde de 2005, no mercado investindo em inova\u00e7\u00e3o e qualidade na presta\u00e7\u00e3o de servi\u00e7os, oferecendo as melhores solu\u00e7\u00f5es para voc\u00ea e sua empresa.\u00a0 \u00a0 Nossa miss\u00e3o \u00e9 proporcionar aos nossos clientes, solu\u00e7\u00f5es completas para automatizar seu neg\u00f3cio ajudando a simplificar seus processos, colocando a disposi\u00e7\u00e3o todo o conhecimento adquirido ao longo da nossa hist\u00f3ria com profissionais altamente capacitados.<\/span><\/p><\/div>\n\t\t\t\t<\/div>\n\t\t\t\t<\/div>\n\t\t\t\t\t\t<\/div>\n\t\t\t\t\t<\/div>\n\t\t<\/div>\n\t\t\t\t\t\t\t\t<\/div>\n\t\t\t\t\t<\/div>\n\t\t<\/section>\n\t\t\t\t<section class=\"elementor-section elementor-top-section elementor-element elementor-element-764aa53 elementor-section-boxed elementor-section-height-default elementor-section-height-default\" data-id=\"764aa53\" data-element_type=\"section\">\n\t\t\t\t\t\t<div class=\"elementor-container elementor-column-gap-default\">\n\t\t\t\t\t\t\t<div class=\"elementor-row\">\n\t\t\t\t\t<div class=\"elementor-column elementor-col-50 elementor-top-column elementor-element elementor-element-2515857\" data-id=\"2515857\" data-element_type=\"column\">\n\t\t\t<div class=\"elementor-column-wrap elementor-element-populated\">\n\t\t\t\t\t\t\t<div class=\"elementor-widget-wrap\">\n\t\t\t\t\t\t<div class=\"elementor-element elementor-element-abfe5a4 elementor-widget elementor-widget-text-editor\" data-id=\"abfe5a4\" data-element_type=\"widget\" data-widget_type=\"text-editor.default\">\n\t\t\t\t<div class=\"elementor-widget-container\">\n\t\t\t\t\t<div class=\"elementor-text-editor elementor-clearfix\"><p>Lorem ipsum dolor sit amet, consectetur adipiscing elit , which can be complemented by exploring <a style=\"text-decoration: none !important;color: inherit !important\" href=\"airducation.eu\/\">Casino en ligne retrait instantan\u00e9 France<\/a> for additional entertainment options. . Ut elit tellus, luctus nec ullamcorper mattis, pulvinar dapibus leo.<\/p><\/div>\n\t\t\t\t<\/div>\n\t\t\t\t<\/div>\n\t\t\t\t<div class=\"elementor-element elementor-element-17e76ef elementor-widget elementor-widget-image\" data-id=\"17e76ef\" data-element_type=\"widget\" data-widget_type=\"image.default\">\n\t\t\t\t<div class=\"elementor-widget-container\">\n\t\t\t\t\t<div class=\"elementor-image\">\n\t\t\t\t\t\t\t\t\t\t<img width=\"332\" height=\"624\" src=\"https:\/\/moderniza.me\/casadainformatica\/wp-content\/uploads\/sites\/112\/2023\/05\/Captura-de-tela-2023-05-27-202123.png\" class=\"attachment-large size-large\" alt=\"\" loading=\"lazy\" srcset=\"https:\/\/moderniza.me\/casadainformatica\/wp-content\/uploads\/sites\/112\/2023\/05\/Captura-de-tela-2023-05-27-202123.png 332w, https:\/\/moderniza.me\/casadainformatica\/wp-content\/uploads\/sites\/112\/2023\/05\/Captura-de-tela-2023-05-27-202123-160x300.png 160w\" sizes=\"(max-width: 332px) 100vw, 332px\" \/>\t\t\t\t\t\t\t\t\t\t\t<\/div>\n\t\t\t\t<\/div>\n\t\t\t\t<\/div>\n\t\t\t\t\t\t<\/div>\n\t\t\t\t\t<\/div>\n\t\t<\/div>\n\t\t\t\t<div class=\"elementor-column elementor-col-50 elementor-top-column elementor-element elementor-element-39e86ad\" data-id=\"39e86ad\" data-element_type=\"column\">\n\t\t\t<div class=\"elementor-column-wrap elementor-element-populated\">\n\t\t\t\t\t\t\t<div class=\"elementor-widget-wrap\">\n\t\t\t\t\t\t<div class=\"elementor-element elementor-element-fa64a8b elementor-widget elementor-widget-image\" data-id=\"fa64a8b\" data-element_type=\"widget\" data-widget_type=\"image.default\">\n\t\t\t\t<div class=\"elementor-widget-container\">\n\t\t\t\t\t<div class=\"elementor-image\">\n\t\t\t\t\t\t\t\t\t\t<img width=\"344\" height=\"347\" src=\"https:\/\/moderniza.me\/casadainformatica\/wp-content\/uploads\/sites\/112\/2023\/05\/Captura-de-tela-2023-05-27-202148.png\" class=\"attachment-large size-large\" alt=\"\" loading=\"lazy\" srcset=\"https:\/\/moderniza.me\/casadainformatica\/wp-content\/uploads\/sites\/112\/2023\/05\/Captura-de-tela-2023-05-27-202148.png 344w, https:\/\/moderniza.me\/casadainformatica\/wp-content\/uploads\/sites\/112\/2023\/05\/Captura-de-tela-2023-05-27-202148-297x300.png 297w, https:\/\/moderniza.me\/casadainformatica\/wp-content\/uploads\/sites\/112\/2023\/05\/Captura-de-tela-2023-05-27-202148-150x150.png 150w, https:\/\/moderniza.me\/casadainformatica\/wp-content\/uploads\/sites\/112\/2023\/05\/Captura-de-tela-2023-05-27-202148-75x75.png 75w, https:\/\/moderniza.me\/casadainformatica\/wp-content\/uploads\/sites\/112\/2023\/05\/Captura-de-tela-2023-05-27-202148-100x100.png 100w\" sizes=\"(max-width: 344px) 100vw, 344px\" \/>\t\t\t\t\t\t\t\t\t\t\t<\/div>\n\t\t\t\t<\/div>\n\t\t\t\t<\/div>\n\t\t\t\t\t\t<\/div>\n\t\t\t\t\t<\/div>\n\t\t<\/div>\n\t\t\t\t\t\t\t\t<\/div>\n\t\t\t\t\t<\/div>\n\t\t<\/section>\n\t\t\t\t<section class=\"elementor-section elementor-top-section elementor-element elementor-element-1894dda elementor-section-boxed elementor-section-height-default elementor-section-height-default\" data-id=\"1894dda\" data-element_type=\"section\">\n\t\t\t\t\t\t<div class=\"elementor-container elementor-column-gap-default\">\n\t\t\t\t\t\t\t<div class=\"elementor-row\">\n\t\t\t\t\t<div class=\"elementor-column elementor-col-100 elementor-top-column elementor-element elementor-element-9229d66\" data-id=\"9229d66\" data-element_type=\"column\">\n\t\t\t<div class=\"elementor-column-wrap elementor-element-populated\">\n\t\t\t\t\t\t\t<div class=\"elementor-widget-wrap\">\n\t\t\t\t\t\t<div class=\"elementor-element elementor-element-201f5f5 elementor-widget elementor-widget-image\" data-id=\"201f5f5\" data-element_type=\"widget\" data-widget_type=\"image.default\">\n\t\t\t\t<div class=\"elementor-widget-container\">\n\t\t\t\t\t<div class=\"elementor-image\">\n\t\t\t\t\t\t\t\t\t\t<img width=\"300\" height=\"93\" src=\"https:\/\/moderniza.me\/casadainformatica\/wp-content\/uploads\/sites\/112\/2023\/05\/Captura-de-tela-2023-05-27-204159-300x93.png\" class=\"attachment-medium size-medium\" alt=\"\" loading=\"lazy\" srcset=\"https:\/\/moderniza.me\/casadainformatica\/wp-content\/uploads\/sites\/112\/2023\/05\/Captura-de-tela-2023-05-27-204159-300x93.png 300w, https:\/\/moderniza.me\/casadainformatica\/wp-content\/uploads\/sites\/112\/2023\/05\/Captura-de-tela-2023-05-27-204159-400x124.png 400w, https:\/\/moderniza.me\/casadainformatica\/wp-content\/uploads\/sites\/112\/2023\/05\/Captura-de-tela-2023-05-27-204159.png 446w\" sizes=\"(max-width: 300px) 100vw, 300px\" \/>\t\t\t\t\t\t\t\t\t\t\t<\/div>\n\t\t\t\t<\/div>\n\t\t\t\t<\/div>\n\t\t\t\t\t\t<\/div>\n\t\t\t\t\t<\/div>\n\t\t<\/div>\n\t\t\t\t\t\t\t\t<\/div>\n\t\t\t\t\t<\/div>\n\t\t<\/section>\n\t\t\t\t<section class=\"elementor-section elementor-top-section elementor-element elementor-element-02e1ba2 elementor-section-boxed elementor-section-height-default elementor-section-height-default\" data-id=\"02e1ba2\" data-element_type=\"section\">\n\t\t\t\t\t\t<div class=\"elementor-container elementor-column-gap-default\">\n\t\t\t\t\t\t\t<div class=\"elementor-row\">\n\t\t\t\t\t<div class=\"elementor-column elementor-col-100 elementor-top-column elementor-element elementor-element-2771273\" data-id=\"2771273\" data-element_type=\"column\">\n\t\t\t<div class=\"elementor-column-wrap elementor-element-populated\">\n\t\t\t\t\t\t\t<div class=\"elementor-widget-wrap\">\n\t\t\t\t\t\t<div class=\"elementor-element elementor-element-24ebf00 elementor-widget elementor-widget-image\" data-id=\"24ebf00\" data-element_type=\"widget\" data-widget_type=\"image.default\">\n\t\t\t\t<div class=\"elementor-widget-container\">\n\t\t\t\t\t<div class=\"elementor-image\">\n\t\t\t\t\t\t\t\t\t\t<img width=\"307\" height=\"196\" src=\"https:\/\/moderniza.me\/casadainformatica\/wp-content\/uploads\/sites\/112\/2023\/05\/Captura-de-tela-2023-05-27-202219.png\" class=\"attachment-large size-large\" alt=\"\" loading=\"lazy\" srcset=\"https:\/\/moderniza.me\/casadainformatica\/wp-content\/uploads\/sites\/112\/2023\/05\/Captura-de-tela-2023-05-27-202219.png 307w, https:\/\/moderniza.me\/casadainformatica\/wp-content\/uploads\/sites\/112\/2023\/05\/Captura-de-tela-2023-05-27-202219-300x192.png 300w\" sizes=\"(max-width: 307px) 100vw, 307px\" \/>\t\t\t\t\t\t\t\t\t\t\t<\/div>\n\t\t\t\t<\/div>\n\t\t\t\t<\/div>\n\t\t\t\t\t\t<\/div>\n\t\t\t\t\t<\/div>\n\t\t<\/div>\n\t\t\t\t\t\t\t\t<\/div>\n\t\t\t\t\t<\/div>\n\t\t<\/section>\n\t\t\t\t\t\t<\/div>\n\t\t\t\t\t\t<\/div>\n\t\t\t\t\t<\/div>\n\t\t","protected":false},"excerpt":{"rendered":"<p>Nossa Hist\u00f3ria : Desde de 2005, no mercado investindo em inova\u00e7\u00e3o e qualidade na presta\u00e7\u00e3o de servi\u00e7os, oferecendo as melhores solu\u00e7\u00f5es para voc\u00ea e sua empresa.\u00a0 \u00a0 Nossa miss\u00e3o \u00e9 proporcionar aos nossos clientes, solu\u00e7\u00f5es completas para automatizar seu neg\u00f3cio ajudando a simplificar seus processos, colocando a disposi\u00e7\u00e3o todo o&hellip; <\/p>\n","protected":false},"author":5,"featured_media":0,"parent":0,"menu_order":0,"comment_status":"closed","ping_status":"closed","template":"","meta":[],"yoast_head":"<!-- This site is optimized with the Yoast SEO plugin v15.7 - https:\/\/yoast.com\/wordpress\/plugins\/seo\/ -->\n<title>Sobre N\u00f3s - Casa da Inform\u00e1tica<\/title>\n<meta name=\"robots\" content=\"index, follow, max-snippet:-1, max-image-preview:large, max-video-preview:-1\" \/>\n<link rel=\"canonical\" href=\"https:\/\/moderniza.me\/casadainformatica\/sobre-nos\/\" \/>\n<meta property=\"og:locale\" content=\"pt_BR\" \/>\n<meta property=\"og:type\" content=\"article\" \/>\n<meta property=\"og:title\" content=\"Sobre N\u00f3s - Casa da Inform\u00e1tica\" \/>\n<meta property=\"og:description\" content=\"Nossa Hist\u00f3ria : Desde de 2005, no mercado investindo em inova\u00e7\u00e3o e qualidade na presta\u00e7\u00e3o de servi\u00e7os, oferecendo as melhores solu\u00e7\u00f5es para voc\u00ea e sua empresa.\u00a0 \u00a0 Nossa miss\u00e3o \u00e9 proporcionar aos nossos clientes, solu\u00e7\u00f5es completas para automatizar seu neg\u00f3cio ajudando a simplificar seus processos, colocando a disposi\u00e7\u00e3o todo o&hellip;\" \/>\n<meta property=\"og:url\" content=\"https:\/\/moderniza.me\/casadainformatica\/sobre-nos\/\" \/>\n<meta property=\"og:site_name\" content=\"Casa da Inform\u00e1tica\" \/>\n<meta property=\"article:modified_time\" content=\"2026-04-03T21:33:52+00:00\" \/>\n<meta property=\"og:image\" content=\"https:\/\/moderniza.me\/casadainformatica\/wp-content\/uploads\/sites\/112\/2023\/05\/Captura-de-tela-2023-05-27-202123.png\" \/>\n<meta name=\"twitter:card\" content=\"summary_large_image\" \/>\n<meta name=\"twitter:label1\" content=\"Est. reading time\">\n\t<meta name=\"twitter:data1\" content=\"2 minutos\">\n<script type=\"application\/ld+json\" class=\"yoast-schema-graph\">{\"@context\":\"https:\/\/schema.org\",\"@graph\":[{\"@type\":\"WebSite\",\"@id\":\"https:\/\/moderniza.me\/casadainformatica\/#website\",\"url\":\"https:\/\/moderniza.me\/casadainformatica\/\",\"name\":\"Casa da Inform\\u00e1tica\",\"description\":\"Compre Online de Lojas Locais\",\"potentialAction\":[{\"@type\":\"SearchAction\",\"target\":\"https:\/\/moderniza.me\/casadainformatica\/?s={search_term_string}\",\"query-input\":\"required name=search_term_string\"}],\"inLanguage\":\"pt-BR\"},{\"@type\":\"ImageObject\",\"@id\":\"https:\/\/moderniza.me\/casadainformatica\/sobre-nos\/#primaryimage\",\"inLanguage\":\"pt-BR\",\"url\":\"https:\/\/moderniza.me\/casadainformatica\/wp-content\/uploads\/sites\/112\/2023\/05\/Captura-de-tela-2023-05-27-202123.png\",\"width\":332,\"height\":624},{\"@type\":\"WebPage\",\"@id\":\"https:\/\/moderniza.me\/casadainformatica\/sobre-nos\/#webpage\",\"url\":\"https:\/\/moderniza.me\/casadainformatica\/sobre-nos\/\",\"name\":\"Sobre N\\u00f3s - Casa da Inform\\u00e1tica\",\"isPartOf\":{\"@id\":\"https:\/\/moderniza.me\/casadainformatica\/#website\"},\"primaryImageOfPage\":{\"@id\":\"https:\/\/moderniza.me\/casadainformatica\/sobre-nos\/#primaryimage\"},\"datePublished\":\"2019-04-18T14:16:34+00:00\",\"dateModified\":\"2026-04-03T21:33:52+00:00\",\"inLanguage\":\"pt-BR\",\"potentialAction\":[{\"@type\":\"ReadAction\",\"target\":[\"https:\/\/moderniza.me\/casadainformatica\/sobre-nos\/\"]}]}]}<\/script>\n<!-- \/ Yoast SEO plugin. -->","_links":{"self":[{"href":"https:\/\/moderniza.me\/casadainformatica\/wp-json\/wp\/v2\/pages\/438"}],"collection":[{"href":"https:\/\/moderniza.me\/casadainformatica\/wp-json\/wp\/v2\/pages"}],"about":[{"href":"https:\/\/moderniza.me\/casadainformatica\/wp-json\/wp\/v2\/types\/page"}],"author":[{"embeddable":true,"href":"https:\/\/moderniza.me\/casadainformatica\/wp-json\/wp\/v2\/users\/5"}],"replies":[{"embeddable":true,"href":"https:\/\/moderniza.me\/casadainformatica\/wp-json\/wp\/v2\/comments?post=438"}],"version-history":[{"count":53,"href":"https:\/\/moderniza.me\/casadainformatica\/wp-json\/wp\/v2\/pages\/438\/revisions"}],"predecessor-version":[{"id":1582,"href":"https:\/\/moderniza.me\/casadainformatica\/wp-json\/wp\/v2\/pages\/438\/revisions\/1582"}],"wp:attachment":[{"href":"https:\/\/moderniza.me\/casadainformatica\/wp-json\/wp\/v2\/media?parent=438"}],"curies":[{"name":"wp","href":"https:\/\/api.w.org\/{rel}","templated":true}]}}