
{"id":1267,"date":"2023-08-15T13:18:18","date_gmt":"2023-08-15T16:18:18","guid":{"rendered":"https:\/\/moderniza.me\/casadainformatica\/?page_id=1267"},"modified":"2023-08-15T13:24:47","modified_gmt":"2023-08-15T16:24:47","slug":"formas-de-envio","status":"publish","type":"page","link":"https:\/\/moderniza.me\/casadainformatica\/formas-de-envio\/","title":{"rendered":"FORMAS DE ENVIO"},"content":{"rendered":"\t\t<div data-elementor-type=\"wp-page\" data-elementor-id=\"1267\" class=\"elementor elementor-1267\" data-elementor-settings=\"[]\">\n\t\t\t\t\t\t<div class=\"elementor-inner\">\n\t\t\t\t\t\t\t<div class=\"elementor-section-wrap\">\n\t\t\t\t\t\t\t<section class=\"elementor-section elementor-top-section elementor-element elementor-element-5ac4fb1 elementor-section-boxed elementor-section-height-default elementor-section-height-default\" data-id=\"5ac4fb1\" data-element_type=\"section\">\n\t\t\t\t\t\t<div class=\"elementor-container elementor-column-gap-default\">\n\t\t\t\t\t\t\t<div class=\"elementor-row\">\n\t\t\t\t\t<div class=\"elementor-column elementor-col-100 elementor-top-column elementor-element elementor-element-5d942cc\" data-id=\"5d942cc\" data-element_type=\"column\">\n\t\t\t<div class=\"elementor-column-wrap elementor-element-populated\">\n\t\t\t\t\t\t\t<div class=\"elementor-widget-wrap\">\n\t\t\t\t\t\t<div class=\"elementor-element elementor-element-69c9f2d elementor-widget elementor-widget-text-editor\" data-id=\"69c9f2d\" data-element_type=\"widget\" data-widget_type=\"text-editor.default\">\n\t\t\t\t<div class=\"elementor-widget-container\">\n\t\t\t\t\t<div class=\"elementor-text-editor elementor-clearfix\"><h2>PRAZOS E FORMAS DE ENVIO<\/h2><p><strong><span style=\"color: #000000\">Todos os produtos ser\u00e3o enviados de acordo com a forma escolhida pelo cliente, muito bem embalados para evitar qualquer tipo de dano durante o transporte.<\/span><\/strong><\/p><p><strong><span style=\"color: #000000\">O prazo para a entrega \u00e9 influenciado por dois fatores:<\/span><\/strong><\/p><p><strong><span style=\"color: #000000\">1<\/span><\/strong><span style=\"color: #000000\">) De acordo com a forma de envio escolhida, j\u00e1 que a entrega fica a cargo dos Correios ou Transportadora.<\/span><\/p><p><strong><span style=\"color: #000000\">2)<\/span><\/strong><span style=\"color: #000000\"> De acordo com a disponibilidade do produto em estoque, o prazo de postagem de cada produto est\u00e1 informado no campo disponibilidade, no an\u00fancio do mesmo.<\/span><\/p><p><strong><span style=\"color: #000000\">Exemplo: <\/span><\/strong><span style=\"color: #000000\">2 Dias \u00fateis = produto ser\u00e1 enviado dentro desse prazo, assim que seu pagamento for confirmado ou a verifica\u00e7\u00e3o cadastral ser conclu\u00edda.<\/span><\/p><p><span style=\"color: #000000\">Ap\u00f3s finalizada a postagem, ser\u00e1 informado o c\u00f3digo para rastrear sua Compra atrav\u00e9s do site dos correios ou Transportadora, assim que ela for postada.<\/span><\/p><\/div>\n\t\t\t\t<\/div>\n\t\t\t\t<\/div>\n\t\t\t\t\t\t<\/div>\n\t\t\t\t\t<\/div>\n\t\t<\/div>\n\t\t\t\t\t\t\t\t<\/div>\n\t\t\t\t\t<\/div>\n\t\t<\/section>\n\t\t\t\t\t\t<\/div>\n\t\t\t\t\t\t<\/div>\n\t\t\t\t\t<\/div>\n\t\t","protected":false},"excerpt":{"rendered":"<p>PRAZOS E FORMAS DE ENVIO Todos os produtos ser\u00e3o enviados de acordo com a forma escolhida pelo cliente, muito bem embalados para evitar qualquer tipo de dano durante o transporte. O prazo para a entrega \u00e9 influenciado por dois fatores: 1) De acordo com a forma de envio escolhida, j\u00e1&hellip; <\/p>\n","protected":false},"author":711,"featured_media":0,"parent":0,"menu_order":0,"comment_status":"closed","ping_status":"closed","template":"","meta":[],"yoast_head":"<!-- This site is optimized with the Yoast SEO plugin v15.7 - https:\/\/yoast.com\/wordpress\/plugins\/seo\/ -->\n<title>FORMAS DE ENVIO - Casa da Inform\u00e1tica<\/title>\n<meta name=\"robots\" content=\"index, follow, max-snippet:-1, max-image-preview:large, max-video-preview:-1\" \/>\n<link rel=\"canonical\" href=\"https:\/\/moderniza.me\/casadainformatica\/formas-de-envio\/\" \/>\n<meta property=\"og:locale\" content=\"pt_BR\" \/>\n<meta property=\"og:type\" content=\"article\" \/>\n<meta property=\"og:title\" content=\"FORMAS DE ENVIO - Casa da Inform\u00e1tica\" \/>\n<meta property=\"og:description\" content=\"PRAZOS E FORMAS DE ENVIO Todos os produtos ser\u00e3o enviados de acordo com a forma escolhida pelo cliente, muito bem embalados para evitar qualquer tipo de dano durante o transporte. O prazo para a entrega \u00e9 influenciado por dois fatores: 1) De acordo com a forma de envio escolhida, j\u00e1&hellip;\" \/>\n<meta property=\"og:url\" content=\"https:\/\/moderniza.me\/casadainformatica\/formas-de-envio\/\" \/>\n<meta property=\"og:site_name\" content=\"Casa da Inform\u00e1tica\" \/>\n<meta property=\"article:modified_time\" content=\"2023-08-15T16:24:47+00:00\" \/>\n<meta name=\"twitter:card\" content=\"summary_large_image\" \/>\n<meta name=\"twitter:label1\" content=\"Est. reading time\">\n\t<meta name=\"twitter:data1\" content=\"1 minuto\">\n<script type=\"application\/ld+json\" class=\"yoast-schema-graph\">{\"@context\":\"https:\/\/schema.org\",\"@graph\":[{\"@type\":\"WebSite\",\"@id\":\"https:\/\/moderniza.me\/casadainformatica\/#website\",\"url\":\"https:\/\/moderniza.me\/casadainformatica\/\",\"name\":\"Casa da Inform\\u00e1tica\",\"description\":\"Compre Online de Lojas Locais\",\"potentialAction\":[{\"@type\":\"SearchAction\",\"target\":\"https:\/\/moderniza.me\/casadainformatica\/?s={search_term_string}\",\"query-input\":\"required name=search_term_string\"}],\"inLanguage\":\"pt-BR\"},{\"@type\":\"WebPage\",\"@id\":\"https:\/\/moderniza.me\/casadainformatica\/formas-de-envio\/#webpage\",\"url\":\"https:\/\/moderniza.me\/casadainformatica\/formas-de-envio\/\",\"name\":\"FORMAS DE ENVIO - Casa da Inform\\u00e1tica\",\"isPartOf\":{\"@id\":\"https:\/\/moderniza.me\/casadainformatica\/#website\"},\"datePublished\":\"2023-08-15T16:18:18+00:00\",\"dateModified\":\"2023-08-15T16:24:47+00:00\",\"inLanguage\":\"pt-BR\",\"potentialAction\":[{\"@type\":\"ReadAction\",\"target\":[\"https:\/\/moderniza.me\/casadainformatica\/formas-de-envio\/\"]}]}]}<\/script>\n<!-- \/ Yoast SEO plugin. -->","_links":{"self":[{"href":"https:\/\/moderniza.me\/casadainformatica\/wp-json\/wp\/v2\/pages\/1267"}],"collection":[{"href":"https:\/\/moderniza.me\/casadainformatica\/wp-json\/wp\/v2\/pages"}],"about":[{"href":"https:\/\/moderniza.me\/casadainformatica\/wp-json\/wp\/v2\/types\/page"}],"author":[{"embeddable":true,"href":"https:\/\/moderniza.me\/casadainformatica\/wp-json\/wp\/v2\/users\/711"}],"replies":[{"embeddable":true,"href":"https:\/\/moderniza.me\/casadainformatica\/wp-json\/wp\/v2\/comments?post=1267"}],"version-history":[{"count":3,"href":"https:\/\/moderniza.me\/casadainformatica\/wp-json\/wp\/v2\/pages\/1267\/revisions"}],"predecessor-version":[{"id":1272,"href":"https:\/\/moderniza.me\/casadainformatica\/wp-json\/wp\/v2\/pages\/1267\/revisions\/1272"}],"wp:attachment":[{"href":"https:\/\/moderniza.me\/casadainformatica\/wp-json\/wp\/v2\/media?parent=1267"}],"curies":[{"name":"wp","href":"https:\/\/api.w.org\/{rel}","templated":true}]}}