
{"id":1261,"date":"2023-08-15T13:07:01","date_gmt":"2023-08-15T16:07:01","guid":{"rendered":"https:\/\/moderniza.me\/casadainformatica\/?page_id=1261"},"modified":"2023-08-15T13:11:55","modified_gmt":"2023-08-15T16:11:55","slug":"formas-de-pagamento","status":"publish","type":"page","link":"https:\/\/moderniza.me\/casadainformatica\/formas-de-pagamento\/","title":{"rendered":"Formas de Pagamento"},"content":{"rendered":"\t\t<div data-elementor-type=\"wp-page\" data-elementor-id=\"1261\" class=\"elementor elementor-1261\" data-elementor-settings=\"[]\">\n\t\t\t\t\t\t<div class=\"elementor-inner\">\n\t\t\t\t\t\t\t<div class=\"elementor-section-wrap\">\n\t\t\t\t\t\t\t<section class=\"elementor-section elementor-top-section elementor-element elementor-element-17a47cb elementor-section-boxed elementor-section-height-default elementor-section-height-default\" data-id=\"17a47cb\" data-element_type=\"section\">\n\t\t\t\t\t\t<div class=\"elementor-container elementor-column-gap-default\">\n\t\t\t\t\t\t\t<div class=\"elementor-row\">\n\t\t\t\t\t<div class=\"elementor-column elementor-col-100 elementor-top-column elementor-element elementor-element-f7f491e\" data-id=\"f7f491e\" data-element_type=\"column\">\n\t\t\t<div class=\"elementor-column-wrap elementor-element-populated\">\n\t\t\t\t\t\t\t<div class=\"elementor-widget-wrap\">\n\t\t\t\t\t\t<div class=\"elementor-element elementor-element-a84a1a8 elementor-widget elementor-widget-text-editor\" data-id=\"a84a1a8\" data-element_type=\"widget\" data-widget_type=\"text-editor.default\">\n\t\t\t\t<div class=\"elementor-widget-container\">\n\t\t\t\t\t<div class=\"elementor-text-editor elementor-clearfix\"><p><span style=\"color: #000000\"><strong>Nossa loja aceita pagamentos via Safe2pay<\/strong> , onde Trabalhamos com diversas formas de pagamento &#8211; Todas as formas de pagamento e prazos n\u00e3o consideram S\u00e1bados, Domingos e feriados. Se sua compra for feita ap\u00f3s as 18:00Hrs, considere contagem do prazo no dia \u00fatil seguinte.<\/span><\/p><p><br \/><span style=\"color: #000000\"><strong>PIX:<\/strong><\/span><br \/><span style=\"color: #000000\">-Compras feitas via pix o pagamento ocorre no mesmo dia , ent\u00e3o de preferencia a esta op\u00e7\u00e3o<\/span><\/p><p><br \/><span style=\"color: #000000\"><strong>CART\u00c3O DE CR\u00c9DITO:<\/strong><\/span><br \/><span style=\"color: #000000\">Op\u00e7\u00e3o ideal para parcelar suas compras<\/span><\/p><p><span style=\"color: #000000\">&#8211; O prazo para processamento de compras por cart\u00e3o de cr\u00e9dito leva de 1 at\u00e9 3 dias \u00fateis, quando o cart\u00e3o est\u00e1 no mesmo nome do comprador.<\/span><\/p><p><span style=\"color: #000000\"><strong>OBSERVA\u00c7\u00c3O:<\/strong> Compras com cart\u00f5es de terceiros o prazo poder\u00e1 ser estendido conforme necessidade de tempo para confirma\u00e7\u00e3o da compra.<\/span><\/p><p><span style=\"color: #000000\">&#8211; Pagamentos via cart\u00e3o de cr\u00e9dito est\u00e3o sujeitos a verifica\u00e7\u00e3o cadastral de seguran\u00e7a de acordo com normas estabelecidas pelas operadoras de cart\u00f5es de cr\u00e9dito. Compras com cart\u00e3o est\u00e3o sujeitas a solicita\u00e7\u00e3o de documentos para comprova\u00e7\u00e3o de dados.<\/span><br \/><span style=\"color: #000000\">&#8211; N\u00e3o efetuamos envios para Caixa Postal ou posta restante em nenhuma circunst\u00e2ncia com pagamentos via cart\u00e3o de cr\u00e9dito. Compras com cart\u00f5es de terceiros est\u00e3o sujeitas a confer\u00eancia de endere\u00e7o de entrega. Nos reservamos o direito de cancelar o pedido em caso de diverg\u00eancias cadastrais.<\/span><\/p><p><br \/><span style=\"color: #000000\">&#8211; <strong>TODAS AS COMPRAS FEITAS COM CART\u00c3O EST\u00c3O SUJEITA A ANALISE.<\/strong><\/span><\/p><p><span style=\"color: #000000\"><strong>BOLETO BANC\u00c1RIO:<\/strong>Op\u00e7\u00e3o v\u00e1lida apenas para pagamento \u00e0 vista. Acrescente 24hrs \u00fateis ao prazo de entrega informado no site, pois esse \u00e9 o prazo estipulado pelo banco para disponibilizar a confirma\u00e7\u00e3o de pagamento do boleto. N\u00e3o efetue o pagamento de boleto com cheque<\/span><\/p><\/div>\n\t\t\t\t<\/div>\n\t\t\t\t<\/div>\n\t\t\t\t\t\t<\/div>\n\t\t\t\t\t<\/div>\n\t\t<\/div>\n\t\t\t\t\t\t\t\t<\/div>\n\t\t\t\t\t<\/div>\n\t\t<\/section>\n\t\t\t\t\t\t<\/div>\n\t\t\t\t\t\t<\/div>\n\t\t\t\t\t<\/div>\n\t\t","protected":false},"excerpt":{"rendered":"<p>Nossa loja aceita pagamentos via Safe2pay , onde Trabalhamos com diversas formas de pagamento &#8211; Todas as formas de pagamento e prazos n\u00e3o consideram S\u00e1bados, Domingos e feriados. Se sua compra for feita ap\u00f3s as 18:00Hrs, considere contagem do prazo no dia \u00fatil seguinte. PIX:-Compras feitas via pix o pagamento&hellip; <\/p>\n","protected":false},"author":711,"featured_media":0,"parent":0,"menu_order":0,"comment_status":"closed","ping_status":"closed","template":"","meta":[],"yoast_head":"<!-- This site is optimized with the Yoast SEO plugin v15.7 - https:\/\/yoast.com\/wordpress\/plugins\/seo\/ -->\n<title>Formas de Pagamento - Casa da Inform\u00e1tica<\/title>\n<meta name=\"robots\" content=\"index, follow, max-snippet:-1, max-image-preview:large, max-video-preview:-1\" \/>\n<link rel=\"canonical\" href=\"https:\/\/moderniza.me\/casadainformatica\/formas-de-pagamento\/\" \/>\n<meta property=\"og:locale\" content=\"pt_BR\" \/>\n<meta property=\"og:type\" content=\"article\" \/>\n<meta property=\"og:title\" content=\"Formas de Pagamento - Casa da Inform\u00e1tica\" \/>\n<meta property=\"og:description\" content=\"Nossa loja aceita pagamentos via Safe2pay , onde Trabalhamos com diversas formas de pagamento &#8211; Todas as formas de pagamento e prazos n\u00e3o consideram S\u00e1bados, Domingos e feriados. Se sua compra for feita ap\u00f3s as 18:00Hrs, considere contagem do prazo no dia \u00fatil seguinte. PIX:-Compras feitas via pix o pagamento&hellip;\" \/>\n<meta property=\"og:url\" content=\"https:\/\/moderniza.me\/casadainformatica\/formas-de-pagamento\/\" \/>\n<meta property=\"og:site_name\" content=\"Casa da Inform\u00e1tica\" \/>\n<meta property=\"article:modified_time\" content=\"2023-08-15T16:11:55+00:00\" \/>\n<meta name=\"twitter:card\" content=\"summary_large_image\" \/>\n<meta name=\"twitter:label1\" content=\"Est. reading time\">\n\t<meta name=\"twitter:data1\" content=\"2 minutos\">\n<script type=\"application\/ld+json\" class=\"yoast-schema-graph\">{\"@context\":\"https:\/\/schema.org\",\"@graph\":[{\"@type\":\"WebSite\",\"@id\":\"https:\/\/moderniza.me\/casadainformatica\/#website\",\"url\":\"https:\/\/moderniza.me\/casadainformatica\/\",\"name\":\"Casa da Inform\\u00e1tica\",\"description\":\"Compre Online de Lojas Locais\",\"potentialAction\":[{\"@type\":\"SearchAction\",\"target\":\"https:\/\/moderniza.me\/casadainformatica\/?s={search_term_string}\",\"query-input\":\"required name=search_term_string\"}],\"inLanguage\":\"pt-BR\"},{\"@type\":\"WebPage\",\"@id\":\"https:\/\/moderniza.me\/casadainformatica\/formas-de-pagamento\/#webpage\",\"url\":\"https:\/\/moderniza.me\/casadainformatica\/formas-de-pagamento\/\",\"name\":\"Formas de Pagamento - Casa da Inform\\u00e1tica\",\"isPartOf\":{\"@id\":\"https:\/\/moderniza.me\/casadainformatica\/#website\"},\"datePublished\":\"2023-08-15T16:07:01+00:00\",\"dateModified\":\"2023-08-15T16:11:55+00:00\",\"inLanguage\":\"pt-BR\",\"potentialAction\":[{\"@type\":\"ReadAction\",\"target\":[\"https:\/\/moderniza.me\/casadainformatica\/formas-de-pagamento\/\"]}]}]}<\/script>\n<!-- \/ Yoast SEO plugin. -->","_links":{"self":[{"href":"https:\/\/moderniza.me\/casadainformatica\/wp-json\/wp\/v2\/pages\/1261"}],"collection":[{"href":"https:\/\/moderniza.me\/casadainformatica\/wp-json\/wp\/v2\/pages"}],"about":[{"href":"https:\/\/moderniza.me\/casadainformatica\/wp-json\/wp\/v2\/types\/page"}],"author":[{"embeddable":true,"href":"https:\/\/moderniza.me\/casadainformatica\/wp-json\/wp\/v2\/users\/711"}],"replies":[{"embeddable":true,"href":"https:\/\/moderniza.me\/casadainformatica\/wp-json\/wp\/v2\/comments?post=1261"}],"version-history":[{"count":3,"href":"https:\/\/moderniza.me\/casadainformatica\/wp-json\/wp\/v2\/pages\/1261\/revisions"}],"predecessor-version":[{"id":1266,"href":"https:\/\/moderniza.me\/casadainformatica\/wp-json\/wp\/v2\/pages\/1261\/revisions\/1266"}],"wp:attachment":[{"href":"https:\/\/moderniza.me\/casadainformatica\/wp-json\/wp\/v2\/media?parent=1261"}],"curies":[{"name":"wp","href":"https:\/\/api.w.org\/{rel}","templated":true}]}}