
{"id":479,"date":"2020-06-23T13:55:06","date_gmt":"2020-06-23T16:55:06","guid":{"rendered":"https:\/\/moderniza.me\/bury\/?page_id=479"},"modified":"2020-06-23T13:55:33","modified_gmt":"2020-06-23T16:55:33","slug":"prazos-de-entrega","status":"publish","type":"page","link":"https:\/\/moderniza.me\/bury\/prazos-de-entrega\/","title":{"rendered":"Prazos de Entrega"},"content":{"rendered":"<p>Prazos de Entrega;<\/p>\n<p>-Retirada na loja : Retirada ap\u00f3s 24 horas, basta somente direcionar-se at\u00e9 nossa loja para retirar sua compra.<br \/>\n-Envio pelos correios: O prazo de entrega varia de acordo com cada CEP e a op\u00e7\u00e3o de frete escolhida. Voc\u00ea pode consultar os prazos dispon\u00edveis para o endere\u00e7o de entrega ao realizar o seu pedido. Basta colocar um produto em seu carrinho e selecionar \u201cMudar Endere\u00e7o\u201d, onde dever\u00e1 inserir o CEP de seu domic\u00edlio de entrega. Ser\u00e3o exibidas automaticamente as op\u00e7\u00f5es de frete dispon\u00edveis para o seu pedido. \u00c9 s\u00f3 escolher a que mais se ad\u00e9qua \u00e0 sua necessidade!<br \/>\n-Valor do frete: O frete \u00e9 calculado conforme seu CEP, diretamente no site. Caso voc\u00ea queira que seu pedido seja entregue ainda mais r\u00e1pido do que nossa entrega normal, consulte as op\u00e7\u00f5es de frete dispon\u00edveis para o seu CEP.<\/p>\n<p>&nbsp;<\/p>\n<p>Importante;<br \/>\n\u2013 Para os tipos de frete a data do pedido n\u00e3o conta no c\u00e1lculo do prazo de entrega, e sim a data da confirma\u00e7\u00e3o do pagamento. Seu pedido ser\u00e1 enviado em at\u00e9 dias \u00fateis ap\u00f3s a confirma\u00e7\u00e3o de pagamento. Este prazo pode ser alterado em per\u00edodos de campanhas espec\u00edficas.<br \/>\n\u2013 As datas de entrega s\u00e3o uma estimativa e podem haver pequenos atraso devido \u00e0 fatores externos tais como chuvas em excesso e \u00e1reas de risco extremo.<br \/>\n\u2013 Ser\u00e3o realizadas at\u00e9 3 tentativas de entregas, e caso nenhuma delas tenha sucesso a sua encomenda poder\u00e1 ficar aguardando retirada em uma ag\u00eancia ou ser devolvida para a Loja Bury.<\/p>\n","protected":false},"excerpt":{"rendered":"<p>Prazos de Entrega; -Retirada na loja : Retirada ap\u00f3s 24 horas, basta somente direcionar-se at\u00e9 nossa loja para retirar sua&hellip;<\/p>\n","protected":false},"author":13,"featured_media":0,"parent":0,"menu_order":0,"comment_status":"closed","ping_status":"closed","template":"","meta":[],"yoast_head":"<!-- This site is optimized with the Yoast SEO plugin v15.7 - https:\/\/yoast.com\/wordpress\/plugins\/seo\/ -->\n<title>Prazos de Entrega -<\/title>\n<meta name=\"robots\" content=\"index, follow, max-snippet:-1, max-image-preview:large, max-video-preview:-1\" \/>\n<link rel=\"canonical\" href=\"https:\/\/moderniza.me\/bury\/prazos-de-entrega\/\" \/>\n<meta name=\"twitter:card\" content=\"summary_large_image\" \/>\n<meta name=\"twitter:title\" content=\"Prazos de Entrega -\" \/>\n<meta name=\"twitter:description\" content=\"Prazos de Entrega; -Retirada na loja : Retirada ap\u00f3s 24 horas, basta somente direcionar-se at\u00e9 nossa loja para retirar sua&hellip;\" \/>\n<meta name=\"twitter:label1\" content=\"Est. reading time\">\n\t<meta name=\"twitter:data1\" content=\"1 minuto\">\n<script type=\"application\/ld+json\" class=\"yoast-schema-graph\">{\"@context\":\"https:\/\/schema.org\",\"@graph\":[{\"@type\":\"WebSite\",\"@id\":\"https:\/\/moderniza.me\/bury\/#website\",\"url\":\"https:\/\/moderniza.me\/bury\/\",\"name\":\"\",\"description\":\"\",\"potentialAction\":[{\"@type\":\"SearchAction\",\"target\":\"https:\/\/moderniza.me\/bury\/?s={search_term_string}\",\"query-input\":\"required name=search_term_string\"}],\"inLanguage\":\"pt-BR\"},{\"@type\":\"WebPage\",\"@id\":\"https:\/\/moderniza.me\/bury\/prazos-de-entrega\/#webpage\",\"url\":\"https:\/\/moderniza.me\/bury\/prazos-de-entrega\/\",\"name\":\"Prazos de Entrega -\",\"isPartOf\":{\"@id\":\"https:\/\/moderniza.me\/bury\/#website\"},\"datePublished\":\"2020-06-23T16:55:06+00:00\",\"dateModified\":\"2020-06-23T16:55:33+00:00\",\"inLanguage\":\"pt-BR\",\"potentialAction\":[{\"@type\":\"ReadAction\",\"target\":[\"https:\/\/moderniza.me\/bury\/prazos-de-entrega\/\"]}]}]}<\/script>\n<!-- \/ Yoast SEO plugin. -->","_links":{"self":[{"href":"https:\/\/moderniza.me\/bury\/wp-json\/wp\/v2\/pages\/479"}],"collection":[{"href":"https:\/\/moderniza.me\/bury\/wp-json\/wp\/v2\/pages"}],"about":[{"href":"https:\/\/moderniza.me\/bury\/wp-json\/wp\/v2\/types\/page"}],"author":[{"embeddable":true,"href":"https:\/\/moderniza.me\/bury\/wp-json\/wp\/v2\/users\/13"}],"replies":[{"embeddable":true,"href":"https:\/\/moderniza.me\/bury\/wp-json\/wp\/v2\/comments?post=479"}],"version-history":[{"count":1,"href":"https:\/\/moderniza.me\/bury\/wp-json\/wp\/v2\/pages\/479\/revisions"}],"predecessor-version":[{"id":480,"href":"https:\/\/moderniza.me\/bury\/wp-json\/wp\/v2\/pages\/479\/revisions\/480"}],"wp:attachment":[{"href":"https:\/\/moderniza.me\/bury\/wp-json\/wp\/v2\/media?parent=479"}],"curies":[{"name":"wp","href":"https:\/\/api.w.org\/{rel}","templated":true}]}}