
{"id":475,"date":"2020-06-10T14:13:58","date_gmt":"2020-06-10T17:13:58","guid":{"rendered":"https:\/\/moderniza.me\/bury\/?page_id=475"},"modified":"2022-03-17T16:19:19","modified_gmt":"2022-03-17T19:19:19","slug":"formas-de-pagamento","status":"publish","type":"page","link":"https:\/\/moderniza.me\/bury\/formas-de-pagamento\/","title":{"rendered":"Formas de Pagamento"},"content":{"rendered":"<p>Pagamento;<br \/>\nComprar na Bury Inform\u00e1tica \u00e9 muito f\u00e1cil e totalmente seguro. Possu\u00edmos uma parceria com o PayPal, o qual aceita as formas mais pr\u00e1ticas e seguras de pagamento. A prote\u00e7\u00e3o e o sigilo da sua compra \u00e9 nossa prioridade.<\/p>\n<p>&nbsp;<\/p>\n","protected":false},"excerpt":{"rendered":"<p>Pagamento; Comprar na Bury Inform\u00e1tica \u00e9 muito f\u00e1cil e totalmente seguro. Possu\u00edmos uma parceria com o PayPal, o qual aceita&hellip;<\/p>\n","protected":false},"author":13,"featured_media":0,"parent":0,"menu_order":0,"comment_status":"closed","ping_status":"closed","template":"","meta":[],"yoast_head":"<!-- This site is optimized with the Yoast SEO plugin v15.7 - https:\/\/yoast.com\/wordpress\/plugins\/seo\/ -->\n<title>Formas de Pagamento -<\/title>\n<meta name=\"robots\" content=\"index, follow, max-snippet:-1, max-image-preview:large, max-video-preview:-1\" \/>\n<link rel=\"canonical\" href=\"https:\/\/moderniza.me\/bury\/formas-de-pagamento\/\" \/>\n<meta name=\"twitter:card\" content=\"summary_large_image\" \/>\n<meta name=\"twitter:title\" content=\"Formas de Pagamento -\" \/>\n<meta name=\"twitter:description\" content=\"Pagamento; Comprar na Bury Inform\u00e1tica \u00e9 muito f\u00e1cil e totalmente seguro. Possu\u00edmos uma parceria com o PayPal, o qual aceita&hellip;\" \/>\n<meta name=\"twitter:label1\" content=\"Est. reading time\">\n\t<meta name=\"twitter:data1\" content=\"1 minuto\">\n<script type=\"application\/ld+json\" class=\"yoast-schema-graph\">{\"@context\":\"https:\/\/schema.org\",\"@graph\":[{\"@type\":\"WebSite\",\"@id\":\"https:\/\/moderniza.me\/bury\/#website\",\"url\":\"https:\/\/moderniza.me\/bury\/\",\"name\":\"\",\"description\":\"\",\"potentialAction\":[{\"@type\":\"SearchAction\",\"target\":\"https:\/\/moderniza.me\/bury\/?s={search_term_string}\",\"query-input\":\"required name=search_term_string\"}],\"inLanguage\":\"pt-BR\"},{\"@type\":\"WebPage\",\"@id\":\"https:\/\/moderniza.me\/bury\/formas-de-pagamento\/#webpage\",\"url\":\"https:\/\/moderniza.me\/bury\/formas-de-pagamento\/\",\"name\":\"Formas de Pagamento -\",\"isPartOf\":{\"@id\":\"https:\/\/moderniza.me\/bury\/#website\"},\"datePublished\":\"2020-06-10T17:13:58+00:00\",\"dateModified\":\"2022-03-17T19:19:19+00:00\",\"inLanguage\":\"pt-BR\",\"potentialAction\":[{\"@type\":\"ReadAction\",\"target\":[\"https:\/\/moderniza.me\/bury\/formas-de-pagamento\/\"]}]}]}<\/script>\n<!-- \/ Yoast SEO plugin. -->","_links":{"self":[{"href":"https:\/\/moderniza.me\/bury\/wp-json\/wp\/v2\/pages\/475"}],"collection":[{"href":"https:\/\/moderniza.me\/bury\/wp-json\/wp\/v2\/pages"}],"about":[{"href":"https:\/\/moderniza.me\/bury\/wp-json\/wp\/v2\/types\/page"}],"author":[{"embeddable":true,"href":"https:\/\/moderniza.me\/bury\/wp-json\/wp\/v2\/users\/13"}],"replies":[{"embeddable":true,"href":"https:\/\/moderniza.me\/bury\/wp-json\/wp\/v2\/comments?post=475"}],"version-history":[{"count":4,"href":"https:\/\/moderniza.me\/bury\/wp-json\/wp\/v2\/pages\/475\/revisions"}],"predecessor-version":[{"id":690,"href":"https:\/\/moderniza.me\/bury\/wp-json\/wp\/v2\/pages\/475\/revisions\/690"}],"wp:attachment":[{"href":"https:\/\/moderniza.me\/bury\/wp-json\/wp\/v2\/media?parent=475"}],"curies":[{"name":"wp","href":"https:\/\/api.w.org\/{rel}","templated":true}]}}